{"id":3571,"date":"2024-03-07T16:07:17","date_gmt":"2024-03-07T15:07:17","guid":{"rendered":"https:\/\/jg-dortmund.de\/?page_id=3571"},"modified":"2024-03-07T16:14:20","modified_gmt":"2024-03-07T15:14:20","slug":"senioren","status":"publish","type":"page","link":"https:\/\/jg-dortmund.de\/ru\/senioren","title":{"rendered":"\u0421\u0435\u043d\u0438\u043e\u0440\u044b"},"content":{"rendered":"<div id=\"post-grid-lazy-3573\" class=\"post-grid-lazy\"><img decoding=\"async\" alt=\"\" src=\"\" \/><\/div>\n    <script>\n      jQuery('#post-grid-lazy-3573').ready(function($) {\n        $('#post-grid-lazy-3573').fadeOut();\n        $('#post-grid-3573   ').fadeIn();\n      })\n    <\/script>\n    <style type=\"text\/css\">\n      #post-grid-3573 {\n        display: none;\n      }\n\n      .post-grid-lazy {\n        text-align: center;\n      }\n    <\/style>\n    <div data-options='{&quot;id&quot;:&quot;3573&quot;,&quot;lazy_load&quot;:&quot;yes&quot;,&quot;masonry_enable&quot;:&quot;no&quot;,&quot;view_type&quot;:&quot;grid&quot;,&quot;no_posts_text&quot;:&quot;&quot;}' id=\"post-grid-3573\" class=\"post-grid grid\">\n    \n\n\n    <div class=\"grid-items\">\n      <div class=\"item item-1297 skin flat even 0 \">\n        <div class=\"layer-wrapper layout-2118\">\n          <div class=\"layer-media element_1587187627902\"\r\n        id=\"\">\r\n        <div\r\n        class=\"element element_1587190790308  element-media \">\r\n        <a target=\"_self\" href=\"https:\/\/jg-dortmund.de\/ru\/freizeitangebote\"><img loading=\"lazy\" decoding=\"async\" width=\"940\" height=\"742\" src=\"https:\/\/jg-dortmund.de\/wp-content\/uploads\/2017\/09\/begegnungsstaette-940x742.jpg\" class=\"attachment-large size-large wp-post-image\" alt=\"\" \/><\/a>    <\/div>\r\n    <\/div>\r\n    <div class=\"layer-content element_1587187714568\"\r\n        id=\"\">\r\n        <div class=\"element element_1587187895341  title \">\r\n                    <a target=\"_blank\"\r\n                href=\"https:\/\/jg-dortmund.de\/ru\/freizeitangebote\">\u041a\u043b\u0443\u0431\u044b \u0432\u0441\u0442\u0440\u0435\u0447 50+<\/a>\r\n            <\/div>\r\n    <\/div>\r\n    <\/div>\n  <\/div>    <\/div>\n    <div class=\"pagination\">\n      <div class=\"paginate\">\n      <\/div>\n  <style type=\"text\/css\">\n    #post-grid-3573 .pagination .page-numbers {\n      font-size: 16px;\n      color: #fff;\n      background: #646464;\n    }\n\n    #post-grid-3573 .pagination .page-numbers:hover,\n    #post-grid-3573 .pagination .page-numbers.current {\n      background: #4b4b4b;\n    }\n  <\/style>\n  <\/div>\n        <style type=\"text\/css\">\r\n            .layout-2118 .element_1587187627902 {\r\n                            }\r\n\r\n                    <\/style>\r\n        <style type=\"text\/css\">\r\n        .layout-2118 .element_1587190790308 {\r\n            overflow: hidden;\r\n                    }\r\n\r\n        .layout-2118 .element_1587190790308 img {\r\n            max-width: 100%;\r\n            height: auto;\r\n        }\r\n\r\n        @media only screen and (min-width: 1024px) {\r\n            .layout-2118 .element_1587190790308 {\r\n                height: auto;\r\n                            }\r\n        }\r\n\r\n        @media only screen and (min-width: 768px) and (max-width: 1023px) {\r\n            .layout-2118 .element_1587190790308 {\r\n                height: auto;\r\n                            }\r\n        }\r\n\r\n        @media only screen and (min-width: 0px) and (max-width: 767px) {\r\n            .layout-2118 .element_1587190790308 {\r\n                height: auto;\r\n                            }\r\n        }\r\n    <\/style>\r\n        <style type=\"text\/css\">\r\n            .layout-2118 .element_1587187714568 {\r\n                            }\r\n\r\n                    <\/style>\r\n        <style type=\"text\/css\">\r\n        .layout-2118 .element_1587187895341 {\r\n            font-size: 18px;\r\n            margin: 5px 0;\r\n            text-align: center;\r\n                    }\r\n\r\n        .layout-2118 .element_1587187895341 a {\r\n            font-size: 18px;\r\n            margin: 5px 0;\r\n            text-align: center;\r\n                    }\r\n    <\/style>\r\n        <style type=\"text\/css\">\n      .layout-2118 a{text-decoration:none}.layout-2118{vertical-align:top}.layout-2118 .layer-content{padding:10px}    <\/style>\n    <script>\n          <\/script>\n    <style type=\"text\/css\">\n    #post-grid-3573 {\n          }\n\n    #post-grid-3573 .item {\n      padding: 0px;\n      background: #fff;\n          }\n\n    #post-grid-3573 .item .layer-media {\n      height:auto;    }\n\n    @media only screen and (min-width: 0px) and (max-width: 767px) {\n      #post-grid-3573 .grid-items {\n        display: grid;\n        grid-template-columns: 1fr ;\n        column-gap: 10px;\n        row-gap: 10px;\n              }\n\n      #post-grid-3573 .item {\n        height:auto;      }\n    }\n\n    @media only screen and (min-width: 768px) and (max-width: 1023px) {\n      #post-grid-3573 .grid-items {\n        display: grid;\n        grid-template-columns: 1fr 1fr ;\n        column-gap: 10px;\n        row-gap: 10px;\n              }\n\n      #post-grid-3573 .item {\n        max-height:auto;      }\n    }\n\n    @media only screen and (min-width: 1024px) {\n      #post-grid-3573 .grid-items {\n        display: grid;\n        grid-template-columns: 1fr 1fr 1fr ;\n        column-gap: 10px;\n        row-gap: 10px;\n              }\n\n      #post-grid-3573 .item {\n        height:auto;      }\n    }\n\n      <\/style>\n  <\/div>","protected":false},"excerpt":{"rendered":"","protected":false},"author":1,"featured_media":3577,"parent":0,"menu_order":0,"comment_status":"closed","ping_status":"closed","template":"","meta":{"ngg_post_thumbnail":0,"footnotes":""},"class_list":["post-3571","page","type-page","status-publish","has-post-thumbnail","hentry"],"yoast_head":"<!-- This site is optimized with the Yoast SEO plugin v27.5 - https:\/\/yoast.com\/product\/yoast-seo-wordpress\/ -->\n<title>\u0421\u0435\u043d\u0438\u043e\u0440\u044b - JKGD<\/title>\n<meta name=\"robots\" content=\"index, follow, max-snippet:-1, max-image-preview:large, max-video-preview:-1\" \/>\n<link rel=\"canonical\" href=\"https:\/\/jg-dortmund.de\/senioren\" \/>\n<meta property=\"og:locale\" content=\"ru_RU\" \/>\n<meta property=\"og:type\" content=\"article\" \/>\n<meta property=\"og:title\" content=\"[:de]Senioren[:ru]\u0421\u0435\u043d\u0438\u043e\u0440\u044b[:] - JKGD\" \/>\n<meta property=\"og:url\" content=\"https:\/\/jg-dortmund.de\/senioren\" \/>\n<meta property=\"og:site_name\" content=\"JKGD\" \/>\n<meta property=\"article:modified_time\" content=\"2024-03-07T15:14:20+00:00\" \/>\n<meta property=\"og:image\" content=\"https:\/\/jg-dortmund.de\/wp-content\/uploads\/2024\/03\/begegnungsstaette-sm.jpg\" \/>\n\t<meta property=\"og:image:width\" content=\"235\" \/>\n\t<meta property=\"og:image:height\" content=\"185\" \/>\n\t<meta property=\"og:image:type\" content=\"image\/jpeg\" \/>\n<meta name=\"twitter:card\" content=\"summary_large_image\" \/>\n<meta name=\"twitter:label1\" content=\"\u041f\u0440\u0438\u043c\u0435\u0440\u043d\u043e\u0435 \u0432\u0440\u0435\u043c\u044f \u0434\u043b\u044f \u0447\u0442\u0435\u043d\u0438\u044f\" \/>\n\t<meta name=\"twitter:data1\" content=\"1 \u043c\u0438\u043d\u0443\u0442\u0430\" \/>\n<script type=\"application\/ld+json\" class=\"yoast-schema-graph\">{\"@context\":\"https:\\\/\\\/schema.org\",\"@graph\":[{\"@type\":\"WebPage\",\"@id\":\"https:\\\/\\\/jg-dortmund.de\\\/senioren\",\"url\":\"https:\\\/\\\/jg-dortmund.de\\\/senioren\",\"name\":\"[:de]Senioren[:ru]\u0421\u0435\u043d\u0438\u043e\u0440\u044b[:] - JKGD\",\"isPartOf\":{\"@id\":\"https:\\\/\\\/jg-dortmund.de\\\/de\\\/#website\"},\"primaryImageOfPage\":{\"@id\":\"https:\\\/\\\/jg-dortmund.de\\\/senioren#primaryimage\"},\"image\":{\"@id\":\"https:\\\/\\\/jg-dortmund.de\\\/senioren#primaryimage\"},\"thumbnailUrl\":\"https:\\\/\\\/jg-dortmund.de\\\/wp-content\\\/uploads\\\/2024\\\/03\\\/begegnungsstaette-sm.jpg\",\"datePublished\":\"2024-03-07T15:07:17+00:00\",\"dateModified\":\"2024-03-07T15:14:20+00:00\",\"breadcrumb\":{\"@id\":\"https:\\\/\\\/jg-dortmund.de\\\/senioren#breadcrumb\"},\"inLanguage\":\"ru-RU\",\"potentialAction\":[{\"@type\":\"ReadAction\",\"target\":[\"https:\\\/\\\/jg-dortmund.de\\\/senioren\"]}]},{\"@type\":\"ImageObject\",\"inLanguage\":\"ru-RU\",\"@id\":\"https:\\\/\\\/jg-dortmund.de\\\/senioren#primaryimage\",\"url\":\"https:\\\/\\\/jg-dortmund.de\\\/wp-content\\\/uploads\\\/2024\\\/03\\\/begegnungsstaette-sm.jpg\",\"contentUrl\":\"https:\\\/\\\/jg-dortmund.de\\\/wp-content\\\/uploads\\\/2024\\\/03\\\/begegnungsstaette-sm.jpg\",\"width\":235,\"height\":185},{\"@type\":\"BreadcrumbList\",\"@id\":\"https:\\\/\\\/jg-dortmund.de\\\/senioren#breadcrumb\",\"itemListElement\":[{\"@type\":\"ListItem\",\"position\":1,\"name\":\"Startseite\",\"item\":\"https:\\\/\\\/jg-dortmund.de\\\/\"},{\"@type\":\"ListItem\",\"position\":2,\"name\":\"Senioren\"}]},{\"@type\":\"WebSite\",\"@id\":\"https:\\\/\\\/jg-dortmund.de\\\/de\\\/#website\",\"url\":\"https:\\\/\\\/jg-dortmund.de\\\/de\\\/\",\"name\":\"JKGD\",\"description\":\"J\u00fcdische Kultusgemeinde Gro\u00df-Dortmund K.d.\u00f6.R\",\"publisher\":{\"@id\":\"https:\\\/\\\/jg-dortmund.de\\\/de\\\/#organization\"},\"potentialAction\":[{\"@type\":\"SearchAction\",\"target\":{\"@type\":\"EntryPoint\",\"urlTemplate\":\"https:\\\/\\\/jg-dortmund.de\\\/de\\\/?s={search_term_string}\"},\"query-input\":{\"@type\":\"PropertyValueSpecification\",\"valueRequired\":true,\"valueName\":\"search_term_string\"}}],\"inLanguage\":\"ru-RU\"},{\"@type\":\"Organization\",\"@id\":\"https:\\\/\\\/jg-dortmund.de\\\/de\\\/#organization\",\"name\":\"JKGD\",\"url\":\"https:\\\/\\\/jg-dortmund.de\\\/de\\\/\",\"logo\":{\"@type\":\"ImageObject\",\"inLanguage\":\"ru-RU\",\"@id\":\"https:\\\/\\\/jg-dortmund.de\\\/de\\\/#\\\/schema\\\/logo\\\/image\\\/\",\"url\":\"\",\"contentUrl\":\"\",\"caption\":\"JKGD\"},\"image\":{\"@id\":\"https:\\\/\\\/jg-dortmund.de\\\/de\\\/#\\\/schema\\\/logo\\\/image\\\/\"}}]}<\/script>\n<!-- \/ Yoast SEO plugin. -->","yoast_head_json":{"title":"[:de]Senioren[:ru]\u0421\u0435\u043d\u0438\u043e\u0440\u044b[:] - JKGD","robots":{"index":"index","follow":"follow","max-snippet":"max-snippet:-1","max-image-preview":"max-image-preview:large","max-video-preview":"max-video-preview:-1"},"canonical":"https:\/\/jg-dortmund.de\/senioren","og_locale":"ru_RU","og_type":"article","og_title":"[:de]Senioren[:ru]\u0421\u0435\u043d\u0438\u043e\u0440\u044b[:] - JKGD","og_url":"https:\/\/jg-dortmund.de\/senioren","og_site_name":"JKGD","article_modified_time":"2024-03-07T15:14:20+00:00","og_image":[{"width":235,"height":185,"url":"https:\/\/jg-dortmund.de\/wp-content\/uploads\/2024\/03\/begegnungsstaette-sm.jpg","type":"image\/jpeg"}],"twitter_card":"summary_large_image","twitter_misc":{"\u041f\u0440\u0438\u043c\u0435\u0440\u043d\u043e\u0435 \u0432\u0440\u0435\u043c\u044f \u0434\u043b\u044f \u0447\u0442\u0435\u043d\u0438\u044f":"1 \u043c\u0438\u043d\u0443\u0442\u0430"},"schema":{"@context":"https:\/\/schema.org","@graph":[{"@type":"WebPage","@id":"https:\/\/jg-dortmund.de\/senioren","url":"https:\/\/jg-dortmund.de\/senioren","name":"[:de]Senioren[:ru]\u0421\u0435\u043d\u0438\u043e\u0440\u044b[:] - JKGD","isPartOf":{"@id":"https:\/\/jg-dortmund.de\/de\/#website"},"primaryImageOfPage":{"@id":"https:\/\/jg-dortmund.de\/senioren#primaryimage"},"image":{"@id":"https:\/\/jg-dortmund.de\/senioren#primaryimage"},"thumbnailUrl":"https:\/\/jg-dortmund.de\/wp-content\/uploads\/2024\/03\/begegnungsstaette-sm.jpg","datePublished":"2024-03-07T15:07:17+00:00","dateModified":"2024-03-07T15:14:20+00:00","breadcrumb":{"@id":"https:\/\/jg-dortmund.de\/senioren#breadcrumb"},"inLanguage":"ru-RU","potentialAction":[{"@type":"ReadAction","target":["https:\/\/jg-dortmund.de\/senioren"]}]},{"@type":"ImageObject","inLanguage":"ru-RU","@id":"https:\/\/jg-dortmund.de\/senioren#primaryimage","url":"https:\/\/jg-dortmund.de\/wp-content\/uploads\/2024\/03\/begegnungsstaette-sm.jpg","contentUrl":"https:\/\/jg-dortmund.de\/wp-content\/uploads\/2024\/03\/begegnungsstaette-sm.jpg","width":235,"height":185},{"@type":"BreadcrumbList","@id":"https:\/\/jg-dortmund.de\/senioren#breadcrumb","itemListElement":[{"@type":"ListItem","position":1,"name":"Startseite","item":"https:\/\/jg-dortmund.de\/"},{"@type":"ListItem","position":2,"name":"Senioren"}]},{"@type":"WebSite","@id":"https:\/\/jg-dortmund.de\/de\/#website","url":"https:\/\/jg-dortmund.de\/de\/","name":"JKGD","description":"J\u00fcdische Kultusgemeinde Gro\u00df-Dortmund K.d.\u00f6.R","publisher":{"@id":"https:\/\/jg-dortmund.de\/de\/#organization"},"potentialAction":[{"@type":"SearchAction","target":{"@type":"EntryPoint","urlTemplate":"https:\/\/jg-dortmund.de\/de\/?s={search_term_string}"},"query-input":{"@type":"PropertyValueSpecification","valueRequired":true,"valueName":"search_term_string"}}],"inLanguage":"ru-RU"},{"@type":"Organization","@id":"https:\/\/jg-dortmund.de\/de\/#organization","name":"JKGD","url":"https:\/\/jg-dortmund.de\/de\/","logo":{"@type":"ImageObject","inLanguage":"ru-RU","@id":"https:\/\/jg-dortmund.de\/de\/#\/schema\/logo\/image\/","url":"","contentUrl":"","caption":"JKGD"},"image":{"@id":"https:\/\/jg-dortmund.de\/de\/#\/schema\/logo\/image\/"}}]}},"_links":{"self":[{"href":"https:\/\/jg-dortmund.de\/ru\/wp-json\/wp\/v2\/pages\/3571","targetHints":{"allow":["GET"]}}],"collection":[{"href":"https:\/\/jg-dortmund.de\/ru\/wp-json\/wp\/v2\/pages"}],"about":[{"href":"https:\/\/jg-dortmund.de\/ru\/wp-json\/wp\/v2\/types\/page"}],"author":[{"embeddable":true,"href":"https:\/\/jg-dortmund.de\/ru\/wp-json\/wp\/v2\/users\/1"}],"replies":[{"embeddable":true,"href":"https:\/\/jg-dortmund.de\/ru\/wp-json\/wp\/v2\/comments?post=3571"}],"version-history":[{"count":2,"href":"https:\/\/jg-dortmund.de\/ru\/wp-json\/wp\/v2\/pages\/3571\/revisions"}],"predecessor-version":[{"id":3576,"href":"https:\/\/jg-dortmund.de\/ru\/wp-json\/wp\/v2\/pages\/3571\/revisions\/3576"}],"wp:featuredmedia":[{"embeddable":true,"href":"https:\/\/jg-dortmund.de\/ru\/wp-json\/wp\/v2\/media\/3577"}],"wp:attachment":[{"href":"https:\/\/jg-dortmund.de\/ru\/wp-json\/wp\/v2\/media?parent=3571"}],"curies":[{"name":"wp","href":"https:\/\/api.w.org\/{rel}","templated":true}]}}