{"id":2269,"date":"2020-12-03T15:13:58","date_gmt":"2020-12-03T14:13:58","guid":{"rendered":"https:\/\/jg-dortmund.de\/?page_id=2269"},"modified":"2020-12-03T15:57:19","modified_gmt":"2020-12-03T14:57:19","slug":"chanukka","status":"publish","type":"page","link":"https:\/\/jg-dortmund.de\/ru\/chanukka","title":{"rendered":"\u0425\u0430\u043d\u0443\u043a\u0430 5781"},"content":{"rendered":"<p><img loading=\"lazy\" decoding=\"async\" class=\"alignnone size-medium wp-image-2287\" src=\"https:\/\/jg-dortmund.de\/wp-content\/uploads\/2020\/12\/f4_Zeichenflaeche-1_Zeichenflaeche-1-620x877.jpg\" alt=\"\" width=\"620\" height=\"877\" srcset=\"https:\/\/jg-dortmund.de\/wp-content\/uploads\/2020\/12\/f4_Zeichenflaeche-1_Zeichenflaeche-1-620x877.jpg 620w, https:\/\/jg-dortmund.de\/wp-content\/uploads\/2020\/12\/f4_Zeichenflaeche-1_Zeichenflaeche-1-940x1329.jpg 940w, https:\/\/jg-dortmund.de\/wp-content\/uploads\/2020\/12\/f4_Zeichenflaeche-1_Zeichenflaeche-1-300x424.jpg 300w, https:\/\/jg-dortmund.de\/wp-content\/uploads\/2020\/12\/f4_Zeichenflaeche-1_Zeichenflaeche-1-768x1086.jpg 768w, https:\/\/jg-dortmund.de\/wp-content\/uploads\/2020\/12\/f4_Zeichenflaeche-1_Zeichenflaeche-1-1086x1536.jpg 1086w, https:\/\/jg-dortmund.de\/wp-content\/uploads\/2020\/12\/f4_Zeichenflaeche-1_Zeichenflaeche-1-1448x2048.jpg 1448w, https:\/\/jg-dortmund.de\/wp-content\/uploads\/2020\/12\/f4_Zeichenflaeche-1_Zeichenflaeche-1-scaled.jpg 1811w\" sizes=\"auto, (max-width: 620px) 100vw, 620px\" \/><\/p>\n","protected":false},"excerpt":{"rendered":"","protected":false},"author":1,"featured_media":0,"parent":0,"menu_order":0,"comment_status":"closed","ping_status":"closed","template":"","meta":{"ngg_post_thumbnail":0,"footnotes":""},"class_list":["post-2269","page","type-page","status-publish","hentry"],"yoast_head":"<!-- This site is optimized with the Yoast SEO plugin v27.5 - https:\/\/yoast.com\/product\/yoast-seo-wordpress\/ -->\n<title>\u0425\u0430\u043d\u0443\u043a\u0430 5781 - JKGD<\/title>\n<meta name=\"robots\" content=\"index, follow, max-snippet:-1, max-image-preview:large, max-video-preview:-1\" \/>\n<link rel=\"canonical\" href=\"https:\/\/jg-dortmund.de\/chanukka\" \/>\n<meta property=\"og:locale\" content=\"ru_RU\" \/>\n<meta property=\"og:type\" content=\"article\" \/>\n<meta property=\"og:title\" content=\"[:de]Chanukka 5781[:ru]\u0425\u0430\u043d\u0443\u043a\u0430 5781[:] - JKGD\" \/>\n<meta property=\"og:url\" content=\"https:\/\/jg-dortmund.de\/chanukka\" \/>\n<meta property=\"og:site_name\" content=\"JKGD\" \/>\n<meta property=\"article:modified_time\" content=\"2020-12-03T14:57:19+00:00\" \/>\n<meta property=\"og:image\" content=\"https:\/\/jg-dortmund.de\/wp-content\/uploads\/2020\/12\/f4_Zeichenflaeche-1_Zeichenflaeche-1-620x877.jpg\" \/>\n<meta name=\"twitter:card\" content=\"summary_large_image\" \/>\n<script type=\"application\/ld+json\" class=\"yoast-schema-graph\">{\"@context\":\"https:\\\/\\\/schema.org\",\"@graph\":[{\"@type\":\"WebPage\",\"@id\":\"https:\\\/\\\/jg-dortmund.de\\\/chanukka\",\"url\":\"https:\\\/\\\/jg-dortmund.de\\\/chanukka\",\"name\":\"[:de]Chanukka 5781[:ru]\u0425\u0430\u043d\u0443\u043a\u0430 5781[:] - JKGD\",\"isPartOf\":{\"@id\":\"https:\\\/\\\/jg-dortmund.de\\\/de\\\/#website\"},\"primaryImageOfPage\":{\"@id\":\"https:\\\/\\\/jg-dortmund.de\\\/chanukka#primaryimage\"},\"image\":{\"@id\":\"https:\\\/\\\/jg-dortmund.de\\\/chanukka#primaryimage\"},\"thumbnailUrl\":\"https:\\\/\\\/jg-dortmund.de\\\/wp-content\\\/uploads\\\/2020\\\/12\\\/f4_Zeichenflaeche-1_Zeichenflaeche-1-620x877.jpg\",\"datePublished\":\"2020-12-03T14:13:58+00:00\",\"dateModified\":\"2020-12-03T14:57:19+00:00\",\"breadcrumb\":{\"@id\":\"https:\\\/\\\/jg-dortmund.de\\\/chanukka#breadcrumb\"},\"inLanguage\":\"ru-RU\",\"potentialAction\":[{\"@type\":\"ReadAction\",\"target\":[\"https:\\\/\\\/jg-dortmund.de\\\/chanukka\"]}]},{\"@type\":\"ImageObject\",\"inLanguage\":\"ru-RU\",\"@id\":\"https:\\\/\\\/jg-dortmund.de\\\/chanukka#primaryimage\",\"url\":\"https:\\\/\\\/jg-dortmund.de\\\/wp-content\\\/uploads\\\/2020\\\/12\\\/f4_Zeichenflaeche-1_Zeichenflaeche-1-620x877.jpg\",\"contentUrl\":\"https:\\\/\\\/jg-dortmund.de\\\/wp-content\\\/uploads\\\/2020\\\/12\\\/f4_Zeichenflaeche-1_Zeichenflaeche-1-620x877.jpg\"},{\"@type\":\"BreadcrumbList\",\"@id\":\"https:\\\/\\\/jg-dortmund.de\\\/chanukka#breadcrumb\",\"itemListElement\":[{\"@type\":\"ListItem\",\"position\":1,\"name\":\"Startseite\",\"item\":\"https:\\\/\\\/jg-dortmund.de\\\/\"},{\"@type\":\"ListItem\",\"position\":2,\"name\":\"Chanukka 5781\"}]},{\"@type\":\"WebSite\",\"@id\":\"https:\\\/\\\/jg-dortmund.de\\\/de\\\/#website\",\"url\":\"https:\\\/\\\/jg-dortmund.de\\\/de\\\/\",\"name\":\"JKGD\",\"description\":\"J\u00fcdische Kultusgemeinde Gro\u00df-Dortmund K.d.\u00f6.R\",\"publisher\":{\"@id\":\"https:\\\/\\\/jg-dortmund.de\\\/de\\\/#organization\"},\"potentialAction\":[{\"@type\":\"SearchAction\",\"target\":{\"@type\":\"EntryPoint\",\"urlTemplate\":\"https:\\\/\\\/jg-dortmund.de\\\/de\\\/?s={search_term_string}\"},\"query-input\":{\"@type\":\"PropertyValueSpecification\",\"valueRequired\":true,\"valueName\":\"search_term_string\"}}],\"inLanguage\":\"ru-RU\"},{\"@type\":\"Organization\",\"@id\":\"https:\\\/\\\/jg-dortmund.de\\\/de\\\/#organization\",\"name\":\"JKGD\",\"url\":\"https:\\\/\\\/jg-dortmund.de\\\/de\\\/\",\"logo\":{\"@type\":\"ImageObject\",\"inLanguage\":\"ru-RU\",\"@id\":\"https:\\\/\\\/jg-dortmund.de\\\/de\\\/#\\\/schema\\\/logo\\\/image\\\/\",\"url\":\"\",\"contentUrl\":\"\",\"caption\":\"JKGD\"},\"image\":{\"@id\":\"https:\\\/\\\/jg-dortmund.de\\\/de\\\/#\\\/schema\\\/logo\\\/image\\\/\"}}]}<\/script>\n<!-- \/ Yoast SEO plugin. -->","yoast_head_json":{"title":"[:de]Chanukka 5781[:ru]\u0425\u0430\u043d\u0443\u043a\u0430 5781[:] - JKGD","robots":{"index":"index","follow":"follow","max-snippet":"max-snippet:-1","max-image-preview":"max-image-preview:large","max-video-preview":"max-video-preview:-1"},"canonical":"https:\/\/jg-dortmund.de\/chanukka","og_locale":"ru_RU","og_type":"article","og_title":"[:de]Chanukka 5781[:ru]\u0425\u0430\u043d\u0443\u043a\u0430 5781[:] - JKGD","og_url":"https:\/\/jg-dortmund.de\/chanukka","og_site_name":"JKGD","article_modified_time":"2020-12-03T14:57:19+00:00","og_image":[{"url":"https:\/\/jg-dortmund.de\/wp-content\/uploads\/2020\/12\/f4_Zeichenflaeche-1_Zeichenflaeche-1-620x877.jpg","type":"","width":"","height":""}],"twitter_card":"summary_large_image","schema":{"@context":"https:\/\/schema.org","@graph":[{"@type":"WebPage","@id":"https:\/\/jg-dortmund.de\/chanukka","url":"https:\/\/jg-dortmund.de\/chanukka","name":"[:de]Chanukka 5781[:ru]\u0425\u0430\u043d\u0443\u043a\u0430 5781[:] - JKGD","isPartOf":{"@id":"https:\/\/jg-dortmund.de\/de\/#website"},"primaryImageOfPage":{"@id":"https:\/\/jg-dortmund.de\/chanukka#primaryimage"},"image":{"@id":"https:\/\/jg-dortmund.de\/chanukka#primaryimage"},"thumbnailUrl":"https:\/\/jg-dortmund.de\/wp-content\/uploads\/2020\/12\/f4_Zeichenflaeche-1_Zeichenflaeche-1-620x877.jpg","datePublished":"2020-12-03T14:13:58+00:00","dateModified":"2020-12-03T14:57:19+00:00","breadcrumb":{"@id":"https:\/\/jg-dortmund.de\/chanukka#breadcrumb"},"inLanguage":"ru-RU","potentialAction":[{"@type":"ReadAction","target":["https:\/\/jg-dortmund.de\/chanukka"]}]},{"@type":"ImageObject","inLanguage":"ru-RU","@id":"https:\/\/jg-dortmund.de\/chanukka#primaryimage","url":"https:\/\/jg-dortmund.de\/wp-content\/uploads\/2020\/12\/f4_Zeichenflaeche-1_Zeichenflaeche-1-620x877.jpg","contentUrl":"https:\/\/jg-dortmund.de\/wp-content\/uploads\/2020\/12\/f4_Zeichenflaeche-1_Zeichenflaeche-1-620x877.jpg"},{"@type":"BreadcrumbList","@id":"https:\/\/jg-dortmund.de\/chanukka#breadcrumb","itemListElement":[{"@type":"ListItem","position":1,"name":"Startseite","item":"https:\/\/jg-dortmund.de\/"},{"@type":"ListItem","position":2,"name":"Chanukka 5781"}]},{"@type":"WebSite","@id":"https:\/\/jg-dortmund.de\/de\/#website","url":"https:\/\/jg-dortmund.de\/de\/","name":"JKGD","description":"J\u00fcdische Kultusgemeinde Gro\u00df-Dortmund K.d.\u00f6.R","publisher":{"@id":"https:\/\/jg-dortmund.de\/de\/#organization"},"potentialAction":[{"@type":"SearchAction","target":{"@type":"EntryPoint","urlTemplate":"https:\/\/jg-dortmund.de\/de\/?s={search_term_string}"},"query-input":{"@type":"PropertyValueSpecification","valueRequired":true,"valueName":"search_term_string"}}],"inLanguage":"ru-RU"},{"@type":"Organization","@id":"https:\/\/jg-dortmund.de\/de\/#organization","name":"JKGD","url":"https:\/\/jg-dortmund.de\/de\/","logo":{"@type":"ImageObject","inLanguage":"ru-RU","@id":"https:\/\/jg-dortmund.de\/de\/#\/schema\/logo\/image\/","url":"","contentUrl":"","caption":"JKGD"},"image":{"@id":"https:\/\/jg-dortmund.de\/de\/#\/schema\/logo\/image\/"}}]}},"_links":{"self":[{"href":"https:\/\/jg-dortmund.de\/ru\/wp-json\/wp\/v2\/pages\/2269","targetHints":{"allow":["GET"]}}],"collection":[{"href":"https:\/\/jg-dortmund.de\/ru\/wp-json\/wp\/v2\/pages"}],"about":[{"href":"https:\/\/jg-dortmund.de\/ru\/wp-json\/wp\/v2\/types\/page"}],"author":[{"embeddable":true,"href":"https:\/\/jg-dortmund.de\/ru\/wp-json\/wp\/v2\/users\/1"}],"replies":[{"embeddable":true,"href":"https:\/\/jg-dortmund.de\/ru\/wp-json\/wp\/v2\/comments?post=2269"}],"version-history":[{"count":0,"href":"https:\/\/jg-dortmund.de\/ru\/wp-json\/wp\/v2\/pages\/2269\/revisions"}],"wp:attachment":[{"href":"https:\/\/jg-dortmund.de\/ru\/wp-json\/wp\/v2\/media?parent=2269"}],"curies":[{"name":"wp","href":"https:\/\/api.w.org\/{rel}","templated":true}]}}