{"id":169,"date":"2014-10-01T01:46:39","date_gmt":"2014-10-01T01:46:39","guid":{"rendered":"http:\/\/jg-dortmund.de\/JKGD_2012\/wordpress\/?page_id=169"},"modified":"2026-05-08T14:32:16","modified_gmt":"2026-05-08T12:32:16","slug":"g-ttesdienstzeiten","status":"publish","type":"page","link":"https:\/\/jg-dortmund.de\/ru\/g-ttesdienstzeiten","title":{"rendered":"\u0411\"\u0433\u043e\u0441\u043b\u0443\u0436\u0435\u043d\u0438\u044f"},"content":{"rendered":"\u0423\u0442\u0440\u0435\u043d\u043d\u044f\u044f \u043c\u043e\u043b\u0438\u0442\u0432\u0430 \u0428\u0430\u0445\u0430\u0440\u0438\u0442 \u0441 \u043f\u043e\u0441\u043b\u0435\u0434\u0443\u044e\u0449\u0438\u043c \u0437\u0430\u0432\u0442\u0440\u0430\u043a\u043e\u043c \u043f\u0440\u043e\u0445\u043e\u0434\u0438\u0442:<\/p>\n<p>\u041f\u043e \u0432\u043e\u0441\u043a\u0440\u0435\u0441\u0435\u043d\u044c\u044f\u043c \u2013 \u0432 09:30<br \/>\n\u041f\u043e \u043f\u043e\u043d\u0435\u0434\u0435\u043b\u044c\u043d\u0438\u043a\u0430\u043c \u0438 \u0447\u0435\u0442\u0432\u0435\u0440\u0433\u0430\u043c \u2013 \u0432 09:00<br \/>\n\u041f\u043e \u0432\u0442\u043e\u0440\u043d\u0438\u043a\u0430\u043c, \u0441\u0440\u0435\u0434\u0430\u043c \u0438 \u043f\u044f\u0442\u043d\u0438\u0446\u0430\u043c \u2013 \u0432 07:00<br \/>\n<strong>\u041a\u0430\u0431\u0431\u0430\u043b\u0430\u0442 \u0428\u0430\u0431\u0431\u0430\u0442:<\/strong><\/p>\n<p>\u041f\u043e \u043f\u044f\u0442\u043d\u0438\u0446\u0430\u043c \u2013 \u0432 18:00 (\u0437\u0438\u043c\u043d\u0435\u0435 \u0432\u0440\u0435\u043c\u044f) \/ \u0432 19:00 (\u043b\u0435\u0442\u043d\u0435\u0435 \u0432\u0440\u0435\u043c\u044f)<\/p>\n<p>\u0412 \u0438\u044f\u0440\u0435, \u0441\u0438\u0432\u0430\u043d\u0435 \u0438 \u0442\u0430\u043c\u043c\u0443\u0437\u0435, \u0434\u043e 01.08.2025 \u2013 \u0432 19:30<br \/>\n\u043f\u043e \u0441\u0443\u0431\u0431\u043e\u0442\u0430\u043c \u2013 \u0432 09:00<br \/>\n\u0412\u0435\u0447\u0435\u0440 \u0441\u0443\u0431\u0431\u043e\u0442\u044b \u2013 ~ 1,5 \u0447\u0430\u0441\u0430 \u0434\u043e \u0438\u0441\u0445\u043e\u0434\u0430 \u0441\u0443\u0431\u0431\u043e\u0442\u044b.<\/p>\n<p>\u0412\u0441\u0435 \u0434\u0435\u0442\u0430\u043b\u0438 \u0438 \u0442\u043e\u0447\u043d\u043e\u0435 \u0432\u0440\u0435\u043c\u044f \u0412\u044b \u043d\u0430\u0439\u0434\u0435\u0442\u0435 \u0432 \u0430\u043a\u0442\u0443\u0430\u043b\u044c\u043d\u043e\u043c \u0441\u043f\u0438\u0441\u043a\u0435 \u043c\u043e\u043b\u0438\u0442\u0432.<\/p>\n<p><a href=\"https:\/\/jg-dortmund.de\/wp-content\/uploads\/2026\/04\/052026.jpg\" rel=\"lightbox[169]\"><img loading=\"lazy\" decoding=\"async\" class=\"aligncenter size-large wp-image-4033\" src=\"https:\/\/jg-dortmund.de\/wp-content\/uploads\/2026\/04\/052026-940x1329.jpg\" alt=\"\" width=\"940\" height=\"1329\" srcset=\"https:\/\/jg-dortmund.de\/wp-content\/uploads\/2026\/04\/052026-940x1329.jpg 940w, https:\/\/jg-dortmund.de\/wp-content\/uploads\/2026\/04\/052026-620x877.jpg 620w, https:\/\/jg-dortmund.de\/wp-content\/uploads\/2026\/04\/052026-300x424.jpg 300w, https:\/\/jg-dortmund.de\/wp-content\/uploads\/2026\/04\/052026-768x1086.jpg 768w, https:\/\/jg-dortmund.de\/wp-content\/uploads\/2026\/04\/052026-1086x1536.jpg 1086w, https:\/\/jg-dortmund.de\/wp-content\/uploads\/2026\/04\/052026.jpg 1190w\" sizes=\"auto, (max-width: 940px) 100vw, 940px\" \/><\/a>","protected":false},"excerpt":{"rendered":"<p>\u0423\u0442\u0440\u0435\u043d\u043d\u044f\u044f \u043c\u043e\u043b\u0438\u0442\u0432\u0430 \u0428\u0430\u0445\u0430\u0440\u0438\u0442 \u0441 \u043f\u043e\u0441\u043b\u0435\u0434\u0443\u044e\u0449\u0438\u043c \u0437\u0430\u0432\u0442\u0440\u0430\u043a\u043e\u043c \u043f\u0440\u043e\u0445\u043e\u0434\u0438\u0442: \u041f\u043e \u0432\u043e\u0441\u043a\u0440\u0435\u0441\u0435\u043d\u044c\u044f\u043c \u2013 \u0432 09:30 \u041f\u043e \u043f\u043e\u043d\u0435\u0434\u0435\u043b\u044c\u043d\u0438\u043a\u0430\u043c \u0438 \u0447\u0435\u0442\u0432\u0435\u0440\u0433\u0430\u043c \u2013 \u0432 09:00 \u041f\u043e \u0432\u0442\u043e\u0440\u043d\u0438\u043a\u0430\u043c, \u0441\u0440\u0435\u0434\u0430\u043c \u0438 \u043f\u044f\u0442\u043d\u0438\u0446\u0430\u043c \u2013 \u0432 07:00 \u041a\u0430\u0431\u0431\u0430\u043b\u0430\u0442 \u0428\u0430\u0431\u0431\u0430\u0442: \u041f\u043e \u043f\u044f\u0442\u043d\u0438\u0446\u0430\u043c \u2013 \u0432 18:00&#46;&#46;&#46;<\/p>\n","protected":false},"author":1,"featured_media":1641,"parent":0,"menu_order":0,"comment_status":"closed","ping_status":"closed","template":"","meta":{"ngg_post_thumbnail":0,"footnotes":""},"class_list":["post-169","page","type-page","status-publish","has-post-thumbnail","hentry"],"yoast_head":"<!-- This site is optimized with the Yoast SEO plugin v27.5 - https:\/\/yoast.com\/product\/yoast-seo-wordpress\/ -->\n<title>\u0411&quot;\u0433\u043e\u0441\u043b\u0443\u0436\u0435\u043d\u0438\u044f - JKGD<\/title>\n<meta name=\"robots\" content=\"index, follow, max-snippet:-1, max-image-preview:large, max-video-preview:-1\" \/>\n<link rel=\"canonical\" href=\"https:\/\/jg-dortmund.de\/g-ttesdienstzeiten\" \/>\n<meta property=\"og:locale\" content=\"ru_RU\" \/>\n<meta property=\"og:type\" content=\"article\" \/>\n<meta property=\"og:title\" content=\"[:de]G&quot;ttesdienstzeiten[:ru]\u0411&quot;\u0433\u043e\u0441\u043b\u0443\u0436\u0435\u043d\u0438\u044f[:] - JKGD\" \/>\n<meta property=\"og:description\" content=\"\u0423\u0442\u0440\u0435\u043d\u043d\u044f\u044f \u043c\u043e\u043b\u0438\u0442\u0432\u0430 \u0428\u0430\u0445\u0430\u0440\u0438\u0442 \u0441 \u043f\u043e\u0441\u043b\u0435\u0434\u0443\u044e\u0449\u0438\u043c \u0437\u0430\u0432\u0442\u0440\u0430\u043a\u043e\u043c \u043f\u0440\u043e\u0445\u043e\u0434\u0438\u0442: \u041f\u043e \u0432\u043e\u0441\u043a\u0440\u0435\u0441\u0435\u043d\u044c\u044f\u043c \u2013 \u0432 09:30 \u041f\u043e \u043f\u043e\u043d\u0435\u0434\u0435\u043b\u044c\u043d\u0438\u043a\u0430\u043c \u0438 \u0447\u0435\u0442\u0432\u0435\u0440\u0433\u0430\u043c \u2013 \u0432 09:00 \u041f\u043e \u0432\u0442\u043e\u0440\u043d\u0438\u043a\u0430\u043c, \u0441\u0440\u0435\u0434\u0430\u043c \u0438 \u043f\u044f\u0442\u043d\u0438\u0446\u0430\u043c \u2013 \u0432 07:00 \u041a\u0430\u0431\u0431\u0430\u043b\u0430\u0442 \u0428\u0430\u0431\u0431\u0430\u0442: \u041f\u043e \u043f\u044f\u0442\u043d\u0438\u0446\u0430\u043c \u2013 \u0432 18:00&#046;&#046;&#046;\" \/>\n<meta property=\"og:url\" content=\"https:\/\/jg-dortmund.de\/g-ttesdienstzeiten\" \/>\n<meta property=\"og:site_name\" content=\"JKGD\" \/>\n<meta property=\"article:modified_time\" content=\"2026-05-08T12:32:16+00:00\" \/>\n<meta property=\"og:image\" content=\"https:\/\/jg-dortmund.de\/wp-content\/uploads\/2018\/01\/Januar-18-page-001.jpg\" \/>\n\t<meta property=\"og:image:width\" content=\"2385\" \/>\n\t<meta property=\"og:image:height\" content=\"1922\" \/>\n\t<meta property=\"og:image:type\" content=\"image\/jpeg\" \/>\n<meta name=\"twitter:card\" content=\"summary_large_image\" \/>\n<meta name=\"twitter:label1\" content=\"\u041f\u0440\u0438\u043c\u0435\u0440\u043d\u043e\u0435 \u0432\u0440\u0435\u043c\u044f \u0434\u043b\u044f \u0447\u0442\u0435\u043d\u0438\u044f\" \/>\n\t<meta name=\"twitter:data1\" content=\"3 \u043c\u0438\u043d\u0443\u0442\u044b\" \/>\n<script type=\"application\/ld+json\" class=\"yoast-schema-graph\">{\"@context\":\"https:\\\/\\\/schema.org\",\"@graph\":[{\"@type\":\"WebPage\",\"@id\":\"https:\\\/\\\/jg-dortmund.de\\\/g-ttesdienstzeiten\",\"url\":\"https:\\\/\\\/jg-dortmund.de\\\/g-ttesdienstzeiten\",\"name\":\"[:de]G\\\"ttesdienstzeiten[:ru]\u0411\\\"\u0433\u043e\u0441\u043b\u0443\u0436\u0435\u043d\u0438\u044f[:] - JKGD\",\"isPartOf\":{\"@id\":\"https:\\\/\\\/jg-dortmund.de\\\/de\\\/#website\"},\"primaryImageOfPage\":{\"@id\":\"https:\\\/\\\/jg-dortmund.de\\\/g-ttesdienstzeiten#primaryimage\"},\"image\":{\"@id\":\"https:\\\/\\\/jg-dortmund.de\\\/g-ttesdienstzeiten#primaryimage\"},\"thumbnailUrl\":\"https:\\\/\\\/jg-dortmund.de\\\/wp-content\\\/uploads\\\/2018\\\/01\\\/Januar-18-page-001.jpg\",\"datePublished\":\"2014-10-01T01:46:39+00:00\",\"dateModified\":\"2026-05-08T12:32:16+00:00\",\"breadcrumb\":{\"@id\":\"https:\\\/\\\/jg-dortmund.de\\\/g-ttesdienstzeiten#breadcrumb\"},\"inLanguage\":\"ru-RU\",\"potentialAction\":[{\"@type\":\"ReadAction\",\"target\":[\"https:\\\/\\\/jg-dortmund.de\\\/g-ttesdienstzeiten\"]}]},{\"@type\":\"ImageObject\",\"inLanguage\":\"ru-RU\",\"@id\":\"https:\\\/\\\/jg-dortmund.de\\\/g-ttesdienstzeiten#primaryimage\",\"url\":\"https:\\\/\\\/jg-dortmund.de\\\/wp-content\\\/uploads\\\/2018\\\/01\\\/Januar-18-page-001.jpg\",\"contentUrl\":\"https:\\\/\\\/jg-dortmund.de\\\/wp-content\\\/uploads\\\/2018\\\/01\\\/Januar-18-page-001.jpg\",\"width\":2385,\"height\":1922},{\"@type\":\"BreadcrumbList\",\"@id\":\"https:\\\/\\\/jg-dortmund.de\\\/g-ttesdienstzeiten#breadcrumb\",\"itemListElement\":[{\"@type\":\"ListItem\",\"position\":1,\"name\":\"Startseite\",\"item\":\"https:\\\/\\\/jg-dortmund.de\\\/\"},{\"@type\":\"ListItem\",\"position\":2,\"name\":\"G\\\"ttesdienstzeiten\"}]},{\"@type\":\"WebSite\",\"@id\":\"https:\\\/\\\/jg-dortmund.de\\\/de\\\/#website\",\"url\":\"https:\\\/\\\/jg-dortmund.de\\\/de\\\/\",\"name\":\"JKGD\",\"description\":\"J\u00fcdische Kultusgemeinde Gro\u00df-Dortmund K.d.\u00f6.R\",\"publisher\":{\"@id\":\"https:\\\/\\\/jg-dortmund.de\\\/de\\\/#organization\"},\"potentialAction\":[{\"@type\":\"SearchAction\",\"target\":{\"@type\":\"EntryPoint\",\"urlTemplate\":\"https:\\\/\\\/jg-dortmund.de\\\/de\\\/?s={search_term_string}\"},\"query-input\":{\"@type\":\"PropertyValueSpecification\",\"valueRequired\":true,\"valueName\":\"search_term_string\"}}],\"inLanguage\":\"ru-RU\"},{\"@type\":\"Organization\",\"@id\":\"https:\\\/\\\/jg-dortmund.de\\\/de\\\/#organization\",\"name\":\"JKGD\",\"url\":\"https:\\\/\\\/jg-dortmund.de\\\/de\\\/\",\"logo\":{\"@type\":\"ImageObject\",\"inLanguage\":\"ru-RU\",\"@id\":\"https:\\\/\\\/jg-dortmund.de\\\/de\\\/#\\\/schema\\\/logo\\\/image\\\/\",\"url\":\"\",\"contentUrl\":\"\",\"caption\":\"JKGD\"},\"image\":{\"@id\":\"https:\\\/\\\/jg-dortmund.de\\\/de\\\/#\\\/schema\\\/logo\\\/image\\\/\"}}]}<\/script>\n<!-- \/ Yoast SEO plugin. -->","yoast_head_json":{"title":"[:de]G\"ttesdienstzeiten[:ru]\u0411\"\u0433\u043e\u0441\u043b\u0443\u0436\u0435\u043d\u0438\u044f[:] - JKGD","robots":{"index":"index","follow":"follow","max-snippet":"max-snippet:-1","max-image-preview":"max-image-preview:large","max-video-preview":"max-video-preview:-1"},"canonical":"https:\/\/jg-dortmund.de\/g-ttesdienstzeiten","og_locale":"ru_RU","og_type":"article","og_title":"[:de]G\"ttesdienstzeiten[:ru]\u0411\"\u0433\u043e\u0441\u043b\u0443\u0436\u0435\u043d\u0438\u044f[:] - JKGD","og_description":"\u0423\u0442\u0440\u0435\u043d\u043d\u044f\u044f \u043c\u043e\u043b\u0438\u0442\u0432\u0430 \u0428\u0430\u0445\u0430\u0440\u0438\u0442 \u0441 \u043f\u043e\u0441\u043b\u0435\u0434\u0443\u044e\u0449\u0438\u043c \u0437\u0430\u0432\u0442\u0440\u0430\u043a\u043e\u043c \u043f\u0440\u043e\u0445\u043e\u0434\u0438\u0442: \u041f\u043e \u0432\u043e\u0441\u043a\u0440\u0435\u0441\u0435\u043d\u044c\u044f\u043c \u2013 \u0432 09:30 \u041f\u043e \u043f\u043e\u043d\u0435\u0434\u0435\u043b\u044c\u043d\u0438\u043a\u0430\u043c \u0438 \u0447\u0435\u0442\u0432\u0435\u0440\u0433\u0430\u043c \u2013 \u0432 09:00 \u041f\u043e \u0432\u0442\u043e\u0440\u043d\u0438\u043a\u0430\u043c, \u0441\u0440\u0435\u0434\u0430\u043c \u0438 \u043f\u044f\u0442\u043d\u0438\u0446\u0430\u043c \u2013 \u0432 07:00 \u041a\u0430\u0431\u0431\u0430\u043b\u0430\u0442 \u0428\u0430\u0431\u0431\u0430\u0442: \u041f\u043e \u043f\u044f\u0442\u043d\u0438\u0446\u0430\u043c \u2013 \u0432 18:00&#46;&#46;&#46;","og_url":"https:\/\/jg-dortmund.de\/g-ttesdienstzeiten","og_site_name":"JKGD","article_modified_time":"2026-05-08T12:32:16+00:00","og_image":[{"width":2385,"height":1922,"url":"https:\/\/jg-dortmund.de\/wp-content\/uploads\/2018\/01\/Januar-18-page-001.jpg","type":"image\/jpeg"}],"twitter_card":"summary_large_image","twitter_misc":{"\u041f\u0440\u0438\u043c\u0435\u0440\u043d\u043e\u0435 \u0432\u0440\u0435\u043c\u044f \u0434\u043b\u044f \u0447\u0442\u0435\u043d\u0438\u044f":"3 \u043c\u0438\u043d\u0443\u0442\u044b"},"schema":{"@context":"https:\/\/schema.org","@graph":[{"@type":"WebPage","@id":"https:\/\/jg-dortmund.de\/g-ttesdienstzeiten","url":"https:\/\/jg-dortmund.de\/g-ttesdienstzeiten","name":"[:de]G\"ttesdienstzeiten[:ru]\u0411\"\u0433\u043e\u0441\u043b\u0443\u0436\u0435\u043d\u0438\u044f[:] - JKGD","isPartOf":{"@id":"https:\/\/jg-dortmund.de\/de\/#website"},"primaryImageOfPage":{"@id":"https:\/\/jg-dortmund.de\/g-ttesdienstzeiten#primaryimage"},"image":{"@id":"https:\/\/jg-dortmund.de\/g-ttesdienstzeiten#primaryimage"},"thumbnailUrl":"https:\/\/jg-dortmund.de\/wp-content\/uploads\/2018\/01\/Januar-18-page-001.jpg","datePublished":"2014-10-01T01:46:39+00:00","dateModified":"2026-05-08T12:32:16+00:00","breadcrumb":{"@id":"https:\/\/jg-dortmund.de\/g-ttesdienstzeiten#breadcrumb"},"inLanguage":"ru-RU","potentialAction":[{"@type":"ReadAction","target":["https:\/\/jg-dortmund.de\/g-ttesdienstzeiten"]}]},{"@type":"ImageObject","inLanguage":"ru-RU","@id":"https:\/\/jg-dortmund.de\/g-ttesdienstzeiten#primaryimage","url":"https:\/\/jg-dortmund.de\/wp-content\/uploads\/2018\/01\/Januar-18-page-001.jpg","contentUrl":"https:\/\/jg-dortmund.de\/wp-content\/uploads\/2018\/01\/Januar-18-page-001.jpg","width":2385,"height":1922},{"@type":"BreadcrumbList","@id":"https:\/\/jg-dortmund.de\/g-ttesdienstzeiten#breadcrumb","itemListElement":[{"@type":"ListItem","position":1,"name":"Startseite","item":"https:\/\/jg-dortmund.de\/"},{"@type":"ListItem","position":2,"name":"G\"ttesdienstzeiten"}]},{"@type":"WebSite","@id":"https:\/\/jg-dortmund.de\/de\/#website","url":"https:\/\/jg-dortmund.de\/de\/","name":"JKGD","description":"J\u00fcdische Kultusgemeinde Gro\u00df-Dortmund K.d.\u00f6.R","publisher":{"@id":"https:\/\/jg-dortmund.de\/de\/#organization"},"potentialAction":[{"@type":"SearchAction","target":{"@type":"EntryPoint","urlTemplate":"https:\/\/jg-dortmund.de\/de\/?s={search_term_string}"},"query-input":{"@type":"PropertyValueSpecification","valueRequired":true,"valueName":"search_term_string"}}],"inLanguage":"ru-RU"},{"@type":"Organization","@id":"https:\/\/jg-dortmund.de\/de\/#organization","name":"JKGD","url":"https:\/\/jg-dortmund.de\/de\/","logo":{"@type":"ImageObject","inLanguage":"ru-RU","@id":"https:\/\/jg-dortmund.de\/de\/#\/schema\/logo\/image\/","url":"","contentUrl":"","caption":"JKGD"},"image":{"@id":"https:\/\/jg-dortmund.de\/de\/#\/schema\/logo\/image\/"}}]}},"_links":{"self":[{"href":"https:\/\/jg-dortmund.de\/ru\/wp-json\/wp\/v2\/pages\/169","targetHints":{"allow":["GET"]}}],"collection":[{"href":"https:\/\/jg-dortmund.de\/ru\/wp-json\/wp\/v2\/pages"}],"about":[{"href":"https:\/\/jg-dortmund.de\/ru\/wp-json\/wp\/v2\/types\/page"}],"author":[{"embeddable":true,"href":"https:\/\/jg-dortmund.de\/ru\/wp-json\/wp\/v2\/users\/1"}],"replies":[{"embeddable":true,"href":"https:\/\/jg-dortmund.de\/ru\/wp-json\/wp\/v2\/comments?post=169"}],"version-history":[{"count":45,"href":"https:\/\/jg-dortmund.de\/ru\/wp-json\/wp\/v2\/pages\/169\/revisions"}],"predecessor-version":[{"id":4039,"href":"https:\/\/jg-dortmund.de\/ru\/wp-json\/wp\/v2\/pages\/169\/revisions\/4039"}],"wp:featuredmedia":[{"embeddable":true,"href":"https:\/\/jg-dortmund.de\/ru\/wp-json\/wp\/v2\/media\/1641"}],"wp:attachment":[{"href":"https:\/\/jg-dortmund.de\/ru\/wp-json\/wp\/v2\/media?parent=169"}],"curies":[{"name":"wp","href":"https:\/\/api.w.org\/{rel}","templated":true}]}}