{"id":1597,"date":"2017-12-01T19:09:11","date_gmt":"2017-12-01T19:09:11","guid":{"rendered":"http:\/\/jg-dortmund.de\/?page_id=1597"},"modified":"2022-04-25T15:35:52","modified_gmt":"2022-04-25T13:35:52","slug":"impressum","status":"publish","type":"page","link":"https:\/\/jg-dortmund.de\/ru\/impressum","title":{"rendered":"Impressum"},"content":{"rendered":"<p><a href=\"https:\/\/jg-dortmund.de\/wp-content\/uploads\/2015\/07\/logoJKGD.png\" rel=\"lightbox[1597]\"><img loading=\"lazy\" decoding=\"async\" class=\"alignnone size-full wp-image-1084\" src=\"https:\/\/jg-dortmund.de\/wp-content\/uploads\/2015\/07\/logoJKGD.png\" alt=\"\" width=\"160\" height=\"40\"><\/a><br \/>\nJ\u00fcdische Kultusgemeinde Dortmund K.d.\u00f6.R.<\/p>\n<p><strong>der Vorstand:<\/strong><\/p>\n<div><em>Zwi Rappoport, Vorstandsvorsitzender<\/em><\/div>\n<div><em>Diana Broner<\/em><\/div>\n<div><em>Alexander Levin<\/em><\/div>\n<div>&nbsp;<\/div>\n<p>Prinz-Friedrich-Karl-Str. 9,<br \/>\n44135 Dortmund.<br \/>\nTel.: <a href=\"tel:+492315574720\">0231 \/ 5574720<\/a><br \/>\nFax: 0231 \u2013 557472-20<\/p>\n","protected":false},"excerpt":{"rendered":"<p>J\u00fcdische Kultusgemeinde Dortmund K.d.\u00f6.R. der Vorstand: Zwi Rappoport, Vorstandsvorsitzender Diana Broner Alexander Levin &nbsp; Prinz-Friedrich-Karl-Str. 9, 44135 Dortmund. Tel.: 0231 \/ 5574720 Fax: 0231 \u2013 557472-20<\/p>\n","protected":false},"author":1,"featured_media":0,"parent":0,"menu_order":0,"comment_status":"closed","ping_status":"closed","template":"","meta":{"ngg_post_thumbnail":0,"footnotes":""},"class_list":["post-1597","page","type-page","status-publish","hentry"],"yoast_head":"<!-- This site is optimized with the Yoast SEO plugin v27.2 - https:\/\/yoast.com\/product\/yoast-seo-wordpress\/ -->\n<title>Impressum - JKGD<\/title>\n<meta name=\"robots\" content=\"index, follow, max-snippet:-1, max-image-preview:large, max-video-preview:-1\" \/>\n<link rel=\"canonical\" href=\"https:\/\/jg-dortmund.de\/impressum\" \/>\n<meta property=\"og:locale\" content=\"ru_RU\" \/>\n<meta property=\"og:type\" content=\"article\" \/>\n<meta property=\"og:title\" content=\"Impressum - JKGD\" \/>\n<meta property=\"og:description\" content=\"J\u00fcdische Kultusgemeinde Dortmund K.d.\u00f6.R. der Vorstand: Zwi Rappoport, Vorstandsvorsitzender Diana Broner Alexander Levin &nbsp; Prinz-Friedrich-Karl-Str. 9, 44135 Dortmund. Tel.: 0231 \/ 5574720 Fax: 0231 \u2013 557472-20\" \/>\n<meta property=\"og:url\" content=\"https:\/\/jg-dortmund.de\/impressum\" \/>\n<meta property=\"og:site_name\" content=\"JKGD\" \/>\n<meta property=\"article:modified_time\" content=\"2022-04-25T13:35:52+00:00\" \/>\n<meta property=\"og:image\" content=\"https:\/\/jg-dortmund.de\/wp-content\/uploads\/2015\/07\/logoJKGD.png\" \/>\n<meta name=\"twitter:card\" content=\"summary_large_image\" \/>\n<script type=\"application\/ld+json\" class=\"yoast-schema-graph\">{\"@context\":\"https:\/\/schema.org\",\"@graph\":[{\"@type\":\"WebPage\",\"@id\":\"https:\/\/jg-dortmund.de\/impressum\",\"url\":\"https:\/\/jg-dortmund.de\/impressum\",\"name\":\"Impressum - JKGD\",\"isPartOf\":{\"@id\":\"https:\/\/jg-dortmund.de\/de\/#website\"},\"primaryImageOfPage\":{\"@id\":\"https:\/\/jg-dortmund.de\/impressum#primaryimage\"},\"image\":{\"@id\":\"https:\/\/jg-dortmund.de\/impressum#primaryimage\"},\"thumbnailUrl\":\"https:\/\/jg-dortmund.de\/wp-content\/uploads\/2015\/07\/logoJKGD.png\",\"datePublished\":\"2017-12-01T19:09:11+00:00\",\"dateModified\":\"2022-04-25T13:35:52+00:00\",\"breadcrumb\":{\"@id\":\"https:\/\/jg-dortmund.de\/impressum#breadcrumb\"},\"inLanguage\":\"ru-RU\",\"potentialAction\":[{\"@type\":\"ReadAction\",\"target\":[\"https:\/\/jg-dortmund.de\/impressum\"]}]},{\"@type\":\"ImageObject\",\"inLanguage\":\"ru-RU\",\"@id\":\"https:\/\/jg-dortmund.de\/impressum#primaryimage\",\"url\":\"https:\/\/jg-dortmund.de\/wp-content\/uploads\/2015\/07\/logoJKGD.png\",\"contentUrl\":\"https:\/\/jg-dortmund.de\/wp-content\/uploads\/2015\/07\/logoJKGD.png\"},{\"@type\":\"BreadcrumbList\",\"@id\":\"https:\/\/jg-dortmund.de\/impressum#breadcrumb\",\"itemListElement\":[{\"@type\":\"ListItem\",\"position\":1,\"name\":\"Startseite\",\"item\":\"https:\/\/jg-dortmund.de\/\"},{\"@type\":\"ListItem\",\"position\":2,\"name\":\"Impressum\"}]},{\"@type\":\"WebSite\",\"@id\":\"https:\/\/jg-dortmund.de\/de\/#website\",\"url\":\"https:\/\/jg-dortmund.de\/de\/\",\"name\":\"JKGD\",\"description\":\"J\u00fcdische Kultusgemeinde Gro\u00df-Dortmund K.d.\u00f6.R\",\"publisher\":{\"@id\":\"https:\/\/jg-dortmund.de\/de\/#organization\"},\"potentialAction\":[{\"@type\":\"SearchAction\",\"target\":{\"@type\":\"EntryPoint\",\"urlTemplate\":\"https:\/\/jg-dortmund.de\/de\/?s={search_term_string}\"},\"query-input\":{\"@type\":\"PropertyValueSpecification\",\"valueRequired\":true,\"valueName\":\"search_term_string\"}}],\"inLanguage\":\"ru-RU\"},{\"@type\":\"Organization\",\"@id\":\"https:\/\/jg-dortmund.de\/de\/#organization\",\"name\":\"JKGD\",\"url\":\"https:\/\/jg-dortmund.de\/de\/\",\"logo\":{\"@type\":\"ImageObject\",\"inLanguage\":\"ru-RU\",\"@id\":\"https:\/\/jg-dortmund.de\/de\/#\/schema\/logo\/image\/\",\"url\":\"\",\"contentUrl\":\"\",\"caption\":\"JKGD\"},\"image\":{\"@id\":\"https:\/\/jg-dortmund.de\/de\/#\/schema\/logo\/image\/\"}}]}<\/script>\n<!-- \/ Yoast SEO plugin. -->","yoast_head_json":{"title":"Impressum - JKGD","robots":{"index":"index","follow":"follow","max-snippet":"max-snippet:-1","max-image-preview":"max-image-preview:large","max-video-preview":"max-video-preview:-1"},"canonical":"https:\/\/jg-dortmund.de\/impressum","og_locale":"ru_RU","og_type":"article","og_title":"Impressum - JKGD","og_description":"J\u00fcdische Kultusgemeinde Dortmund K.d.\u00f6.R. der Vorstand: Zwi Rappoport, Vorstandsvorsitzender Diana Broner Alexander Levin &nbsp; Prinz-Friedrich-Karl-Str. 9, 44135 Dortmund. Tel.: 0231 \/ 5574720 Fax: 0231 \u2013 557472-20","og_url":"https:\/\/jg-dortmund.de\/impressum","og_site_name":"JKGD","article_modified_time":"2022-04-25T13:35:52+00:00","og_image":[{"url":"https:\/\/jg-dortmund.de\/wp-content\/uploads\/2015\/07\/logoJKGD.png","type":"","width":"","height":""}],"twitter_card":"summary_large_image","schema":{"@context":"https:\/\/schema.org","@graph":[{"@type":"WebPage","@id":"https:\/\/jg-dortmund.de\/impressum","url":"https:\/\/jg-dortmund.de\/impressum","name":"Impressum - JKGD","isPartOf":{"@id":"https:\/\/jg-dortmund.de\/de\/#website"},"primaryImageOfPage":{"@id":"https:\/\/jg-dortmund.de\/impressum#primaryimage"},"image":{"@id":"https:\/\/jg-dortmund.de\/impressum#primaryimage"},"thumbnailUrl":"https:\/\/jg-dortmund.de\/wp-content\/uploads\/2015\/07\/logoJKGD.png","datePublished":"2017-12-01T19:09:11+00:00","dateModified":"2022-04-25T13:35:52+00:00","breadcrumb":{"@id":"https:\/\/jg-dortmund.de\/impressum#breadcrumb"},"inLanguage":"ru-RU","potentialAction":[{"@type":"ReadAction","target":["https:\/\/jg-dortmund.de\/impressum"]}]},{"@type":"ImageObject","inLanguage":"ru-RU","@id":"https:\/\/jg-dortmund.de\/impressum#primaryimage","url":"https:\/\/jg-dortmund.de\/wp-content\/uploads\/2015\/07\/logoJKGD.png","contentUrl":"https:\/\/jg-dortmund.de\/wp-content\/uploads\/2015\/07\/logoJKGD.png"},{"@type":"BreadcrumbList","@id":"https:\/\/jg-dortmund.de\/impressum#breadcrumb","itemListElement":[{"@type":"ListItem","position":1,"name":"Startseite","item":"https:\/\/jg-dortmund.de\/"},{"@type":"ListItem","position":2,"name":"Impressum"}]},{"@type":"WebSite","@id":"https:\/\/jg-dortmund.de\/de\/#website","url":"https:\/\/jg-dortmund.de\/de\/","name":"JKGD","description":"J\u00fcdische Kultusgemeinde Gro\u00df-Dortmund K.d.\u00f6.R","publisher":{"@id":"https:\/\/jg-dortmund.de\/de\/#organization"},"potentialAction":[{"@type":"SearchAction","target":{"@type":"EntryPoint","urlTemplate":"https:\/\/jg-dortmund.de\/de\/?s={search_term_string}"},"query-input":{"@type":"PropertyValueSpecification","valueRequired":true,"valueName":"search_term_string"}}],"inLanguage":"ru-RU"},{"@type":"Organization","@id":"https:\/\/jg-dortmund.de\/de\/#organization","name":"JKGD","url":"https:\/\/jg-dortmund.de\/de\/","logo":{"@type":"ImageObject","inLanguage":"ru-RU","@id":"https:\/\/jg-dortmund.de\/de\/#\/schema\/logo\/image\/","url":"","contentUrl":"","caption":"JKGD"},"image":{"@id":"https:\/\/jg-dortmund.de\/de\/#\/schema\/logo\/image\/"}}]}},"_links":{"self":[{"href":"https:\/\/jg-dortmund.de\/ru\/wp-json\/wp\/v2\/pages\/1597","targetHints":{"allow":["GET"]}}],"collection":[{"href":"https:\/\/jg-dortmund.de\/ru\/wp-json\/wp\/v2\/pages"}],"about":[{"href":"https:\/\/jg-dortmund.de\/ru\/wp-json\/wp\/v2\/types\/page"}],"author":[{"embeddable":true,"href":"https:\/\/jg-dortmund.de\/ru\/wp-json\/wp\/v2\/users\/1"}],"replies":[{"embeddable":true,"href":"https:\/\/jg-dortmund.de\/ru\/wp-json\/wp\/v2\/comments?post=1597"}],"version-history":[{"count":0,"href":"https:\/\/jg-dortmund.de\/ru\/wp-json\/wp\/v2\/pages\/1597\/revisions"}],"wp:attachment":[{"href":"https:\/\/jg-dortmund.de\/ru\/wp-json\/wp\/v2\/media?parent=1597"}],"curies":[{"name":"wp","href":"https:\/\/api.w.org\/{rel}","templated":true}]}}