{"id":1438,"date":"2017-09-03T13:36:36","date_gmt":"2017-09-03T13:36:36","guid":{"rendered":"http:\/\/jg-dortmund.de\/?page_id=1438"},"modified":"2017-09-03T13:46:07","modified_gmt":"2017-09-03T13:46:07","slug":"kultur-kommunikation","status":"publish","type":"page","link":"https:\/\/jg-dortmund.de\/ru\/kultur-kommunikation","title":{"rendered":"\u041a\u0443\u043b\u044c\u0442\u0443\u0440\u0430 \u0438 \u043e\u0431\u0449\u0435\u043d\u0438\u0435"},"content":{"rendered":"    <div data-options='{&quot;id&quot;:&quot;1448&quot;,&quot;lazy_load&quot;:&quot;no&quot;,&quot;masonry_enable&quot;:&quot;no&quot;,&quot;view_type&quot;:&quot;grid&quot;,&quot;no_posts_text&quot;:&quot;&quot;}' id=\"post-grid-1448\" class=\"post-grid grid\">\n    \n\n\n    <div class=\"grid-items\">\n      <div class=\"item item-1311 skin flat even 0 \">\n        <div class=\"layer-wrapper layout-2112\">\n          <div class=\"layer-media element_1587187627902\"\r\n        id=\"\">\r\n        <div\r\n        class=\"element element_1587190790308  element-media \">\r\n        <a target=\"_self\" href=\"https:\/\/jg-dortmund.de\/ru\/konzerte-und-veranstaltungen\"><img loading=\"lazy\" decoding=\"async\" width=\"940\" height=\"742\" src=\"https:\/\/jg-dortmund.de\/wp-content\/uploads\/2017\/09\/KonzerteUndVeranstaltungenBB-940x742.jpg\" class=\"attachment-large size-large wp-post-image\" alt=\"\" \/><\/a>    <\/div>\r\n    <\/div>\r\n    <div class=\"layer-content element_1587187714568\"\r\n        id=\"\">\r\n        <div class=\"element element_1587187895341  title \">\r\n                    <a target=\"_self\"\r\n                href=\"https:\/\/jg-dortmund.de\/ru\/konzerte-und-veranstaltungen\">\u041a\u043e\u043d\u0446\u0435\u0440\u0442\u044b \u0438 \u043c\u0435\u0440\u043e\u043f\u0440\u0438\u044f\u0442\u0438\u044f<\/a>\r\n            <\/div>\r\n    <\/div>\r\n    <\/div>\n  <\/div><div class=\"item item-1313 skin flat odd 1 \">\n        <div class=\"layer-wrapper layout-2112\">\n          <div class=\"layer-media element_1587187627902\"\r\n        id=\"\">\r\n        <div\r\n        class=\"element element_1587190790308  element-media \">\r\n        <a target=\"_self\" href=\"https:\/\/jg-dortmund.de\/ru\/frauenverein\"><img loading=\"lazy\" decoding=\"async\" width=\"940\" height=\"742\" src=\"https:\/\/jg-dortmund.de\/wp-content\/uploads\/2017\/09\/FrauenvereinBB-940x742.jpg\" class=\"attachment-large size-large wp-post-image\" alt=\"\" \/><\/a>    <\/div>\r\n    <\/div>\r\n    <div class=\"layer-content element_1587187714568\"\r\n        id=\"\">\r\n        <div class=\"element element_1587187895341  title \">\r\n                    <a target=\"_self\"\r\n                href=\"https:\/\/jg-dortmund.de\/ru\/frauenverein\">\u0416\u0435\u043d\u0441\u043a\u0438\u0439 \u043a\u043b\u0443\u0431<\/a>\r\n            <\/div>\r\n    <\/div>\r\n    <\/div>\n  <\/div><div class=\"item item-1315 skin flat even 2 \">\n        <div class=\"layer-wrapper layout-2112\">\n          <div class=\"layer-media element_1587187627902\"\r\n        id=\"\">\r\n        <div\r\n        class=\"element element_1587190790308  element-media \">\r\n        <a target=\"_self\" href=\"https:\/\/jg-dortmund.de\/ru\/bibliotheken\"><img loading=\"lazy\" decoding=\"async\" width=\"940\" height=\"742\" src=\"https:\/\/jg-dortmund.de\/wp-content\/uploads\/2017\/09\/BibliothekenBB-940x742.jpg\" class=\"attachment-large size-large wp-post-image\" alt=\"\" \/><\/a>    <\/div>\r\n    <\/div>\r\n    <div class=\"layer-content element_1587187714568\"\r\n        id=\"\">\r\n        <div class=\"element element_1587187895341  title \">\r\n                    <a target=\"_self\"\r\n                href=\"https:\/\/jg-dortmund.de\/ru\/bibliotheken\">\u0411\u0438\u0431\u043b\u0438\u043e\u0442\u0435\u043a\u0438<\/a>\r\n            <\/div>\r\n    <\/div>\r\n    <\/div>\n  <\/div><div class=\"item item-1317 skin flat odd 3 \">\n        <div class=\"layer-wrapper layout-2112\">\n          <div class=\"layer-media element_1587187627902\"\r\n        id=\"\">\r\n        <div\r\n        class=\"element element_1587190790308  element-media \">\r\n        <a target=\"_self\" href=\"https:\/\/jg-dortmund.de\/ru\/unsere-aktivitaeten\"><img loading=\"lazy\" decoding=\"async\" width=\"940\" height=\"742\" src=\"https:\/\/jg-dortmund.de\/wp-content\/uploads\/2017\/09\/UnsereAktivitaetenBB-940x742.jpg\" class=\"attachment-large size-large wp-post-image\" alt=\"\" \/><\/a>    <\/div>\r\n    <\/div>\r\n    <div class=\"layer-content element_1587187714568\"\r\n        id=\"\">\r\n        <div class=\"element element_1587187895341  title \">\r\n                    <a target=\"_self\"\r\n                href=\"https:\/\/jg-dortmund.de\/ru\/unsere-aktivitaeten\">\u0410\u043a\u0442\u0438\u0432\u043d\u0430\u044f \u0436\u0438\u0437\u043d\u044c<\/a>\r\n            <\/div>\r\n    <\/div>\r\n    <\/div>\n  <\/div><div class=\"item item-2221 skin flat even 4 \">\n        <div class=\"layer-wrapper layout-2112\">\n          <div class=\"layer-media element_1587187627902\"\r\n        id=\"\">\r\n        <div\r\n        class=\"element element_1587190790308  element-media \">\r\n        <a target=\"_self\" href=\"https:\/\/jg-dortmund.de\/ru\/1700jahre\"><img loading=\"lazy\" decoding=\"async\" width=\"940\" height=\"742\" src=\"https:\/\/jg-dortmund.de\/wp-content\/uploads\/2017\/09\/1700JahreJuedischerGeschichteInDeutschlandBB1-940x742.jpg\" class=\"attachment-large size-large wp-post-image\" alt=\"\" \/><\/a>    <\/div>\r\n    <\/div>\r\n    <div class=\"layer-content element_1587187714568\"\r\n        id=\"\">\r\n        <div class=\"element element_1587187895341  title \">\r\n                    <a target=\"_self\"\r\n                href=\"https:\/\/jg-dortmund.de\/ru\/1700jahre\">1700 \u043b\u0435\u0442 \u0435\u0432\u0440\u0435\u0439\u0441\u043a\u043e\u0439 \u0438\u0441\u0442\u043e\u0440\u0438\u0438 \u0432 \u0413\u0435\u0440\u043c\u0430\u043d\u0438\u0438<\/a>\r\n            <\/div>\r\n    <\/div>\r\n    <\/div>\n  <\/div><div class=\"item item-2615 skin flat odd 5 \">\n        <div class=\"layer-wrapper layout-2112\">\n          <div class=\"layer-media element_1587187627902\"\r\n        id=\"\">\r\n        <div\r\n        class=\"element element_1587190790308  element-media \">\r\n        <a target=\"_self\" href=\"https:\/\/jg-dortmund.de\/ru\/kulturbox\"><img loading=\"lazy\" decoding=\"async\" width=\"940\" height=\"742\" src=\"https:\/\/jg-dortmund.de\/wp-content\/uploads\/2021\/08\/kulturbox-940x742.jpg\" class=\"attachment-large size-large wp-post-image\" alt=\"\" \/><\/a>    <\/div>\r\n    <\/div>\r\n    <div class=\"layer-content element_1587187714568\"\r\n        id=\"\">\r\n        <div class=\"element element_1587187895341  title \">\r\n                    <a target=\"_self\"\r\n                href=\"https:\/\/jg-dortmund.de\/ru\/kulturbox\">Schalom-Kultur-Box mit Tirzah Haase<\/a>\r\n            <\/div>\r\n    <\/div>\r\n    <\/div>\n  <\/div>    <\/div>\n    <div class=\"pagination\">\n      <div class=\"paginate\">\n      <\/div>\n  <style type=\"text\/css\">\n    #post-grid-1448 .pagination .page-numbers {\n      font-size: 16px;\n      color: #fff;\n      background: #646464;\n    }\n\n    #post-grid-1448 .pagination .page-numbers:hover,\n    #post-grid-1448 .pagination .page-numbers.current {\n      background: #4b4b4b;\n    }\n  <\/style>\n  <\/div>\n        <style type=\"text\/css\">\r\n            .layout-2112 .element_1587187627902 {\r\n                            }\r\n\r\n                    <\/style>\r\n        <style type=\"text\/css\">\r\n        .layout-2112 .element_1587190790308 {\r\n            overflow: hidden;\r\n                    }\r\n\r\n        .layout-2112 .element_1587190790308 img {\r\n            max-width: 100%;\r\n            height: auto;\r\n        }\r\n\r\n        @media only screen and (min-width: 1024px) {\r\n            .layout-2112 .element_1587190790308 {\r\n                height: auto;\r\n                            }\r\n        }\r\n\r\n        @media only screen and (min-width: 768px) and (max-width: 1023px) {\r\n            .layout-2112 .element_1587190790308 {\r\n                height: auto;\r\n                            }\r\n        }\r\n\r\n        @media only screen and (min-width: 0px) and (max-width: 767px) {\r\n            .layout-2112 .element_1587190790308 {\r\n                height: auto;\r\n                            }\r\n        }\r\n    <\/style>\r\n        <style type=\"text\/css\">\r\n            .layout-2112 .element_1587187714568 {\r\n                            }\r\n\r\n                    <\/style>\r\n        <style type=\"text\/css\">\r\n        .layout-2112 .element_1587187895341 {\r\n            font-size: 18px;\r\n            margin: 5px 0;\r\n            text-align: center;\r\n                    }\r\n\r\n        .layout-2112 .element_1587187895341 a {\r\n            font-size: 18px;\r\n            margin: 5px 0;\r\n            text-align: center;\r\n                    }\r\n    <\/style>\r\n      <style type=\"text\/css\">\n      \/*Write your CSS code here*\/    <\/style>\n        <style type=\"text\/css\">\n      .layout-2112 a{text-decoration:none}.layout-2112{vertical-align:top}.layout-2112 .layer-content{padding:10px}    <\/style>\n    <script>\n          \/*Write your js code here*\/          <\/script>\n    <style type=\"text\/css\">\n    #post-grid-1448 {\n      padding: 6px;\n      background-color: #fff;\n          }\n\n    #post-grid-1448 .item {\n      padding: 0px;\n      background: #fff;\n          }\n\n    #post-grid-1448 .item .layer-media {\n      height:auto;    }\n\n    @media only screen and (min-width: 0px) and (max-width: 767px) {\n      #post-grid-1448 .grid-items {\n        text-align: center;\n              }\n\n      #post-grid-1448 .item {\n        width: 90%;\n        margin: 6px;\n        display: inline-block;\n        vertical-align: top;\n        height:auto;      }\n    }\n\n    @media only screen and (min-width: 768px) and (max-width: 1023px) {\n      #post-grid-1448 .grid-items {\n        text-align: center;\n              }\n\n      #post-grid-1448 .item {\n        width: 230px;\n        margin: 6px;\n        display: inline-block;\n        vertical-align: top;\n        max-height:auto;      }\n    }\n\n    @media only screen and (min-width: 1024px) {\n      #post-grid-1448 .grid-items {\n        text-align: center;\n              }\n\n      #post-grid-1448 .item {\n        width: 230px;\n        display: inline-block;\n        margin: 6px;\n        vertical-align: top;\n        height:auto;      }\n    }\n\n      <\/style>\n  <\/div>\n\n","protected":false},"excerpt":{"rendered":"","protected":false},"author":1,"featured_media":0,"parent":0,"menu_order":0,"comment_status":"closed","ping_status":"closed","template":"","meta":{"ngg_post_thumbnail":0,"footnotes":""},"class_list":["post-1438","page","type-page","status-publish","hentry"],"yoast_head":"<!-- This site is optimized with the Yoast SEO plugin v27.2 - https:\/\/yoast.com\/product\/yoast-seo-wordpress\/ -->\n<title>\u041a\u0443\u043b\u044c\u0442\u0443\u0440\u0430 \u0438 \u043e\u0431\u0449\u0435\u043d\u0438\u0435 - JKGD<\/title>\n<meta name=\"robots\" content=\"index, follow, max-snippet:-1, max-image-preview:large, max-video-preview:-1\" \/>\n<link rel=\"canonical\" href=\"https:\/\/jg-dortmund.de\/kultur-kommunikation\" \/>\n<meta property=\"og:locale\" content=\"ru_RU\" \/>\n<meta property=\"og:type\" content=\"article\" \/>\n<meta property=\"og:title\" content=\"[:de]Kultur &amp; Kommunikation[:ru]\u041a\u0443\u043b\u044c\u0442\u0443\u0440\u0430 \u0438 \u043e\u0431\u0449\u0435\u043d\u0438\u0435[:] - JKGD\" \/>\n<meta property=\"og:url\" content=\"https:\/\/jg-dortmund.de\/kultur-kommunikation\" \/>\n<meta property=\"og:site_name\" content=\"JKGD\" \/>\n<meta property=\"article:modified_time\" content=\"2017-09-03T13:46:07+00:00\" \/>\n<meta name=\"twitter:card\" content=\"summary_large_image\" \/>\n<script type=\"application\/ld+json\" class=\"yoast-schema-graph\">{\"@context\":\"https:\/\/schema.org\",\"@graph\":[{\"@type\":\"WebPage\",\"@id\":\"https:\/\/jg-dortmund.de\/kultur-kommunikation\",\"url\":\"https:\/\/jg-dortmund.de\/kultur-kommunikation\",\"name\":\"[:de]Kultur & Kommunikation[:ru]\u041a\u0443\u043b\u044c\u0442\u0443\u0440\u0430 \u0438 \u043e\u0431\u0449\u0435\u043d\u0438\u0435[:] - JKGD\",\"isPartOf\":{\"@id\":\"https:\/\/jg-dortmund.de\/de\/#website\"},\"datePublished\":\"2017-09-03T13:36:36+00:00\",\"dateModified\":\"2017-09-03T13:46:07+00:00\",\"breadcrumb\":{\"@id\":\"https:\/\/jg-dortmund.de\/kultur-kommunikation#breadcrumb\"},\"inLanguage\":\"ru-RU\",\"potentialAction\":[{\"@type\":\"ReadAction\",\"target\":[\"https:\/\/jg-dortmund.de\/kultur-kommunikation\"]}]},{\"@type\":\"BreadcrumbList\",\"@id\":\"https:\/\/jg-dortmund.de\/kultur-kommunikation#breadcrumb\",\"itemListElement\":[{\"@type\":\"ListItem\",\"position\":1,\"name\":\"Startseite\",\"item\":\"https:\/\/jg-dortmund.de\/\"},{\"@type\":\"ListItem\",\"position\":2,\"name\":\"Kultur &#038; Kommunikation\"}]},{\"@type\":\"WebSite\",\"@id\":\"https:\/\/jg-dortmund.de\/de\/#website\",\"url\":\"https:\/\/jg-dortmund.de\/de\/\",\"name\":\"JKGD\",\"description\":\"J\u00fcdische Kultusgemeinde Gro\u00df-Dortmund K.d.\u00f6.R\",\"publisher\":{\"@id\":\"https:\/\/jg-dortmund.de\/de\/#organization\"},\"potentialAction\":[{\"@type\":\"SearchAction\",\"target\":{\"@type\":\"EntryPoint\",\"urlTemplate\":\"https:\/\/jg-dortmund.de\/de\/?s={search_term_string}\"},\"query-input\":{\"@type\":\"PropertyValueSpecification\",\"valueRequired\":true,\"valueName\":\"search_term_string\"}}],\"inLanguage\":\"ru-RU\"},{\"@type\":\"Organization\",\"@id\":\"https:\/\/jg-dortmund.de\/de\/#organization\",\"name\":\"JKGD\",\"url\":\"https:\/\/jg-dortmund.de\/de\/\",\"logo\":{\"@type\":\"ImageObject\",\"inLanguage\":\"ru-RU\",\"@id\":\"https:\/\/jg-dortmund.de\/de\/#\/schema\/logo\/image\/\",\"url\":\"\",\"contentUrl\":\"\",\"caption\":\"JKGD\"},\"image\":{\"@id\":\"https:\/\/jg-dortmund.de\/de\/#\/schema\/logo\/image\/\"}}]}<\/script>\n<!-- \/ Yoast SEO plugin. -->","yoast_head_json":{"title":"[:de]Kultur & Kommunikation[:ru]\u041a\u0443\u043b\u044c\u0442\u0443\u0440\u0430 \u0438 \u043e\u0431\u0449\u0435\u043d\u0438\u0435[:] - JKGD","robots":{"index":"index","follow":"follow","max-snippet":"max-snippet:-1","max-image-preview":"max-image-preview:large","max-video-preview":"max-video-preview:-1"},"canonical":"https:\/\/jg-dortmund.de\/kultur-kommunikation","og_locale":"ru_RU","og_type":"article","og_title":"[:de]Kultur & Kommunikation[:ru]\u041a\u0443\u043b\u044c\u0442\u0443\u0440\u0430 \u0438 \u043e\u0431\u0449\u0435\u043d\u0438\u0435[:] - JKGD","og_url":"https:\/\/jg-dortmund.de\/kultur-kommunikation","og_site_name":"JKGD","article_modified_time":"2017-09-03T13:46:07+00:00","twitter_card":"summary_large_image","schema":{"@context":"https:\/\/schema.org","@graph":[{"@type":"WebPage","@id":"https:\/\/jg-dortmund.de\/kultur-kommunikation","url":"https:\/\/jg-dortmund.de\/kultur-kommunikation","name":"[:de]Kultur & Kommunikation[:ru]\u041a\u0443\u043b\u044c\u0442\u0443\u0440\u0430 \u0438 \u043e\u0431\u0449\u0435\u043d\u0438\u0435[:] - JKGD","isPartOf":{"@id":"https:\/\/jg-dortmund.de\/de\/#website"},"datePublished":"2017-09-03T13:36:36+00:00","dateModified":"2017-09-03T13:46:07+00:00","breadcrumb":{"@id":"https:\/\/jg-dortmund.de\/kultur-kommunikation#breadcrumb"},"inLanguage":"ru-RU","potentialAction":[{"@type":"ReadAction","target":["https:\/\/jg-dortmund.de\/kultur-kommunikation"]}]},{"@type":"BreadcrumbList","@id":"https:\/\/jg-dortmund.de\/kultur-kommunikation#breadcrumb","itemListElement":[{"@type":"ListItem","position":1,"name":"Startseite","item":"https:\/\/jg-dortmund.de\/"},{"@type":"ListItem","position":2,"name":"Kultur &#038; Kommunikation"}]},{"@type":"WebSite","@id":"https:\/\/jg-dortmund.de\/de\/#website","url":"https:\/\/jg-dortmund.de\/de\/","name":"JKGD","description":"J\u00fcdische Kultusgemeinde Gro\u00df-Dortmund K.d.\u00f6.R","publisher":{"@id":"https:\/\/jg-dortmund.de\/de\/#organization"},"potentialAction":[{"@type":"SearchAction","target":{"@type":"EntryPoint","urlTemplate":"https:\/\/jg-dortmund.de\/de\/?s={search_term_string}"},"query-input":{"@type":"PropertyValueSpecification","valueRequired":true,"valueName":"search_term_string"}}],"inLanguage":"ru-RU"},{"@type":"Organization","@id":"https:\/\/jg-dortmund.de\/de\/#organization","name":"JKGD","url":"https:\/\/jg-dortmund.de\/de\/","logo":{"@type":"ImageObject","inLanguage":"ru-RU","@id":"https:\/\/jg-dortmund.de\/de\/#\/schema\/logo\/image\/","url":"","contentUrl":"","caption":"JKGD"},"image":{"@id":"https:\/\/jg-dortmund.de\/de\/#\/schema\/logo\/image\/"}}]}},"_links":{"self":[{"href":"https:\/\/jg-dortmund.de\/ru\/wp-json\/wp\/v2\/pages\/1438","targetHints":{"allow":["GET"]}}],"collection":[{"href":"https:\/\/jg-dortmund.de\/ru\/wp-json\/wp\/v2\/pages"}],"about":[{"href":"https:\/\/jg-dortmund.de\/ru\/wp-json\/wp\/v2\/types\/page"}],"author":[{"embeddable":true,"href":"https:\/\/jg-dortmund.de\/ru\/wp-json\/wp\/v2\/users\/1"}],"replies":[{"embeddable":true,"href":"https:\/\/jg-dortmund.de\/ru\/wp-json\/wp\/v2\/comments?post=1438"}],"version-history":[{"count":0,"href":"https:\/\/jg-dortmund.de\/ru\/wp-json\/wp\/v2\/pages\/1438\/revisions"}],"wp:attachment":[{"href":"https:\/\/jg-dortmund.de\/ru\/wp-json\/wp\/v2\/media?parent=1438"}],"curies":[{"name":"wp","href":"https:\/\/api.w.org\/{rel}","templated":true}]}}