{"id":1436,"date":"2017-09-03T13:35:48","date_gmt":"2017-09-03T13:35:48","guid":{"rendered":"http:\/\/jg-dortmund.de\/?page_id=1436"},"modified":"2024-03-07T16:06:35","modified_gmt":"2024-03-07T15:06:35","slug":"soziales-senioren","status":"publish","type":"page","link":"https:\/\/jg-dortmund.de\/ru\/soziales-senioren","title":{"rendered":"\u0421\u043e\u0446\u0438\u0430\u043b\u044c\u043d\u044b\u0439 \u043e\u0442\u0434\u0435\u043b"},"content":{"rendered":"    <div data-options='{&quot;id&quot;:&quot;1442&quot;,&quot;lazy_load&quot;:&quot;no&quot;,&quot;masonry_enable&quot;:&quot;no&quot;,&quot;view_type&quot;:&quot;grid&quot;,&quot;no_posts_text&quot;:&quot;&quot;}' id=\"post-grid-1442\" class=\"post-grid grid\">\n    \n\n\n    <div class=\"grid-items\">\n      <div class=\"item item-1289 skin flat even 0 \">\n        <div class=\"layer-wrapper layout-2112\">\n          <div class=\"layer-media element_1587187627902\"\r\n        id=\"\">\r\n        <div\r\n        class=\"element element_1587190790308  element-media \">\r\n        <a target=\"_self\" href=\"https:\/\/jg-dortmund.de\/ru\/sozialabteilung\"><img loading=\"lazy\" decoding=\"async\" width=\"940\" height=\"742\" src=\"https:\/\/jg-dortmund.de\/wp-content\/uploads\/2017\/09\/SozialabteilungInformiertBB-940x742.jpg\" class=\"attachment-large size-large wp-post-image\" alt=\"\" \/><\/a>    <\/div>\r\n    <\/div>\r\n    <div class=\"layer-content element_1587187714568\"\r\n        id=\"\">\r\n        <div class=\"element element_1587187895341  title \">\r\n                    <a target=\"_self\"\r\n                href=\"https:\/\/jg-dortmund.de\/ru\/sozialabteilung\">\u0421\u043e\u0446\u0438\u0430\u043b\u044c\u043d\u044b\u0439 \u043e\u0442\u0434\u0435\u043b<\/a>\r\n            <\/div>\r\n    <\/div>\r\n    <\/div>\n  <\/div><div class=\"item item-1291 skin flat odd 1 \">\n        <div class=\"layer-wrapper layout-2112\">\n          <div class=\"layer-media element_1587187627902\"\r\n        id=\"\">\r\n        <div\r\n        class=\"element element_1587190790308  element-media \">\r\n        <a target=\"_self\" href=\"https:\/\/jg-dortmund.de\/ru\/wir-helfen-ihnen\"><img loading=\"lazy\" decoding=\"async\" width=\"940\" height=\"742\" src=\"https:\/\/jg-dortmund.de\/wp-content\/uploads\/2017\/09\/WirHelfenIhnenBB-940x742.jpg\" class=\"attachment-large size-large wp-post-image\" alt=\"\" \/><\/a>    <\/div>\r\n    <\/div>\r\n    <div class=\"layer-content element_1587187714568\"\r\n        id=\"\">\r\n        <div class=\"element element_1587187895341  title \">\r\n                    <a target=\"_self\"\r\n                href=\"https:\/\/jg-dortmund.de\/ru\/wir-helfen-ihnen\">\u041c\u044b \u043f\u0440\u0435\u0434\u043e\u0441\u0442\u0430\u0432\u043b\u044f\u0435\u043c \u043f\u043e\u043c\u043e\u0449\u044c!<\/a>\r\n            <\/div>\r\n    <\/div>\r\n    <\/div>\n  <\/div><div class=\"item item-1293 skin flat even 2 \">\n        <div class=\"layer-wrapper layout-2112\">\n          <div class=\"layer-media element_1587187627902\"\r\n        id=\"\">\r\n        <div\r\n        class=\"element element_1587190790308  element-media \">\r\n        <a target=\"_self\" href=\"https:\/\/jg-dortmund.de\/ru\/deutschkurse\"><img loading=\"lazy\" decoding=\"async\" width=\"940\" height=\"742\" src=\"https:\/\/jg-dortmund.de\/wp-content\/uploads\/2017\/09\/DeutschkurseBB-940x742.jpg\" class=\"attachment-large size-large wp-post-image\" alt=\"\" \/><\/a>    <\/div>\r\n    <\/div>\r\n    <div class=\"layer-content element_1587187714568\"\r\n        id=\"\">\r\n        <div class=\"element element_1587187895341  title \">\r\n                    <a target=\"_self\"\r\n                href=\"https:\/\/jg-dortmund.de\/ru\/deutschkurse\">\u041a\u0443\u0440\u0441\u044b \u043d\u0435\u043c\u0435\u0446\u043a\u043e\u0433\u043e<\/a>\r\n            <\/div>\r\n    <\/div>\r\n    <\/div>\n  <\/div><div class=\"item item-2412 skin flat odd 3 \">\n        <div class=\"layer-wrapper layout-2112\">\n          <div class=\"layer-media element_1587187627902\"\r\n        id=\"\">\r\n        <div\r\n        class=\"element element_1587190790308  element-media \">\r\n        <a target=\"_self\" href=\"https:\/\/jg-dortmund.de\/ru\/adira\"><img loading=\"lazy\" decoding=\"async\" width=\"620\" height=\"489\" src=\"https:\/\/jg-dortmund.de\/wp-content\/uploads\/2021\/03\/bb_adira.png\" class=\"attachment-large size-large wp-post-image\" alt=\"\" \/><\/a>    <\/div>\r\n    <\/div>\r\n    <div class=\"layer-content element_1587187714568\"\r\n        id=\"\">\r\n        <div class=\"element element_1587187895341  title \">\r\n                    <a target=\"_self\"\r\n                href=\"https:\/\/jg-dortmund.de\/ru\/adira\">ADIRA<\/a>\r\n            <\/div>\r\n    <\/div>\r\n    <\/div>\n  <\/div><div class=\"item item-2457 skin flat even 4 \">\n        <div class=\"layer-wrapper layout-2112\">\n          <div class=\"layer-media element_1587187627902\"\r\n        id=\"\">\r\n        <div\r\n        class=\"element element_1587190790308  element-media \">\r\n        <a target=\"_self\" href=\"https:\/\/jg-dortmund.de\/ru\/integrationsagentur\"><img loading=\"lazy\" decoding=\"async\" width=\"940\" height=\"742\" src=\"https:\/\/jg-dortmund.de\/wp-content\/uploads\/2021\/04\/integrationsagent-940x742.jpg\" class=\"attachment-large size-large wp-post-image\" alt=\"\" \/><\/a>    <\/div>\r\n    <\/div>\r\n    <div class=\"layer-content element_1587187714568\"\r\n        id=\"\">\r\n        <div class=\"element element_1587187895341  title \">\r\n                    <a target=\"_self\"\r\n                href=\"https:\/\/jg-dortmund.de\/ru\/integrationsagentur\">A\u0433\u0435\u043d\u0442\u0441\u0442\u0432\u043e \u043f\u043e \u0438\u043d\u0442\u0435\u0433\u0440\u0430\u0446\u0438\u0438<\/a>\r\n            <\/div>\r\n    <\/div>\r\n    <\/div>\n  <\/div><div class=\"item item-2466 skin flat odd 5 \">\n        <div class=\"layer-wrapper layout-2112\">\n          <div class=\"layer-media element_1587187627902\"\r\n        id=\"\">\r\n        <div\r\n        class=\"element element_1587190790308  element-media \">\r\n        <a target=\"_self\" href=\"https:\/\/jg-dortmund.de\/ru\/mittendrin-in-hoerde\"><img loading=\"lazy\" decoding=\"async\" width=\"270\" height=\"213\" src=\"https:\/\/jg-dortmund.de\/wp-content\/uploads\/2021\/04\/MittendrinInHoerde_Logo.jpg\" class=\"attachment-large size-large wp-post-image\" alt=\"\" \/><\/a>    <\/div>\r\n    <\/div>\r\n    <div class=\"layer-content element_1587187714568\"\r\n        id=\"\">\r\n        <div class=\"element element_1587187895341  title \">\r\n                    <a target=\"_self\"\r\n                href=\"https:\/\/jg-dortmund.de\/ru\/mittendrin-in-hoerde\">\u041a\u043e\u043d\u0441\u0443\u043b\u044c\u0442\u0430\u0446\u0438\u043e\u043d\u043d\u044b\u0439 \u0446\u0435\u043d\u0442\u0440 \u0438 \u0446\u0435\u043d\u0442\u0440 \u043a\u0443\u043b\u044c\u0442\u0443\u0440\u044b \u0432 \u0425\u0451\u0440\u0434\u0435<\/a>\r\n            <\/div>\r\n    <\/div>\r\n    <\/div>\n  <\/div><div class=\"item item-2471 skin flat even 6 \">\n        <div class=\"layer-wrapper layout-2112\">\n          <div class=\"layer-media element_1587187627902\"\r\n        id=\"\">\r\n        <div\r\n        class=\"element element_1587190790308  element-media \">\r\n        <a target=\"_self\" href=\"https:\/\/jg-dortmund.de\/ru\/bundesfreiwilligendienst\"><img loading=\"lazy\" decoding=\"async\" width=\"270\" height=\"213\" src=\"https:\/\/jg-dortmund.de\/wp-content\/uploads\/2021\/04\/bfd.jpg\" class=\"attachment-large size-large wp-post-image\" alt=\"\" \/><\/a>    <\/div>\r\n    <\/div>\r\n    <div class=\"layer-content element_1587187714568\"\r\n        id=\"\">\r\n        <div class=\"element element_1587187895341  title \">\r\n                    <a target=\"_self\"\r\n                href=\"https:\/\/jg-dortmund.de\/ru\/bundesfreiwilligendienst\">\u0424\u0435\u0434\u0435\u0440\u0430\u043b\u044c\u043d\u0430\u044f \u0434\u043e\u0431\u0440\u043e\u0432\u043e\u043b\u044c\u043d\u0430\u044f \u0433\u0440\u0430\u0436\u0434\u0430\u043d\u0441\u043a\u0430\u044f \u0441\u043b\u0443\u0436\u0431\u0430<\/a>\r\n            <\/div>\r\n    <\/div>\r\n    <\/div>\n  <\/div><div class=\"item item-1301 skin flat odd 7 \">\n        <div class=\"layer-wrapper layout-2112\">\n          <div class=\"layer-media element_1587187627902\"\r\n        id=\"\">\r\n        <div\r\n        class=\"element element_1587190790308  element-media \">\r\n        <a target=\"_self\" href=\"https:\/\/jg-dortmund.de\/ru\/psychologische-hilfe\"><img loading=\"lazy\" decoding=\"async\" width=\"940\" height=\"742\" src=\"https:\/\/jg-dortmund.de\/wp-content\/uploads\/2017\/09\/PsychologischeHilfeBB-940x742.jpg\" class=\"attachment-large size-large wp-post-image\" alt=\"\" \/><\/a>    <\/div>\r\n    <\/div>\r\n    <div class=\"layer-content element_1587187714568\"\r\n        id=\"\">\r\n        <div class=\"element element_1587187895341  title \">\r\n                    <a target=\"_self\"\r\n                href=\"https:\/\/jg-dortmund.de\/ru\/psychologische-hilfe\">\u041a\u043e\u043d\u0441\u0443\u043b\u044c\u0442\u0430\u0446\u0438\u044f \u043f\u0441\u0438\u0445\u043e\u043b\u043e\u0433\u0430<\/a>\r\n            <\/div>\r\n    <\/div>\r\n    <\/div>\n  <\/div><div class=\"item item-2671 skin flat even 8 \">\n        <div class=\"layer-wrapper layout-2112\">\n          <div class=\"layer-media element_1587187627902\"\r\n        id=\"\">\r\n        <div\r\n        class=\"element element_1587190790308  element-media \">\r\n        <a target=\"_self\" href=\"https:\/\/jg-dortmund.de\/ru\/filialen\"><img loading=\"lazy\" decoding=\"async\" width=\"940\" height=\"742\" src=\"https:\/\/jg-dortmund.de\/wp-content\/uploads\/2021\/10\/filialen-940x742.png\" class=\"attachment-large size-large wp-post-image\" alt=\"\" \/><\/a>    <\/div>\r\n    <\/div>\r\n    <div class=\"layer-content element_1587187714568\"\r\n        id=\"\">\r\n        <div class=\"element element_1587187895341  title \">\r\n                    <a target=\"_self\"\r\n                href=\"https:\/\/jg-dortmund.de\/ru\/filialen\">\u0421\u043e\u0446\u0438\u0430\u043b\u044c\u043d\u044b\u0435 \u043a\u043e\u043d\u0441\u0443\u043b\u044c\u0442\u0430\u0446\u0438\u0438 \u0432 \u0444\u0438\u043b\u0438\u0430\u043b\u0430\u0445<\/a>\r\n            <\/div>\r\n    <\/div>\r\n    <\/div>\n  <\/div><div class=\"item item-2858 skin flat odd 9 \">\n        <div class=\"layer-wrapper layout-2112\">\n          <div class=\"layer-media element_1587187627902\"\r\n        id=\"\">\r\n        <div\r\n        class=\"element element_1587190790308  element-media \">\r\n        <a target=\"_self\" href=\"https:\/\/jg-dortmund.de\/ru\/gefluechtete\"><img loading=\"lazy\" decoding=\"async\" width=\"940\" height=\"742\" src=\"https:\/\/jg-dortmund.de\/wp-content\/uploads\/2022\/03\/gefluechtete-940x742.png\" class=\"attachment-large size-large wp-post-image\" alt=\"\" \/><\/a>    <\/div>\r\n    <\/div>\r\n    <div class=\"layer-content element_1587187714568\"\r\n        id=\"\">\r\n        <div class=\"element element_1587187895341  title \">\r\n                    <a target=\"_self\"\r\n                href=\"https:\/\/jg-dortmund.de\/ru\/gefluechtete\">\u0411\u0435\u0436\u0435\u043d\u0446\u044b<\/a>\r\n            <\/div>\r\n    <\/div>\r\n    <\/div>\n  <\/div><div class=\"item item-3812 skin flat even 10 \">\n        <div class=\"layer-wrapper layout-2112\">\n          <div class=\"layer-media element_1587187627902\"\r\n        id=\"\">\r\n        <div\r\n        class=\"element element_1587190790308  element-media \">\r\n        <a target=\"_self\" href=\"https:\/\/jg-dortmund.de\/ru\/inklusion\"><img loading=\"lazy\" decoding=\"async\" width=\"844\" height=\"666\" src=\"https:\/\/jg-dortmund.de\/wp-content\/uploads\/2025\/07\/inklusion.jpg\" class=\"attachment-large size-large wp-post-image\" alt=\"\" \/><\/a>    <\/div>\r\n    <\/div>\r\n    <div class=\"layer-content element_1587187714568\"\r\n        id=\"\">\r\n        <div class=\"element element_1587187895341  title \">\r\n                    <a target=\"_self\"\r\n                href=\"https:\/\/jg-dortmund.de\/ru\/inklusion\">\u0418\u043d\u043a\u043b\u044e\u0437\u0438\u044f<\/a>\r\n            <\/div>\r\n    <\/div>\r\n    <\/div>\n  <\/div>    <\/div>\n    <div class=\"pagination\">\n      <div class=\"paginate\">\n      <\/div>\n  <style type=\"text\/css\">\n    #post-grid-1442 .pagination .page-numbers {\n      font-size: 16px;\n      color: #fff;\n      background: #646464;\n    }\n\n    #post-grid-1442 .pagination .page-numbers:hover,\n    #post-grid-1442 .pagination .page-numbers.current {\n      background: #4b4b4b;\n    }\n  <\/style>\n  <\/div>\n        <style type=\"text\/css\">\r\n            .layout-2112 .element_1587187627902 {\r\n                            }\r\n\r\n                    <\/style>\r\n        <style type=\"text\/css\">\r\n        .layout-2112 .element_1587190790308 {\r\n            overflow: hidden;\r\n                    }\r\n\r\n        .layout-2112 .element_1587190790308 img {\r\n            max-width: 100%;\r\n            height: auto;\r\n        }\r\n\r\n        @media only screen and (min-width: 1024px) {\r\n            .layout-2112 .element_1587190790308 {\r\n                height: auto;\r\n                            }\r\n        }\r\n\r\n        @media only screen and (min-width: 768px) and (max-width: 1023px) {\r\n            .layout-2112 .element_1587190790308 {\r\n                height: auto;\r\n                            }\r\n        }\r\n\r\n        @media only screen and (min-width: 0px) and (max-width: 767px) {\r\n            .layout-2112 .element_1587190790308 {\r\n                height: auto;\r\n                            }\r\n        }\r\n    <\/style>\r\n        <style type=\"text\/css\">\r\n            .layout-2112 .element_1587187714568 {\r\n                            }\r\n\r\n                    <\/style>\r\n        <style type=\"text\/css\">\r\n        .layout-2112 .element_1587187895341 {\r\n            font-size: 18px;\r\n            margin: 5px 0;\r\n            text-align: center;\r\n                    }\r\n\r\n        .layout-2112 .element_1587187895341 a {\r\n            font-size: 18px;\r\n            margin: 5px 0;\r\n            text-align: center;\r\n                    }\r\n    <\/style>\r\n      <style type=\"text\/css\">\n      \/*Write your CSS code here*\/    <\/style>\n        <style type=\"text\/css\">\n      .layout-2112 a{text-decoration:none}.layout-2112{vertical-align:top}.layout-2112 .layer-content{padding:10px}    <\/style>\n    <script>\n          \/*Write your js code here*\/          <\/script>\n    <style type=\"text\/css\">\n    #post-grid-1442 {\n      padding: 6px;\n      background-color: #fff;\n          }\n\n    #post-grid-1442 .item {\n      padding: 0px;\n      background: #fff;\n          }\n\n    #post-grid-1442 .item .layer-media {\n      height:auto;    }\n\n    @media only screen and (min-width: 0px) and (max-width: 767px) {\n      #post-grid-1442 .grid-items {\n        text-align: center;\n              }\n\n      #post-grid-1442 .item {\n        width: 90%;\n        margin: 6px;\n        display: inline-block;\n        vertical-align: top;\n        height:auto;      }\n    }\n\n    @media only screen and (min-width: 768px) and (max-width: 1023px) {\n      #post-grid-1442 .grid-items {\n        text-align: center;\n              }\n\n      #post-grid-1442 .item {\n        width: 230px;\n        margin: 6px;\n        display: inline-block;\n        vertical-align: top;\n        max-height:auto;      }\n    }\n\n    @media only screen and (min-width: 1024px) {\n      #post-grid-1442 .grid-items {\n        text-align: center;\n              }\n\n      #post-grid-1442 .item {\n        width: 230px;\n        display: inline-block;\n        margin: 6px;\n        vertical-align: top;\n        height:auto;      }\n    }\n\n      <\/style>\n  <\/div>\n\n","protected":false},"excerpt":{"rendered":"","protected":false},"author":1,"featured_media":0,"parent":0,"menu_order":0,"comment_status":"closed","ping_status":"closed","template":"","meta":{"ngg_post_thumbnail":0,"footnotes":""},"class_list":["post-1436","page","type-page","status-publish","hentry"],"yoast_head":"<!-- This site is optimized with the Yoast SEO plugin v27.2 - https:\/\/yoast.com\/product\/yoast-seo-wordpress\/ -->\n<title>\u0421\u043e\u0446\u0438\u0430\u043b\u044c\u043d\u044b\u0439 \u043e\u0442\u0434\u0435\u043b - JKGD<\/title>\n<meta name=\"robots\" content=\"index, follow, max-snippet:-1, max-image-preview:large, max-video-preview:-1\" \/>\n<link rel=\"canonical\" href=\"https:\/\/jg-dortmund.de\/soziales-senioren\" \/>\n<meta property=\"og:locale\" content=\"ru_RU\" \/>\n<meta property=\"og:type\" content=\"article\" \/>\n<meta property=\"og:title\" content=\"[:de]Soziales[:ru]\u0421\u043e\u0446\u0438\u0430\u043b\u044c\u043d\u044b\u0439 \u043e\u0442\u0434\u0435\u043b[:] - JKGD\" \/>\n<meta property=\"og:url\" content=\"https:\/\/jg-dortmund.de\/soziales-senioren\" \/>\n<meta property=\"og:site_name\" content=\"JKGD\" \/>\n<meta property=\"article:modified_time\" content=\"2024-03-07T15:06:35+00:00\" \/>\n<meta name=\"twitter:card\" content=\"summary_large_image\" \/>\n<meta name=\"twitter:label1\" content=\"\u041f\u0440\u0438\u043c\u0435\u0440\u043d\u043e\u0435 \u0432\u0440\u0435\u043c\u044f \u0434\u043b\u044f \u0447\u0442\u0435\u043d\u0438\u044f\" \/>\n\t<meta name=\"twitter:data1\" content=\"1 \u043c\u0438\u043d\u0443\u0442\u0430\" \/>\n<script type=\"application\/ld+json\" class=\"yoast-schema-graph\">{\"@context\":\"https:\/\/schema.org\",\"@graph\":[{\"@type\":\"WebPage\",\"@id\":\"https:\/\/jg-dortmund.de\/soziales-senioren\",\"url\":\"https:\/\/jg-dortmund.de\/soziales-senioren\",\"name\":\"[:de]Soziales[:ru]\u0421\u043e\u0446\u0438\u0430\u043b\u044c\u043d\u044b\u0439 \u043e\u0442\u0434\u0435\u043b[:] - JKGD\",\"isPartOf\":{\"@id\":\"https:\/\/jg-dortmund.de\/de\/#website\"},\"datePublished\":\"2017-09-03T13:35:48+00:00\",\"dateModified\":\"2024-03-07T15:06:35+00:00\",\"breadcrumb\":{\"@id\":\"https:\/\/jg-dortmund.de\/soziales-senioren#breadcrumb\"},\"inLanguage\":\"ru-RU\",\"potentialAction\":[{\"@type\":\"ReadAction\",\"target\":[\"https:\/\/jg-dortmund.de\/soziales-senioren\"]}]},{\"@type\":\"BreadcrumbList\",\"@id\":\"https:\/\/jg-dortmund.de\/soziales-senioren#breadcrumb\",\"itemListElement\":[{\"@type\":\"ListItem\",\"position\":1,\"name\":\"Startseite\",\"item\":\"https:\/\/jg-dortmund.de\/\"},{\"@type\":\"ListItem\",\"position\":2,\"name\":\"Soziales\"}]},{\"@type\":\"WebSite\",\"@id\":\"https:\/\/jg-dortmund.de\/de\/#website\",\"url\":\"https:\/\/jg-dortmund.de\/de\/\",\"name\":\"JKGD\",\"description\":\"J\u00fcdische Kultusgemeinde Gro\u00df-Dortmund K.d.\u00f6.R\",\"publisher\":{\"@id\":\"https:\/\/jg-dortmund.de\/de\/#organization\"},\"potentialAction\":[{\"@type\":\"SearchAction\",\"target\":{\"@type\":\"EntryPoint\",\"urlTemplate\":\"https:\/\/jg-dortmund.de\/de\/?s={search_term_string}\"},\"query-input\":{\"@type\":\"PropertyValueSpecification\",\"valueRequired\":true,\"valueName\":\"search_term_string\"}}],\"inLanguage\":\"ru-RU\"},{\"@type\":\"Organization\",\"@id\":\"https:\/\/jg-dortmund.de\/de\/#organization\",\"name\":\"JKGD\",\"url\":\"https:\/\/jg-dortmund.de\/de\/\",\"logo\":{\"@type\":\"ImageObject\",\"inLanguage\":\"ru-RU\",\"@id\":\"https:\/\/jg-dortmund.de\/de\/#\/schema\/logo\/image\/\",\"url\":\"\",\"contentUrl\":\"\",\"caption\":\"JKGD\"},\"image\":{\"@id\":\"https:\/\/jg-dortmund.de\/de\/#\/schema\/logo\/image\/\"}}]}<\/script>\n<!-- \/ Yoast SEO plugin. -->","yoast_head_json":{"title":"[:de]Soziales[:ru]\u0421\u043e\u0446\u0438\u0430\u043b\u044c\u043d\u044b\u0439 \u043e\u0442\u0434\u0435\u043b[:] - JKGD","robots":{"index":"index","follow":"follow","max-snippet":"max-snippet:-1","max-image-preview":"max-image-preview:large","max-video-preview":"max-video-preview:-1"},"canonical":"https:\/\/jg-dortmund.de\/soziales-senioren","og_locale":"ru_RU","og_type":"article","og_title":"[:de]Soziales[:ru]\u0421\u043e\u0446\u0438\u0430\u043b\u044c\u043d\u044b\u0439 \u043e\u0442\u0434\u0435\u043b[:] - JKGD","og_url":"https:\/\/jg-dortmund.de\/soziales-senioren","og_site_name":"JKGD","article_modified_time":"2024-03-07T15:06:35+00:00","twitter_card":"summary_large_image","twitter_misc":{"\u041f\u0440\u0438\u043c\u0435\u0440\u043d\u043e\u0435 \u0432\u0440\u0435\u043c\u044f \u0434\u043b\u044f \u0447\u0442\u0435\u043d\u0438\u044f":"1 \u043c\u0438\u043d\u0443\u0442\u0430"},"schema":{"@context":"https:\/\/schema.org","@graph":[{"@type":"WebPage","@id":"https:\/\/jg-dortmund.de\/soziales-senioren","url":"https:\/\/jg-dortmund.de\/soziales-senioren","name":"[:de]Soziales[:ru]\u0421\u043e\u0446\u0438\u0430\u043b\u044c\u043d\u044b\u0439 \u043e\u0442\u0434\u0435\u043b[:] - JKGD","isPartOf":{"@id":"https:\/\/jg-dortmund.de\/de\/#website"},"datePublished":"2017-09-03T13:35:48+00:00","dateModified":"2024-03-07T15:06:35+00:00","breadcrumb":{"@id":"https:\/\/jg-dortmund.de\/soziales-senioren#breadcrumb"},"inLanguage":"ru-RU","potentialAction":[{"@type":"ReadAction","target":["https:\/\/jg-dortmund.de\/soziales-senioren"]}]},{"@type":"BreadcrumbList","@id":"https:\/\/jg-dortmund.de\/soziales-senioren#breadcrumb","itemListElement":[{"@type":"ListItem","position":1,"name":"Startseite","item":"https:\/\/jg-dortmund.de\/"},{"@type":"ListItem","position":2,"name":"Soziales"}]},{"@type":"WebSite","@id":"https:\/\/jg-dortmund.de\/de\/#website","url":"https:\/\/jg-dortmund.de\/de\/","name":"JKGD","description":"J\u00fcdische Kultusgemeinde Gro\u00df-Dortmund K.d.\u00f6.R","publisher":{"@id":"https:\/\/jg-dortmund.de\/de\/#organization"},"potentialAction":[{"@type":"SearchAction","target":{"@type":"EntryPoint","urlTemplate":"https:\/\/jg-dortmund.de\/de\/?s={search_term_string}"},"query-input":{"@type":"PropertyValueSpecification","valueRequired":true,"valueName":"search_term_string"}}],"inLanguage":"ru-RU"},{"@type":"Organization","@id":"https:\/\/jg-dortmund.de\/de\/#organization","name":"JKGD","url":"https:\/\/jg-dortmund.de\/de\/","logo":{"@type":"ImageObject","inLanguage":"ru-RU","@id":"https:\/\/jg-dortmund.de\/de\/#\/schema\/logo\/image\/","url":"","contentUrl":"","caption":"JKGD"},"image":{"@id":"https:\/\/jg-dortmund.de\/de\/#\/schema\/logo\/image\/"}}]}},"_links":{"self":[{"href":"https:\/\/jg-dortmund.de\/ru\/wp-json\/wp\/v2\/pages\/1436","targetHints":{"allow":["GET"]}}],"collection":[{"href":"https:\/\/jg-dortmund.de\/ru\/wp-json\/wp\/v2\/pages"}],"about":[{"href":"https:\/\/jg-dortmund.de\/ru\/wp-json\/wp\/v2\/types\/page"}],"author":[{"embeddable":true,"href":"https:\/\/jg-dortmund.de\/ru\/wp-json\/wp\/v2\/users\/1"}],"replies":[{"embeddable":true,"href":"https:\/\/jg-dortmund.de\/ru\/wp-json\/wp\/v2\/comments?post=1436"}],"version-history":[{"count":1,"href":"https:\/\/jg-dortmund.de\/ru\/wp-json\/wp\/v2\/pages\/1436\/revisions"}],"predecessor-version":[{"id":3570,"href":"https:\/\/jg-dortmund.de\/ru\/wp-json\/wp\/v2\/pages\/1436\/revisions\/3570"}],"wp:attachment":[{"href":"https:\/\/jg-dortmund.de\/ru\/wp-json\/wp\/v2\/media?parent=1436"}],"curies":[{"name":"wp","href":"https:\/\/api.w.org\/{rel}","templated":true}]}}