{"id":1418,"date":"2017-09-03T11:15:48","date_gmt":"2017-09-03T11:15:48","guid":{"rendered":"http:\/\/jg-dortmund.de\/?page_id=1418"},"modified":"2017-09-03T12:03:45","modified_gmt":"2017-09-03T12:03:45","slug":"rabbinat","status":"publish","type":"page","link":"https:\/\/jg-dortmund.de\/ru\/rabbinat","title":{"rendered":"\u0420\u0430\u0432\u0432\u0438\u043d\u0430\u0442"},"content":{"rendered":"<span lang=\"RU\">\u0415\u0432\u0440\u0435\u0439\u0441\u043a\u0430\u044f \u043e\u0431\u0449\u0438\u043d\u0430 \u0414\u043e\u0440\u0442\u043c\u0443\u043d\u0434\u0430 \u2013 \u044d\u0442\u043e \u043e\u0431\u0449\u0438\u043d\u0430, \u043f\u0440\u0438\u043d\u0438\u043c\u0430\u044e\u0449\u0430\u044f \u0438 \u0443\u0432\u0430\u0436\u0430\u044e\u0449\u0430\u044f \u0432\u0441\u0435\u0445 \u0435\u0432\u0440\u0435\u0435\u0432 \u043b\u044e\u0431\u043e\u0433\u043e \u0440\u0435\u043b\u0438\u0433\u0438\u043e\u0437\u043d\u043e\u0433\u043e \u043d\u0430\u043f\u0440\u0430\u0432\u043b\u0435\u043d\u0438\u044f. \u041f\u0440\u0438 \u043f\u0440\u043e\u0432\u0435\u0434\u0435\u043d\u0438\u0438 \u043c\u043e\u043b\u0438\u0442\u0432\u044b \u0442\u0430\u043a \u0436\u0435 \u043a\u0430\u043a \u0438 \u043f\u0440\u0438 \u0432\u0441\u0435\u0445 \u0432\u043e\u043f\u0440\u043e\u0441\u0430\u0445, \u043a\u0430\u0441\u0430\u044e\u0449\u0438\u0445\u0441\u044f \u043f\u0440\u0438\u0437\u043d\u0430\u043d\u0438\u044f \u0435\u0432\u0440\u0435\u0439\u0441\u0442\u0432\u0430, \u043a\u0430\u0448\u0440\u0443\u0442\u0430, \u0448\u0430\u0431\u0431\u0430\u0442\u0430 \u0438 \u0442.\u0434. \u043c\u044b \u043f\u0440\u0438\u0434\u0435\u0440\u0436\u0438\u0432\u0430\u0435\u043c\u0441\u044f \u043e\u0440\u0442\u043e\u0434\u043e\u043a\u0441\u0430\u043b\u044c\u043d\u044b\u0445 \u0437\u0430\u043a\u043e\u043d\u043e\u0432. \u0412 \u043e\u0431\u0449\u0438\u043d\u0435, \u0432 \u0448\u043a\u043e\u043b\u0435 \u043f\u0440\u043e\u0434\u043b\u0435\u043d\u043d\u043e\u0433\u043e \u0434\u043d\u044f \u0438 \u0432 \u0434\u0435\u0442\u0441\u043a\u043e\u043c \u0441\u0430\u0434\u0443 \u043f\u043e\u0434 \u0441\u0442\u0440\u043e\u0433\u0438\u043c \u043d\u0430\u0431\u043b\u044e\u0434\u0435\u043d\u0438\u0435\u043c \u0440\u0430\u0432\u0432\u0438\u043d\u0430 \u0441\u043e\u0431\u043b\u044e\u0434\u0430\u044e\u0442\u0441\u044f \u0437\u0430\u043a\u043e\u043d\u044b \u043a\u0430\u0448\u0440\u0443\u0442\u0430.<u><\/u><u><\/u><\/span><\/p>\n<p><span lang=\"RU\">\u0420\u0430\u0432\u0432\u0438\u043d \u043e\u0431\u0449\u0438\u043d\u044b \u043f\u043e\u0434\u0434\u0435\u0440\u0436\u0438\u0432\u0430\u0435\u0442 \u043e\u0431\u0449\u0438\u043d\u0443 \u0432 \u043f\u043e\u0432\u0441\u0435\u0434\u043d\u0435\u0432\u043d\u043e\u0439 \u0440\u0430\u0431\u043e\u0442\u0435, \u0430 \u0435\u0435 \u0447\u043b\u0435\u043d\u043e\u0432 \u2013 \u0432\u043e \u0432\u0441\u0435\u0445 \u0440\u0435\u043b\u0438\u0433\u0438\u043e\u0437\u043d\u044b\u0445 \u0432\u043e\u043f\u0440\u043e\u0441\u0430\u0445, \u043e\u0442 \u0440\u043e\u0434\u043e\u0432 \u0438 \u043e\u0431\u0440\u0435\u0437\u0430\u043d\u0438\u044f, \u0447\u0435\u0440\u0435\u0437 \u0431\u0430\u0440-\/\u0431\u0430\u0442-\u043c\u0438\u0446\u0432\u0443, \u0440\u0435\u043b\u0438\u0433\u0438\u043e\u0437\u043d\u043e\u0435 \u0432\u043e\u0441\u043f\u0438\u0442\u0430\u043d\u0438\u0435 \u0438 \u0441\u0432\u0430\u0434\u044c\u0431\u0443 \u0438 \u0432\u043f\u043b\u043e\u0442\u044c \u0434\u043e \u0432\u0441\u0435\u0445 \u0432\u043e\u043f\u0440\u043e\u0441\u043e\u0432, \u0441\u0432\u044f\u0437\u0430\u043d\u043d\u044b\u0445 \u0441 \u0432\u043e\u0437\u043c\u043e\u0436\u043d\u043e\u0439 \u0441\u043c\u0435\u0440\u0442\u044c\u044e \u0432 \u0441\u0435\u043c\u044c\u0435. \u0420\u0430\u0432\u0432\u0438\u043d \u0442\u0430\u043a\u0436\u0435 \u043e\u043a\u0430\u0437\u044b\u0432\u0430\u0435\u0442 \u0434\u0443\u0445\u043e\u0432\u043d\u0443\u044e \u043f\u043e\u0434\u0434\u0435\u0440\u0436\u043a\u0443 \u0432 \u0441\u043b\u0443\u0447\u0430\u0435 \u0431\u043e\u043b\u0435\u0437\u043d\u0438 \u0438 \u0432\u043e \u0432\u0441\u0435\u0445 \u043e\u0441\u0442\u0430\u043b\u044c\u043d\u044b\u0445 \u0442\u044f\u0436\u0435\u043b\u044b\u0445 \u0436\u0438\u0437\u043d\u0435\u043d\u043d\u044b\u0445 \u0441\u0438\u0442\u0443\u0430\u0446\u0438\u044f\u0445.&nbsp;&nbsp;<u><\/u><u><\/u><\/span><\/p>\n<p><b>Kontakt<\/b>:<br \/>\nTelefon:&nbsp;<a href=\"tel:0231%2055747231\" target=\"_blank\" rel=\"noopener\">(0231) 55 74 72 31<\/a><br \/>\nTelefax:&nbsp;<a href=\"tel:0231%2055747233\" target=\"_blank\" rel=\"noopener\">(0231) 55 74 72 33<\/a><br \/>\nE-Mail:&nbsp;<a href=\"mailto:rabbinat@jkgd.de\" target=\"_blank\" rel=\"noopener\"><span class=\"il\">rabbinat<\/span>@jkgd.de<\/a><\/p>\n    <div data-options='{&quot;id&quot;:&quot;1424&quot;,&quot;lazy_load&quot;:&quot;no&quot;,&quot;masonry_enable&quot;:&quot;no&quot;,&quot;view_type&quot;:&quot;grid&quot;,&quot;no_posts_text&quot;:&quot;&quot;}' id=\"post-grid-1424\" class=\"post-grid grid\">\n    \n\n\n    <div class=\"grid-items\">\n      <div class=\"item item-3866 skin flat even 0 \">\n        <div class=\"layer-wrapper layout-2118\">\n          <div class=\"layer-media element_1587187627902\"\r\n        id=\"\">\r\n        <div\r\n        class=\"element element_1587190790308  element-media \">\r\n            <\/div>\r\n    <\/div>\r\n    <div class=\"layer-content element_1587187714568\"\r\n        id=\"\">\r\n        <div class=\"element element_1587187895341  title \">\r\n                    <a target=\"_blank\"\r\n                href=\"https:\/\/jg-dortmund.de\/ru\/jiskor\">\u0418\u0437\u043a\u043e\u0440 \u0438 \u0426\u0434\u0430\u043a\u0430 \u043d\u0430 \u0419\u043e\u043c \u041a\u0438\u043f\u043f\u0443\u0440<\/a>\r\n            <\/div>\r\n    <\/div>\r\n    <\/div>\n  <\/div><div class=\"item item-2913 skin flat odd 1 \">\n        <div class=\"layer-wrapper layout-2118\">\n          <div class=\"layer-media element_1587187627902\"\r\n        id=\"\">\r\n        <div\r\n        class=\"element element_1587190790308  element-media \">\r\n        <a target=\"_self\" href=\"https:\/\/jg-dortmund.de\/ru\/verkauf-von-chamez\"><img loading=\"lazy\" decoding=\"async\" width=\"940\" height=\"742\" src=\"https:\/\/jg-dortmund.de\/wp-content\/uploads\/2022\/04\/chamez-940x742.png\" class=\"attachment-large size-large wp-post-image\" alt=\"\" \/><\/a>    <\/div>\r\n    <\/div>\r\n    <div class=\"layer-content element_1587187714568\"\r\n        id=\"\">\r\n        <div class=\"element element_1587187895341  title \">\r\n                    <a target=\"_blank\"\r\n                href=\"https:\/\/jg-dortmund.de\/ru\/verkauf-von-chamez\">\u041f\u0440\u043e\u0434\u0430\u0436\u0430 \u0425\u0430\u043c\u0435\u0446\u0430<\/a>\r\n            <\/div>\r\n    <\/div>\r\n    <\/div>\n  <\/div><div class=\"item item-1250 skin flat even 2 \">\n        <div class=\"layer-wrapper layout-2118\">\n          <div class=\"layer-media element_1587187627902\"\r\n        id=\"\">\r\n        <div\r\n        class=\"element element_1587190790308  element-media \">\r\n        <a target=\"_self\" href=\"https:\/\/jg-dortmund.de\/ru\/shiurim-mit-rabbiner\"><img loading=\"lazy\" decoding=\"async\" width=\"940\" height=\"742\" src=\"https:\/\/jg-dortmund.de\/wp-content\/uploads\/2017\/09\/ShiurimMitRabbinerBB-940x742.jpg\" class=\"attachment-large size-large wp-post-image\" alt=\"\" \/><\/a>    <\/div>\r\n    <\/div>\r\n    <div class=\"layer-content element_1587187714568\"\r\n        id=\"\">\r\n        <div class=\"element element_1587187895341  title \">\r\n                    <a target=\"_blank\"\r\n                href=\"https:\/\/jg-dortmund.de\/ru\/shiurim-mit-rabbiner\">\u0423\u0440\u043e\u043a\u0438 \u0441 \u0440\u0430\u0432\u0432\u0438\u043d\u043e\u043c<\/a>\r\n            <\/div>\r\n    <\/div>\r\n    <\/div>\n  <\/div><div class=\"item item-1246 skin flat odd 3 \">\n        <div class=\"layer-wrapper layout-2118\">\n          <div class=\"layer-media element_1587187627902\"\r\n        id=\"\">\r\n        <div\r\n        class=\"element element_1587190790308  element-media \">\r\n        <a target=\"_self\" href=\"https:\/\/jg-dortmund.de\/ru\/kaschrut\"><img loading=\"lazy\" decoding=\"async\" width=\"620\" height=\"489\" src=\"https:\/\/jg-dortmund.de\/wp-content\/uploads\/2017\/09\/KaschrutBB.png\" class=\"attachment-large size-large wp-post-image\" alt=\"\" \/><\/a>    <\/div>\r\n    <\/div>\r\n    <div class=\"layer-content element_1587187714568\"\r\n        id=\"\">\r\n        <div class=\"element element_1587187895341  title \">\r\n                    <a target=\"_blank\"\r\n                href=\"https:\/\/jg-dortmund.de\/ru\/kaschrut\">\u041a\u0430\u0448\u0440\u0443\u0442<\/a>\r\n            <\/div>\r\n    <\/div>\r\n    <\/div>\n  <\/div><div class=\"item item-1244 skin flat even 4 \">\n        <div class=\"layer-wrapper layout-2118\">\n          <div class=\"layer-media element_1587187627902\"\r\n        id=\"\">\r\n        <div\r\n        class=\"element element_1587190790308  element-media \">\r\n        <a target=\"_self\" href=\"https:\/\/jg-dortmund.de\/ru\/mikwe\"><img loading=\"lazy\" decoding=\"async\" width=\"940\" height=\"742\" src=\"https:\/\/jg-dortmund.de\/wp-content\/uploads\/2017\/09\/MikweBB-940x742.jpg\" class=\"attachment-large size-large wp-post-image\" alt=\"\" \/><\/a>    <\/div>\r\n    <\/div>\r\n    <div class=\"layer-content element_1587187714568\"\r\n        id=\"\">\r\n        <div class=\"element element_1587187895341  title \">\r\n                    <a target=\"_blank\"\r\n                href=\"https:\/\/jg-dortmund.de\/ru\/mikwe\">\u041c\u0438\u043a\u0432\u0430<\/a>\r\n            <\/div>\r\n    <\/div>\r\n    <\/div>\n  <\/div><div class=\"item item-2723 skin flat odd 5 \">\n        <div class=\"layer-wrapper layout-2118\">\n          <div class=\"layer-media element_1587187627902\"\r\n        id=\"\">\r\n        <div\r\n        class=\"element element_1587190790308  element-media \">\r\n        <a target=\"_self\" href=\"https:\/\/jg-dortmund.de\/ru\/rabbiner-nosikov\"><img loading=\"lazy\" decoding=\"async\" width=\"620\" height=\"489\" src=\"https:\/\/jg-dortmund.de\/wp-content\/uploads\/2017\/09\/amn.jpg\" class=\"attachment-large size-large wp-post-image\" alt=\"\" \/><\/a>    <\/div>\r\n    <\/div>\r\n    <div class=\"layer-content element_1587187714568\"\r\n        id=\"\">\r\n        <div class=\"element element_1587187895341  title \">\r\n                    <a target=\"_blank\"\r\n                href=\"https:\/\/jg-dortmund.de\/ru\/rabbiner-nosikov\">\u0420\u0430\u0432\u0432\u0438\u043d<\/a>\r\n            <\/div>\r\n    <\/div>\r\n    <\/div>\n  <\/div>    <\/div>\n    <div class=\"pagination\">\n      <div class=\"paginate\">\n      <\/div>\n  <style type=\"text\/css\">\n    #post-grid-1424 .pagination .page-numbers {\n      font-size: 16px;\n      color: #fff;\n      background: #646464;\n    }\n\n    #post-grid-1424 .pagination .page-numbers:hover,\n    #post-grid-1424 .pagination .page-numbers.current {\n      background: #4b4b4b;\n    }\n  <\/style>\n  <\/div>\n        <style type=\"text\/css\">\r\n            .layout-2118 .element_1587187627902 {\r\n                            }\r\n\r\n                    <\/style>\r\n        <style type=\"text\/css\">\r\n        .layout-2118 .element_1587190790308 {\r\n            overflow: hidden;\r\n                    }\r\n\r\n        .layout-2118 .element_1587190790308 img {\r\n            max-width: 100%;\r\n            height: auto;\r\n        }\r\n\r\n        @media only screen and (min-width: 1024px) {\r\n            .layout-2118 .element_1587190790308 {\r\n                height: auto;\r\n                            }\r\n        }\r\n\r\n        @media only screen and (min-width: 768px) and (max-width: 1023px) {\r\n            .layout-2118 .element_1587190790308 {\r\n                height: auto;\r\n                            }\r\n        }\r\n\r\n        @media only screen and (min-width: 0px) and (max-width: 767px) {\r\n            .layout-2118 .element_1587190790308 {\r\n                height: auto;\r\n                            }\r\n        }\r\n    <\/style>\r\n        <style type=\"text\/css\">\r\n            .layout-2118 .element_1587187714568 {\r\n                            }\r\n\r\n                    <\/style>\r\n        <style type=\"text\/css\">\r\n        .layout-2118 .element_1587187895341 {\r\n            font-size: 18px;\r\n            margin: 5px 0;\r\n            text-align: center;\r\n                    }\r\n\r\n        .layout-2118 .element_1587187895341 a {\r\n            font-size: 18px;\r\n            margin: 5px 0;\r\n            text-align: center;\r\n                    }\r\n    <\/style>\r\n      <style type=\"text\/css\">\n      \/*Write your CSS code here*\/    <\/style>\n        <style type=\"text\/css\">\n      .layout-2118 a{text-decoration:none}.layout-2118{vertical-align:top}.layout-2118 .layer-content{padding:10px}    <\/style>\n    <script>\n          \/*Write your js code here*\/          <\/script>\n    <style type=\"text\/css\">\n    #post-grid-1424 {\n      padding: 6px;\n      background-color: #fff;\n          }\n\n    #post-grid-1424 .item {\n      padding: 0px;\n      background: #fff;\n          }\n\n    #post-grid-1424 .item .layer-media {\n      height:auto;    }\n\n    @media only screen and (min-width: 0px) and (max-width: 767px) {\n      #post-grid-1424 .grid-items {\n        text-align: center;\n              }\n\n      #post-grid-1424 .item {\n        width: 90%;\n        margin: 6px;\n        display: inline-block;\n        vertical-align: top;\n        height:auto;      }\n    }\n\n    @media only screen and (min-width: 768px) and (max-width: 1023px) {\n      #post-grid-1424 .grid-items {\n        text-align: center;\n              }\n\n      #post-grid-1424 .item {\n        width: 230px;\n        margin: 6px;\n        display: inline-block;\n        vertical-align: top;\n        max-height:auto;      }\n    }\n\n    @media only screen and (min-width: 1024px) {\n      #post-grid-1424 .grid-items {\n        text-align: center;\n              }\n\n      #post-grid-1424 .item {\n        width: 230px;\n        display: inline-block;\n        margin: 6px;\n        vertical-align: top;\n        height:auto;      }\n    }\n\n      <\/style>\n  <\/div>","protected":false},"excerpt":{"rendered":"<p>\u0415\u0432\u0440\u0435\u0439\u0441\u043a\u0430\u044f \u043e\u0431\u0449\u0438\u043d\u0430 \u0414\u043e\u0440\u0442\u043c\u0443\u043d\u0434\u0430 \u2013 \u044d\u0442\u043e \u043e\u0431\u0449\u0438\u043d\u0430, \u043f\u0440\u0438\u043d\u0438\u043c\u0430\u044e\u0449\u0430\u044f \u0438 \u0443\u0432\u0430\u0436\u0430\u044e\u0449\u0430\u044f \u0432\u0441\u0435\u0445 \u0435\u0432\u0440\u0435\u0435\u0432 \u043b\u044e\u0431\u043e\u0433\u043e \u0440\u0435\u043b\u0438\u0433\u0438\u043e\u0437\u043d\u043e\u0433\u043e \u043d\u0430\u043f\u0440\u0430\u0432\u043b\u0435\u043d\u0438\u044f. \u041f\u0440\u0438 \u043f\u0440\u043e\u0432\u0435\u0434\u0435\u043d\u0438\u0438 \u043c\u043e\u043b\u0438\u0442\u0432\u044b \u0442\u0430\u043a \u0436\u0435 \u043a\u0430\u043a \u0438 \u043f\u0440\u0438 \u0432\u0441\u0435\u0445 \u0432\u043e\u043f\u0440\u043e\u0441\u0430\u0445, \u043a\u0430\u0441\u0430\u044e\u0449\u0438\u0445\u0441\u044f \u043f\u0440\u0438\u0437\u043d\u0430\u043d\u0438\u044f \u0435\u0432\u0440\u0435\u0439\u0441\u0442\u0432\u0430, \u043a\u0430\u0448\u0440\u0443\u0442\u0430, \u0448\u0430\u0431\u0431\u0430\u0442\u0430 \u0438 \u0442.\u0434. \u043c\u044b \u043f\u0440\u0438\u0434\u0435\u0440\u0436\u0438\u0432\u0430\u0435\u043c\u0441\u044f \u043e\u0440\u0442\u043e\u0434\u043e\u043a\u0441\u0430\u043b\u044c\u043d\u044b\u0445&#46;&#46;&#46;<\/p>\n","protected":false},"author":1,"featured_media":0,"parent":0,"menu_order":0,"comment_status":"closed","ping_status":"closed","template":"","meta":{"ngg_post_thumbnail":0,"footnotes":""},"class_list":["post-1418","page","type-page","status-publish","hentry"],"yoast_head":"<!-- This site is optimized with the Yoast SEO plugin v27.2 - https:\/\/yoast.com\/product\/yoast-seo-wordpress\/ -->\n<title>\u0420\u0430\u0432\u0432\u0438\u043d\u0430\u0442 - JKGD<\/title>\n<meta name=\"robots\" content=\"index, follow, max-snippet:-1, max-image-preview:large, max-video-preview:-1\" \/>\n<link rel=\"canonical\" href=\"https:\/\/jg-dortmund.de\/rabbinat\" \/>\n<meta property=\"og:locale\" content=\"ru_RU\" \/>\n<meta property=\"og:type\" content=\"article\" \/>\n<meta property=\"og:title\" content=\"[:de]Rabbinat[:ru]\u0420\u0430\u0432\u0432\u0438\u043d\u0430\u0442[:] - JKGD\" \/>\n<meta property=\"og:description\" content=\"\u0415\u0432\u0440\u0435\u0439\u0441\u043a\u0430\u044f \u043e\u0431\u0449\u0438\u043d\u0430 \u0414\u043e\u0440\u0442\u043c\u0443\u043d\u0434\u0430 \u2013 \u044d\u0442\u043e \u043e\u0431\u0449\u0438\u043d\u0430, \u043f\u0440\u0438\u043d\u0438\u043c\u0430\u044e\u0449\u0430\u044f \u0438 \u0443\u0432\u0430\u0436\u0430\u044e\u0449\u0430\u044f \u0432\u0441\u0435\u0445 \u0435\u0432\u0440\u0435\u0435\u0432 \u043b\u044e\u0431\u043e\u0433\u043e \u0440\u0435\u043b\u0438\u0433\u0438\u043e\u0437\u043d\u043e\u0433\u043e \u043d\u0430\u043f\u0440\u0430\u0432\u043b\u0435\u043d\u0438\u044f. \u041f\u0440\u0438 \u043f\u0440\u043e\u0432\u0435\u0434\u0435\u043d\u0438\u0438 \u043c\u043e\u043b\u0438\u0442\u0432\u044b \u0442\u0430\u043a \u0436\u0435 \u043a\u0430\u043a \u0438 \u043f\u0440\u0438 \u0432\u0441\u0435\u0445 \u0432\u043e\u043f\u0440\u043e\u0441\u0430\u0445, \u043a\u0430\u0441\u0430\u044e\u0449\u0438\u0445\u0441\u044f \u043f\u0440\u0438\u0437\u043d\u0430\u043d\u0438\u044f \u0435\u0432\u0440\u0435\u0439\u0441\u0442\u0432\u0430, \u043a\u0430\u0448\u0440\u0443\u0442\u0430, \u0448\u0430\u0431\u0431\u0430\u0442\u0430 \u0438 \u0442.\u0434. \u043c\u044b \u043f\u0440\u0438\u0434\u0435\u0440\u0436\u0438\u0432\u0430\u0435\u043c\u0441\u044f \u043e\u0440\u0442\u043e\u0434\u043e\u043a\u0441\u0430\u043b\u044c\u043d\u044b\u0445&#046;&#046;&#046;\" \/>\n<meta property=\"og:url\" content=\"https:\/\/jg-dortmund.de\/rabbinat\" \/>\n<meta property=\"og:site_name\" content=\"JKGD\" \/>\n<meta property=\"article:modified_time\" content=\"2017-09-03T12:03:45+00:00\" \/>\n<meta name=\"twitter:card\" content=\"summary_large_image\" \/>\n<meta name=\"twitter:label1\" content=\"\u041f\u0440\u0438\u043c\u0435\u0440\u043d\u043e\u0435 \u0432\u0440\u0435\u043c\u044f \u0434\u043b\u044f \u0447\u0442\u0435\u043d\u0438\u044f\" \/>\n\t<meta name=\"twitter:data1\" content=\"1 \u043c\u0438\u043d\u0443\u0442\u0430\" \/>\n<script type=\"application\/ld+json\" class=\"yoast-schema-graph\">{\"@context\":\"https:\/\/schema.org\",\"@graph\":[{\"@type\":\"WebPage\",\"@id\":\"https:\/\/jg-dortmund.de\/rabbinat\",\"url\":\"https:\/\/jg-dortmund.de\/rabbinat\",\"name\":\"[:de]Rabbinat[:ru]\u0420\u0430\u0432\u0432\u0438\u043d\u0430\u0442[:] - JKGD\",\"isPartOf\":{\"@id\":\"https:\/\/jg-dortmund.de\/de\/#website\"},\"datePublished\":\"2017-09-03T11:15:48+00:00\",\"dateModified\":\"2017-09-03T12:03:45+00:00\",\"breadcrumb\":{\"@id\":\"https:\/\/jg-dortmund.de\/rabbinat#breadcrumb\"},\"inLanguage\":\"ru-RU\",\"potentialAction\":[{\"@type\":\"ReadAction\",\"target\":[\"https:\/\/jg-dortmund.de\/rabbinat\"]}]},{\"@type\":\"BreadcrumbList\",\"@id\":\"https:\/\/jg-dortmund.de\/rabbinat#breadcrumb\",\"itemListElement\":[{\"@type\":\"ListItem\",\"position\":1,\"name\":\"Startseite\",\"item\":\"https:\/\/jg-dortmund.de\/\"},{\"@type\":\"ListItem\",\"position\":2,\"name\":\"Rabbinat\"}]},{\"@type\":\"WebSite\",\"@id\":\"https:\/\/jg-dortmund.de\/de\/#website\",\"url\":\"https:\/\/jg-dortmund.de\/de\/\",\"name\":\"JKGD\",\"description\":\"J\u00fcdische Kultusgemeinde Gro\u00df-Dortmund K.d.\u00f6.R\",\"publisher\":{\"@id\":\"https:\/\/jg-dortmund.de\/de\/#organization\"},\"potentialAction\":[{\"@type\":\"SearchAction\",\"target\":{\"@type\":\"EntryPoint\",\"urlTemplate\":\"https:\/\/jg-dortmund.de\/de\/?s={search_term_string}\"},\"query-input\":{\"@type\":\"PropertyValueSpecification\",\"valueRequired\":true,\"valueName\":\"search_term_string\"}}],\"inLanguage\":\"ru-RU\"},{\"@type\":\"Organization\",\"@id\":\"https:\/\/jg-dortmund.de\/de\/#organization\",\"name\":\"JKGD\",\"url\":\"https:\/\/jg-dortmund.de\/de\/\",\"logo\":{\"@type\":\"ImageObject\",\"inLanguage\":\"ru-RU\",\"@id\":\"https:\/\/jg-dortmund.de\/de\/#\/schema\/logo\/image\/\",\"url\":\"\",\"contentUrl\":\"\",\"caption\":\"JKGD\"},\"image\":{\"@id\":\"https:\/\/jg-dortmund.de\/de\/#\/schema\/logo\/image\/\"}}]}<\/script>\n<!-- \/ Yoast SEO plugin. -->","yoast_head_json":{"title":"[:de]Rabbinat[:ru]\u0420\u0430\u0432\u0432\u0438\u043d\u0430\u0442[:] - JKGD","robots":{"index":"index","follow":"follow","max-snippet":"max-snippet:-1","max-image-preview":"max-image-preview:large","max-video-preview":"max-video-preview:-1"},"canonical":"https:\/\/jg-dortmund.de\/rabbinat","og_locale":"ru_RU","og_type":"article","og_title":"[:de]Rabbinat[:ru]\u0420\u0430\u0432\u0432\u0438\u043d\u0430\u0442[:] - JKGD","og_description":"\u0415\u0432\u0440\u0435\u0439\u0441\u043a\u0430\u044f \u043e\u0431\u0449\u0438\u043d\u0430 \u0414\u043e\u0440\u0442\u043c\u0443\u043d\u0434\u0430 \u2013 \u044d\u0442\u043e \u043e\u0431\u0449\u0438\u043d\u0430, \u043f\u0440\u0438\u043d\u0438\u043c\u0430\u044e\u0449\u0430\u044f \u0438 \u0443\u0432\u0430\u0436\u0430\u044e\u0449\u0430\u044f \u0432\u0441\u0435\u0445 \u0435\u0432\u0440\u0435\u0435\u0432 \u043b\u044e\u0431\u043e\u0433\u043e \u0440\u0435\u043b\u0438\u0433\u0438\u043e\u0437\u043d\u043e\u0433\u043e \u043d\u0430\u043f\u0440\u0430\u0432\u043b\u0435\u043d\u0438\u044f. \u041f\u0440\u0438 \u043f\u0440\u043e\u0432\u0435\u0434\u0435\u043d\u0438\u0438 \u043c\u043e\u043b\u0438\u0442\u0432\u044b \u0442\u0430\u043a \u0436\u0435 \u043a\u0430\u043a \u0438 \u043f\u0440\u0438 \u0432\u0441\u0435\u0445 \u0432\u043e\u043f\u0440\u043e\u0441\u0430\u0445, \u043a\u0430\u0441\u0430\u044e\u0449\u0438\u0445\u0441\u044f \u043f\u0440\u0438\u0437\u043d\u0430\u043d\u0438\u044f \u0435\u0432\u0440\u0435\u0439\u0441\u0442\u0432\u0430, \u043a\u0430\u0448\u0440\u0443\u0442\u0430, \u0448\u0430\u0431\u0431\u0430\u0442\u0430 \u0438 \u0442.\u0434. \u043c\u044b \u043f\u0440\u0438\u0434\u0435\u0440\u0436\u0438\u0432\u0430\u0435\u043c\u0441\u044f \u043e\u0440\u0442\u043e\u0434\u043e\u043a\u0441\u0430\u043b\u044c\u043d\u044b\u0445&#46;&#46;&#46;","og_url":"https:\/\/jg-dortmund.de\/rabbinat","og_site_name":"JKGD","article_modified_time":"2017-09-03T12:03:45+00:00","twitter_card":"summary_large_image","twitter_misc":{"\u041f\u0440\u0438\u043c\u0435\u0440\u043d\u043e\u0435 \u0432\u0440\u0435\u043c\u044f \u0434\u043b\u044f \u0447\u0442\u0435\u043d\u0438\u044f":"1 \u043c\u0438\u043d\u0443\u0442\u0430"},"schema":{"@context":"https:\/\/schema.org","@graph":[{"@type":"WebPage","@id":"https:\/\/jg-dortmund.de\/rabbinat","url":"https:\/\/jg-dortmund.de\/rabbinat","name":"[:de]Rabbinat[:ru]\u0420\u0430\u0432\u0432\u0438\u043d\u0430\u0442[:] - JKGD","isPartOf":{"@id":"https:\/\/jg-dortmund.de\/de\/#website"},"datePublished":"2017-09-03T11:15:48+00:00","dateModified":"2017-09-03T12:03:45+00:00","breadcrumb":{"@id":"https:\/\/jg-dortmund.de\/rabbinat#breadcrumb"},"inLanguage":"ru-RU","potentialAction":[{"@type":"ReadAction","target":["https:\/\/jg-dortmund.de\/rabbinat"]}]},{"@type":"BreadcrumbList","@id":"https:\/\/jg-dortmund.de\/rabbinat#breadcrumb","itemListElement":[{"@type":"ListItem","position":1,"name":"Startseite","item":"https:\/\/jg-dortmund.de\/"},{"@type":"ListItem","position":2,"name":"Rabbinat"}]},{"@type":"WebSite","@id":"https:\/\/jg-dortmund.de\/de\/#website","url":"https:\/\/jg-dortmund.de\/de\/","name":"JKGD","description":"J\u00fcdische Kultusgemeinde Gro\u00df-Dortmund K.d.\u00f6.R","publisher":{"@id":"https:\/\/jg-dortmund.de\/de\/#organization"},"potentialAction":[{"@type":"SearchAction","target":{"@type":"EntryPoint","urlTemplate":"https:\/\/jg-dortmund.de\/de\/?s={search_term_string}"},"query-input":{"@type":"PropertyValueSpecification","valueRequired":true,"valueName":"search_term_string"}}],"inLanguage":"ru-RU"},{"@type":"Organization","@id":"https:\/\/jg-dortmund.de\/de\/#organization","name":"JKGD","url":"https:\/\/jg-dortmund.de\/de\/","logo":{"@type":"ImageObject","inLanguage":"ru-RU","@id":"https:\/\/jg-dortmund.de\/de\/#\/schema\/logo\/image\/","url":"","contentUrl":"","caption":"JKGD"},"image":{"@id":"https:\/\/jg-dortmund.de\/de\/#\/schema\/logo\/image\/"}}]}},"_links":{"self":[{"href":"https:\/\/jg-dortmund.de\/ru\/wp-json\/wp\/v2\/pages\/1418","targetHints":{"allow":["GET"]}}],"collection":[{"href":"https:\/\/jg-dortmund.de\/ru\/wp-json\/wp\/v2\/pages"}],"about":[{"href":"https:\/\/jg-dortmund.de\/ru\/wp-json\/wp\/v2\/types\/page"}],"author":[{"embeddable":true,"href":"https:\/\/jg-dortmund.de\/ru\/wp-json\/wp\/v2\/users\/1"}],"replies":[{"embeddable":true,"href":"https:\/\/jg-dortmund.de\/ru\/wp-json\/wp\/v2\/comments?post=1418"}],"version-history":[{"count":0,"href":"https:\/\/jg-dortmund.de\/ru\/wp-json\/wp\/v2\/pages\/1418\/revisions"}],"wp:attachment":[{"href":"https:\/\/jg-dortmund.de\/ru\/wp-json\/wp\/v2\/media?parent=1418"}],"curies":[{"name":"wp","href":"https:\/\/api.w.org\/{rel}","templated":true}]}}