{"id":1098,"date":"2016-11-14T00:25:07","date_gmt":"2016-11-14T00:25:07","guid":{"rendered":"http:\/\/jg-dortmund.de\/?page_id=1098"},"modified":"2025-05-27T13:47:26","modified_gmt":"2025-05-27T11:47:26","slug":"startseite","status":"publish","type":"page","link":"https:\/\/jg-dortmund.de\/en\/","title":{"rendered":"Homepage"},"content":{"rendered":"<h5 style=\"text-align: left;\">BS\"D<\/h5>\n<h2 style=\"text-align: left;\">Welcome to the website of the jewish community of Dortmund!<\/h2>\n<h3 style=\"text-align: left;\">Prayers (Minyanim)<\/h3>\n<p style=\"text-align: left;\">The Shachrit morning prayer with subsequent breakfast takes place:<br \/>\nEvery Sunday \u2013 at 09:30 AM<br \/>\nEvery Monday and Thursday \u2013 at 09:00 AM<br \/>\nEvery Tuesday, Wednesday, and Friday \u2013 at 07:00 AM<br \/>\n<strong>Kabbalat Shabbat:<br \/>\n<\/strong>Every Friday \u2013 at 06:00 PM (winter time) or at 07:00 PM (summer time)<br \/>\nIn Iyar, Sivan, and Tammuz, until 01.08.2025 \u2013 at 07:30 PM<br \/>\nEvery Saturday \u2013 at 09:00 AM<br \/>\nOn Saturday afternoon \u2013 approximately 1.5 hours before the end of Shabbat<\/p>\n<h3 style=\"text-align: left;\">Kashrut<\/h3>\n<p style=\"text-align: left;\">The <strong>community's kitchen<\/strong> is under the strict supervision of Rabbi Avigdor M. Nosikov. You can order here a kosher event as a wedding, Brit Mila etc., for more details please contact&nbsp; <a href=\"mailto:verwaltung@jkgd.de\">verwaltung@jkgd.de&nbsp;<\/a><\/p>\n<p style=\"text-align: left;\">You can buy kosher products as meat, cheese, wine sweets and many other in our <strong>kosher store<\/strong> \"Lehaim\". Address: Prinz-Friedrich-Karl str. 12 (in front of the Jewish community). Working hours: Mo-Th 11:00-18:00 Fr 11:00-14:00. Tel.: <a href=\"tel:+492319101743\">0231 \u2013 910 17 43<\/a> (Mendel)<\/p>\n<p style=\"text-align: left;\"><img loading=\"lazy\" decoding=\"async\" class=\"alignnone size-full wp-image-1492\" src=\"https:\/\/jg-dortmund.de\/wp-content\/uploads\/2017\/09\/lechaim.png\" alt=\"\" width=\"502\" height=\"97\"><\/p>\n<h3 style=\"text-align: left;\">Mikveh<\/h3>\n<p style=\"text-align: left;\">The community operates luxurious <strong>women Mikveh<\/strong>. To schedule an appointment please contact&nbsp; &nbsp;+4917684597183 by WhatsApp at least<strong> 48 hours prior to Mikveh day<\/strong>. To use the Mikveh for dishes please contact us by email <a href=\"mailto:rabbinat@jg-dortmund.de\">rabbinat@jg-dortmund.de<\/a> . The Mikveh <strong>isn't open at all for men<\/strong> usage!<\/p>\n<p style=\"text-align: left;\"><img loading=\"lazy\" decoding=\"async\" class=\"alignnone size-medium wp-image-2350\" src=\"https:\/\/jg-dortmund.de\/wp-content\/uploads\/2017\/09\/MikweBB-620x489.jpg\" alt=\"\" width=\"620\" height=\"489\" srcset=\"https:\/\/jg-dortmund.de\/wp-content\/uploads\/2017\/09\/MikweBB-620x489.jpg 620w, https:\/\/jg-dortmund.de\/wp-content\/uploads\/2017\/09\/MikweBB-940x742.jpg 940w, https:\/\/jg-dortmund.de\/wp-content\/uploads\/2017\/09\/MikweBB-300x237.jpg 300w, https:\/\/jg-dortmund.de\/wp-content\/uploads\/2017\/09\/MikweBB-768x606.jpg 768w, https:\/\/jg-dortmund.de\/wp-content\/uploads\/2017\/09\/MikweBB.jpg 1125w\" sizes=\"auto, (max-width: 620px) 100vw, 620px\" \/><\/p>\n<h3 style=\"text-align: left;\">Community membership<\/h3>\n<p style=\"text-align: left;\">Are you a Jew and constantly living in Dortmund? You are invited to become a community member and enjoy from all the rights given to members only! To join to our community please contact us <a href=\"mailto:rabbinat@jg-dortmund.de\">rabbinat@jg-dortmund.de<\/a><\/p>\n<p style=\"text-align: left;\">If you have some other questions, offers or remarks please contact us! <a href=\"mailto:rabbinat@jg-dortmund.de\">rabbinat@jg-dortmund.de<\/a><\/p>","protected":false},"excerpt":{"rendered":"<p>BS&#8221;D Welcome to the website of the jewish community of Dortmund! Prayers (Minyanim) The Shachrit morning prayer with subsequent breakfast takes place: Every Sunday \u2013 at 09:30 AM Every Monday and Thursday \u2013 at&#46;&#46;&#46;<\/p>\n","protected":false},"author":1,"featured_media":0,"parent":0,"menu_order":0,"comment_status":"closed","ping_status":"closed","template":"","meta":{"ngg_post_thumbnail":0,"footnotes":""},"class_list":["post-1098","page","type-page","status-publish","hentry"],"yoast_head":"<!-- This site is optimized with the Yoast SEO plugin v27.4 - https:\/\/yoast.com\/product\/yoast-seo-wordpress\/ -->\n<title>Homepage - JKGD<\/title>\n<meta name=\"robots\" content=\"index, follow, max-snippet:-1, max-image-preview:large, max-video-preview:-1\" \/>\n<link rel=\"canonical\" href=\"https:\/\/jg-dortmund.de\/\" \/>\n<meta property=\"og:locale\" content=\"en_US\" \/>\n<meta property=\"og:type\" content=\"article\" \/>\n<meta property=\"og:title\" content=\"[:de]Startseite[:ru]\u0413\u043b\u0430\u0432\u043d\u0430\u044f \u0441\u0442\u0440\u0430\u043d\u0438\u0446\u0430[:en]Homepage[:he]\u05e2\u05de\u05d5\u05d3 \u05e8\u05d0\u05e9\u05d9[:] - JKGD\" \/>\n<meta property=\"og:description\" content=\"BS&quot;D Welcome to the website of the jewish community of Dortmund! Prayers (Minyanim) The Shachrit morning prayer with subsequent breakfast takes place: Every Sunday \u2013 at 09:30 AM Every Monday and Thursday \u2013 at&#046;&#046;&#046;\" \/>\n<meta property=\"og:url\" content=\"https:\/\/jg-dortmund.de\/\" \/>\n<meta property=\"og:site_name\" content=\"JKGD\" \/>\n<meta property=\"article:modified_time\" content=\"2025-05-27T11:47:26+00:00\" \/>\n<meta property=\"og:image\" content=\"https:\/\/jg-dortmund.de\/wp-content\/uploads\/2017\/09\/lechaim.png\" \/>\n<meta name=\"twitter:card\" content=\"summary_large_image\" \/>\n<meta name=\"twitter:label1\" content=\"Est. reading time\" \/>\n\t<meta name=\"twitter:data1\" content=\"2 minutes\" \/>\n<script type=\"application\/ld+json\" class=\"yoast-schema-graph\">{\"@context\":\"https:\\\/\\\/schema.org\",\"@graph\":[{\"@type\":\"WebPage\",\"@id\":\"https:\\\/\\\/jg-dortmund.de\\\/\",\"url\":\"https:\\\/\\\/jg-dortmund.de\\\/\",\"name\":\"[:de]Startseite[:ru]\u0413\u043b\u0430\u0432\u043d\u0430\u044f \u0441\u0442\u0440\u0430\u043d\u0438\u0446\u0430[:en]Homepage[:he]\u05e2\u05de\u05d5\u05d3 \u05e8\u05d0\u05e9\u05d9[:] - JKGD\",\"isPartOf\":{\"@id\":\"https:\\\/\\\/jg-dortmund.de\\\/de\\\/#website\"},\"primaryImageOfPage\":{\"@id\":\"https:\\\/\\\/jg-dortmund.de\\\/#primaryimage\"},\"image\":{\"@id\":\"https:\\\/\\\/jg-dortmund.de\\\/#primaryimage\"},\"thumbnailUrl\":\"https:\\\/\\\/jg-dortmund.de\\\/wp-content\\\/uploads\\\/2017\\\/09\\\/lechaim.png\",\"datePublished\":\"2016-11-14T00:25:07+00:00\",\"dateModified\":\"2025-05-27T11:47:26+00:00\",\"breadcrumb\":{\"@id\":\"https:\\\/\\\/jg-dortmund.de\\\/#breadcrumb\"},\"inLanguage\":\"en-US\",\"potentialAction\":[{\"@type\":\"ReadAction\",\"target\":[\"https:\\\/\\\/jg-dortmund.de\\\/\"]}]},{\"@type\":\"ImageObject\",\"inLanguage\":\"en-US\",\"@id\":\"https:\\\/\\\/jg-dortmund.de\\\/#primaryimage\",\"url\":\"https:\\\/\\\/jg-dortmund.de\\\/wp-content\\\/uploads\\\/2017\\\/09\\\/lechaim.png\",\"contentUrl\":\"https:\\\/\\\/jg-dortmund.de\\\/wp-content\\\/uploads\\\/2017\\\/09\\\/lechaim.png\"},{\"@type\":\"BreadcrumbList\",\"@id\":\"https:\\\/\\\/jg-dortmund.de\\\/#breadcrumb\",\"itemListElement\":[{\"@type\":\"ListItem\",\"position\":1,\"name\":\"Startseite\",\"item\":\"https:\\\/\\\/jg-dortmund.de\\\/\"},{\"@type\":\"ListItem\",\"position\":2,\"name\":\"Startseite\"}]},{\"@type\":\"WebSite\",\"@id\":\"https:\\\/\\\/jg-dortmund.de\\\/de\\\/#website\",\"url\":\"https:\\\/\\\/jg-dortmund.de\\\/de\\\/\",\"name\":\"JKGD\",\"description\":\"J\u00fcdische Kultusgemeinde Gro\u00df-Dortmund K.d.\u00f6.R\",\"publisher\":{\"@id\":\"https:\\\/\\\/jg-dortmund.de\\\/de\\\/#organization\"},\"potentialAction\":[{\"@type\":\"SearchAction\",\"target\":{\"@type\":\"EntryPoint\",\"urlTemplate\":\"https:\\\/\\\/jg-dortmund.de\\\/de\\\/?s={search_term_string}\"},\"query-input\":{\"@type\":\"PropertyValueSpecification\",\"valueRequired\":true,\"valueName\":\"search_term_string\"}}],\"inLanguage\":\"en-US\"},{\"@type\":\"Organization\",\"@id\":\"https:\\\/\\\/jg-dortmund.de\\\/de\\\/#organization\",\"name\":\"JKGD\",\"url\":\"https:\\\/\\\/jg-dortmund.de\\\/de\\\/\",\"logo\":{\"@type\":\"ImageObject\",\"inLanguage\":\"en-US\",\"@id\":\"https:\\\/\\\/jg-dortmund.de\\\/de\\\/#\\\/schema\\\/logo\\\/image\\\/\",\"url\":\"\",\"contentUrl\":\"\",\"caption\":\"JKGD\"},\"image\":{\"@id\":\"https:\\\/\\\/jg-dortmund.de\\\/de\\\/#\\\/schema\\\/logo\\\/image\\\/\"}}]}<\/script>\n<!-- \/ Yoast SEO plugin. -->","yoast_head_json":{"title":"[:de]Startseite[:ru]\u0413\u043b\u0430\u0432\u043d\u0430\u044f \u0441\u0442\u0440\u0430\u043d\u0438\u0446\u0430[:en]Homepage[:he]\u05e2\u05de\u05d5\u05d3 \u05e8\u05d0\u05e9\u05d9[:] - JKGD","robots":{"index":"index","follow":"follow","max-snippet":"max-snippet:-1","max-image-preview":"max-image-preview:large","max-video-preview":"max-video-preview:-1"},"canonical":"https:\/\/jg-dortmund.de\/","og_locale":"en_US","og_type":"article","og_title":"[:de]Startseite[:ru]\u0413\u043b\u0430\u0432\u043d\u0430\u044f \u0441\u0442\u0440\u0430\u043d\u0438\u0446\u0430[:en]Homepage[:he]\u05e2\u05de\u05d5\u05d3 \u05e8\u05d0\u05e9\u05d9[:] - JKGD","og_description":"BS\"D Welcome to the website of the jewish community of Dortmund! Prayers (Minyanim) The Shachrit morning prayer with subsequent breakfast takes place: Every Sunday \u2013 at 09:30 AM Every Monday and Thursday \u2013 at&#46;&#46;&#46;","og_url":"https:\/\/jg-dortmund.de\/","og_site_name":"JKGD","article_modified_time":"2025-05-27T11:47:26+00:00","og_image":[{"url":"https:\/\/jg-dortmund.de\/wp-content\/uploads\/2017\/09\/lechaim.png","type":"","width":"","height":""}],"twitter_card":"summary_large_image","twitter_misc":{"Est. reading time":"2 minutes"},"schema":{"@context":"https:\/\/schema.org","@graph":[{"@type":"WebPage","@id":"https:\/\/jg-dortmund.de\/","url":"https:\/\/jg-dortmund.de\/","name":"[:de]Startseite[:ru]\u0413\u043b\u0430\u0432\u043d\u0430\u044f \u0441\u0442\u0440\u0430\u043d\u0438\u0446\u0430[:en]Homepage[:he]\u05e2\u05de\u05d5\u05d3 \u05e8\u05d0\u05e9\u05d9[:] - JKGD","isPartOf":{"@id":"https:\/\/jg-dortmund.de\/de\/#website"},"primaryImageOfPage":{"@id":"https:\/\/jg-dortmund.de\/#primaryimage"},"image":{"@id":"https:\/\/jg-dortmund.de\/#primaryimage"},"thumbnailUrl":"https:\/\/jg-dortmund.de\/wp-content\/uploads\/2017\/09\/lechaim.png","datePublished":"2016-11-14T00:25:07+00:00","dateModified":"2025-05-27T11:47:26+00:00","breadcrumb":{"@id":"https:\/\/jg-dortmund.de\/#breadcrumb"},"inLanguage":"en-US","potentialAction":[{"@type":"ReadAction","target":["https:\/\/jg-dortmund.de\/"]}]},{"@type":"ImageObject","inLanguage":"en-US","@id":"https:\/\/jg-dortmund.de\/#primaryimage","url":"https:\/\/jg-dortmund.de\/wp-content\/uploads\/2017\/09\/lechaim.png","contentUrl":"https:\/\/jg-dortmund.de\/wp-content\/uploads\/2017\/09\/lechaim.png"},{"@type":"BreadcrumbList","@id":"https:\/\/jg-dortmund.de\/#breadcrumb","itemListElement":[{"@type":"ListItem","position":1,"name":"Startseite","item":"https:\/\/jg-dortmund.de\/"},{"@type":"ListItem","position":2,"name":"Startseite"}]},{"@type":"WebSite","@id":"https:\/\/jg-dortmund.de\/de\/#website","url":"https:\/\/jg-dortmund.de\/de\/","name":"JKGD","description":"J\u00fcdische Kultusgemeinde Gro\u00df-Dortmund K.d.\u00f6.R","publisher":{"@id":"https:\/\/jg-dortmund.de\/de\/#organization"},"potentialAction":[{"@type":"SearchAction","target":{"@type":"EntryPoint","urlTemplate":"https:\/\/jg-dortmund.de\/de\/?s={search_term_string}"},"query-input":{"@type":"PropertyValueSpecification","valueRequired":true,"valueName":"search_term_string"}}],"inLanguage":"en-US"},{"@type":"Organization","@id":"https:\/\/jg-dortmund.de\/de\/#organization","name":"JKGD","url":"https:\/\/jg-dortmund.de\/de\/","logo":{"@type":"ImageObject","inLanguage":"en-US","@id":"https:\/\/jg-dortmund.de\/de\/#\/schema\/logo\/image\/","url":"","contentUrl":"","caption":"JKGD"},"image":{"@id":"https:\/\/jg-dortmund.de\/de\/#\/schema\/logo\/image\/"}}]}},"_links":{"self":[{"href":"https:\/\/jg-dortmund.de\/en\/wp-json\/wp\/v2\/pages\/1098","targetHints":{"allow":["GET"]}}],"collection":[{"href":"https:\/\/jg-dortmund.de\/en\/wp-json\/wp\/v2\/pages"}],"about":[{"href":"https:\/\/jg-dortmund.de\/en\/wp-json\/wp\/v2\/types\/page"}],"author":[{"embeddable":true,"href":"https:\/\/jg-dortmund.de\/en\/wp-json\/wp\/v2\/users\/1"}],"replies":[{"embeddable":true,"href":"https:\/\/jg-dortmund.de\/en\/wp-json\/wp\/v2\/comments?post=1098"}],"version-history":[{"count":12,"href":"https:\/\/jg-dortmund.de\/en\/wp-json\/wp\/v2\/pages\/1098\/revisions"}],"predecessor-version":[{"id":3769,"href":"https:\/\/jg-dortmund.de\/en\/wp-json\/wp\/v2\/pages\/1098\/revisions\/3769"}],"wp:attachment":[{"href":"https:\/\/jg-dortmund.de\/en\/wp-json\/wp\/v2\/media?parent=1098"}],"curies":[{"name":"wp","href":"https:\/\/api.w.org\/{rel}","templated":true}]}}