{"id":2888,"date":"2022-03-22T14:57:20","date_gmt":"2022-03-22T13:57:20","guid":{"rendered":"https:\/\/jg-dortmund.de\/?page_id=2888"},"modified":"2022-03-22T15:16:46","modified_gmt":"2022-03-22T14:16:46","slug":"stellenboerse","status":"publish","type":"page","link":"https:\/\/jg-dortmund.de\/de\/stellenboerse","title":{"rendered":"Stellenb\u00f6rse"},"content":{"rendered":"      <div id=\"post-grid-lazy-2897\" class=\"post-grid-lazy\"><img decoding=\"async\" alt=\"\" src=\"\" \/><\/div>\n    <script>\n      jQuery('#post-grid-lazy-2897').ready(function($) {\n        $('#post-grid-lazy-2897').fadeOut();\n        $('#post-grid-2897   ').fadeIn();\n      })\n    <\/script>\n    <style type=\"text\/css\">\n      #post-grid-2897 {\n        display: none;\n      }\n\n      .post-grid-lazy {\n        text-align: center;\n      }\n    <\/style>\n    <div data-options='{&quot;id&quot;:&quot;2897&quot;,&quot;lazy_load&quot;:&quot;yes&quot;,&quot;masonry_enable&quot;:&quot;no&quot;,&quot;view_type&quot;:&quot;grid&quot;,&quot;no_posts_text&quot;:&quot;&quot;}' id=\"post-grid-2897\" class=\"post-grid grid\">\n    \n\n\n    <div class=\"grid-items\">\n      <div class=\"item item-1228 skin flat even 0 \">\n        <div class=\"layer-wrapper layout-2118\">\n          <div class=\"layer-media element_1587187627902\"\r\n        id=\"\">\r\n        <div\r\n        class=\"element element_1587190790308  element-media \">\r\n        <a target=\"_self\" href=\"https:\/\/jg-dortmund.de\/de\/stellenangebote\"><img loading=\"lazy\" decoding=\"async\" width=\"940\" height=\"742\" src=\"https:\/\/jg-dortmund.de\/wp-content\/uploads\/2017\/09\/Stellenboerse-940x742.jpg\" class=\"attachment-large size-large wp-post-image\" alt=\"\" \/><\/a>    <\/div>\r\n    <\/div>\r\n    <div class=\"layer-content element_1587187714568\"\r\n        id=\"\">\r\n        <div class=\"element element_1587187895341  title \">\r\n                    <a target=\"_blank\"\r\n                href=\"https:\/\/jg-dortmund.de\/de\/stellenangebote\">Stellenangebote<\/a>\r\n            <\/div>\r\n    <\/div>\r\n    <\/div>\n  <\/div><div class=\"item item-2890 skin flat odd 1 \">\n        <div class=\"layer-wrapper layout-2118\">\n          <div class=\"layer-media element_1587187627902\"\r\n        id=\"\">\r\n        <div\r\n        class=\"element element_1587190790308  element-media \">\r\n        <a target=\"_self\" href=\"https:\/\/jg-dortmund.de\/de\/bfd-stellen\"><img loading=\"lazy\" decoding=\"async\" width=\"270\" height=\"213\" src=\"https:\/\/jg-dortmund.de\/wp-content\/uploads\/2021\/04\/bfd.jpg\" class=\"attachment-large size-large wp-post-image\" alt=\"\" \/><\/a>    <\/div>\r\n    <\/div>\r\n    <div class=\"layer-content element_1587187714568\"\r\n        id=\"\">\r\n        <div class=\"element element_1587187895341  title \">\r\n                    <a target=\"_blank\"\r\n                href=\"https:\/\/jg-dortmund.de\/de\/bfd-stellen\">BFD<\/a>\r\n            <\/div>\r\n    <\/div>\r\n    <\/div>\n  <\/div><div class=\"item item-3794 skin flat even 2 \">\n        <div class=\"layer-wrapper layout-2118\">\n          <div class=\"layer-media element_1587187627902\"\r\n        id=\"\">\r\n        <div\r\n        class=\"element element_1587190790308  element-media \">\r\n        <a target=\"_self\" href=\"https:\/\/jg-dortmund.de\/de\/stellenangebote-sozialabteilung\"><img loading=\"lazy\" decoding=\"async\" width=\"270\" height=\"213\" src=\"https:\/\/jg-dortmund.de\/wp-content\/uploads\/2017\/09\/sozialabteilung.jpg\" class=\"attachment-large size-large wp-post-image\" alt=\"\" \/><\/a>    <\/div>\r\n    <\/div>\r\n    <div class=\"layer-content element_1587187714568\"\r\n        id=\"\">\r\n        <div class=\"element element_1587187895341  title \">\r\n                    <a target=\"_blank\"\r\n                href=\"https:\/\/jg-dortmund.de\/de\/stellenangebote-sozialabteilung\">Sozialabteilung<\/a>\r\n            <\/div>\r\n    <\/div>\r\n    <\/div>\n  <\/div>    <\/div>\n    <div class=\"pagination\">\n      <div class=\"paginate\">\n      <\/div>\n  <style type=\"text\/css\">\n    #post-grid-2897 .pagination .page-numbers {\n      font-size: 16px;\n      color: #fff;\n      background: #646464;\n    }\n\n    #post-grid-2897 .pagination .page-numbers:hover,\n    #post-grid-2897 .pagination .page-numbers.current {\n      background: #4b4b4b;\n    }\n  <\/style>\n  <\/div>\n        <style type=\"text\/css\">\r\n            .layout-2118 .element_1587187627902 {\r\n                            }\r\n\r\n                    <\/style>\r\n        <style type=\"text\/css\">\r\n        .layout-2118 .element_1587190790308 {\r\n            overflow: hidden;\r\n                    }\r\n\r\n        .layout-2118 .element_1587190790308 img {\r\n            max-width: 100%;\r\n            height: auto;\r\n        }\r\n\r\n        @media only screen and (min-width: 1024px) {\r\n            .layout-2118 .element_1587190790308 {\r\n                height: auto;\r\n                            }\r\n        }\r\n\r\n        @media only screen and (min-width: 768px) and (max-width: 1023px) {\r\n            .layout-2118 .element_1587190790308 {\r\n                height: auto;\r\n                            }\r\n        }\r\n\r\n        @media only screen and (min-width: 0px) and (max-width: 767px) {\r\n            .layout-2118 .element_1587190790308 {\r\n                height: auto;\r\n                            }\r\n        }\r\n    <\/style>\r\n        <style type=\"text\/css\">\r\n            .layout-2118 .element_1587187714568 {\r\n                            }\r\n\r\n                    <\/style>\r\n        <style type=\"text\/css\">\r\n        .layout-2118 .element_1587187895341 {\r\n            font-size: 18px;\r\n            margin: 5px 0;\r\n            text-align: center;\r\n                    }\r\n\r\n        .layout-2118 .element_1587187895341 a {\r\n            font-size: 18px;\r\n            margin: 5px 0;\r\n            text-align: center;\r\n                    }\r\n    <\/style>\r\n        <style type=\"text\/css\">\n      .layout-2118 a{text-decoration:none}.layout-2118{vertical-align:top}.layout-2118 .layer-content{padding:10px}    <\/style>\n    <script>\n          <\/script>\n    <style type=\"text\/css\">\n    #post-grid-2897 {\n      padding: 10px;\n          }\n\n    #post-grid-2897 .item {\n      padding: 0px;\n      background: #fff;\n          }\n\n    #post-grid-2897 .item .layer-media {\n      height:auto;    }\n\n    @media only screen and (min-width: 0px) and (max-width: 767px) {\n      #post-grid-2897 .grid-items {\n        text-align: center;\n              }\n\n      #post-grid-2897 .item {\n        width: 90%;\n        margin: 10px;\n        display: inline-block;\n        vertical-align: top;\n        height:auto;      }\n    }\n\n    @media only screen and (min-width: 768px) and (max-width: 1023px) {\n      #post-grid-2897 .grid-items {\n        text-align: center;\n              }\n\n      #post-grid-2897 .item {\n        width: 230px;\n        margin: 10px;\n        display: inline-block;\n        vertical-align: top;\n        max-height:auto;      }\n    }\n\n    @media only screen and (min-width: 1024px) {\n      #post-grid-2897 .grid-items {\n        text-align: center;\n              }\n\n      #post-grid-2897 .item {\n        width: 230px;\n        display: inline-block;\n        margin: 10px;\n        vertical-align: top;\n        height:auto;      }\n    }\n\n      <\/style>\n  <\/div>\n\n","protected":false},"excerpt":{"rendered":"","protected":false},"author":1,"featured_media":0,"parent":0,"menu_order":0,"comment_status":"closed","ping_status":"closed","template":"","meta":{"ngg_post_thumbnail":0,"footnotes":""},"class_list":["post-2888","page","type-page","status-publish","hentry"],"yoast_head":"<!-- This site is optimized with the Yoast SEO plugin v27.5 - https:\/\/yoast.com\/product\/yoast-seo-wordpress\/ -->\n<title>Stellenb\u00f6rse - JKGD<\/title>\n<meta name=\"robots\" content=\"index, follow, max-snippet:-1, max-image-preview:large, max-video-preview:-1\" \/>\n<link rel=\"canonical\" href=\"https:\/\/jg-dortmund.de\/stellenboerse\" \/>\n<meta property=\"og:locale\" content=\"de_DE\" \/>\n<meta property=\"og:type\" content=\"article\" \/>\n<meta property=\"og:title\" content=\"[:de]Stellenb\u00f6rse[:ru]\u0420\u0430\u0431\u043e\u0442\u0430[:] - JKGD\" \/>\n<meta property=\"og:url\" content=\"https:\/\/jg-dortmund.de\/stellenboerse\" \/>\n<meta property=\"og:site_name\" content=\"JKGD\" \/>\n<meta property=\"article:modified_time\" content=\"2022-03-22T14:16:46+00:00\" \/>\n<meta name=\"twitter:card\" content=\"summary_large_image\" \/>\n<script type=\"application\/ld+json\" class=\"yoast-schema-graph\">{\"@context\":\"https:\\\/\\\/schema.org\",\"@graph\":[{\"@type\":\"WebPage\",\"@id\":\"https:\\\/\\\/jg-dortmund.de\\\/stellenboerse\",\"url\":\"https:\\\/\\\/jg-dortmund.de\\\/stellenboerse\",\"name\":\"[:de]Stellenb\u00f6rse[:ru]\u0420\u0430\u0431\u043e\u0442\u0430[:] - JKGD\",\"isPartOf\":{\"@id\":\"https:\\\/\\\/jg-dortmund.de\\\/de\\\/#website\"},\"datePublished\":\"2022-03-22T13:57:20+00:00\",\"dateModified\":\"2022-03-22T14:16:46+00:00\",\"breadcrumb\":{\"@id\":\"https:\\\/\\\/jg-dortmund.de\\\/stellenboerse#breadcrumb\"},\"inLanguage\":\"de\",\"potentialAction\":[{\"@type\":\"ReadAction\",\"target\":[\"https:\\\/\\\/jg-dortmund.de\\\/stellenboerse\"]}]},{\"@type\":\"BreadcrumbList\",\"@id\":\"https:\\\/\\\/jg-dortmund.de\\\/stellenboerse#breadcrumb\",\"itemListElement\":[{\"@type\":\"ListItem\",\"position\":1,\"name\":\"Startseite\",\"item\":\"https:\\\/\\\/jg-dortmund.de\\\/\"},{\"@type\":\"ListItem\",\"position\":2,\"name\":\"Stellenb\u00f6rse\"}]},{\"@type\":\"WebSite\",\"@id\":\"https:\\\/\\\/jg-dortmund.de\\\/de\\\/#website\",\"url\":\"https:\\\/\\\/jg-dortmund.de\\\/de\\\/\",\"name\":\"JKGD\",\"description\":\"J\u00fcdische Kultusgemeinde Gro\u00df-Dortmund K.d.\u00f6.R\",\"publisher\":{\"@id\":\"https:\\\/\\\/jg-dortmund.de\\\/de\\\/#organization\"},\"potentialAction\":[{\"@type\":\"SearchAction\",\"target\":{\"@type\":\"EntryPoint\",\"urlTemplate\":\"https:\\\/\\\/jg-dortmund.de\\\/de\\\/?s={search_term_string}\"},\"query-input\":{\"@type\":\"PropertyValueSpecification\",\"valueRequired\":true,\"valueName\":\"search_term_string\"}}],\"inLanguage\":\"de\"},{\"@type\":\"Organization\",\"@id\":\"https:\\\/\\\/jg-dortmund.de\\\/de\\\/#organization\",\"name\":\"JKGD\",\"url\":\"https:\\\/\\\/jg-dortmund.de\\\/de\\\/\",\"logo\":{\"@type\":\"ImageObject\",\"inLanguage\":\"de\",\"@id\":\"https:\\\/\\\/jg-dortmund.de\\\/de\\\/#\\\/schema\\\/logo\\\/image\\\/\",\"url\":\"\",\"contentUrl\":\"\",\"caption\":\"JKGD\"},\"image\":{\"@id\":\"https:\\\/\\\/jg-dortmund.de\\\/de\\\/#\\\/schema\\\/logo\\\/image\\\/\"}}]}<\/script>\n<!-- \/ Yoast SEO plugin. -->","yoast_head_json":{"title":"[:de]Stellenb\u00f6rse[:ru]\u0420\u0430\u0431\u043e\u0442\u0430[:] - JKGD","robots":{"index":"index","follow":"follow","max-snippet":"max-snippet:-1","max-image-preview":"max-image-preview:large","max-video-preview":"max-video-preview:-1"},"canonical":"https:\/\/jg-dortmund.de\/stellenboerse","og_locale":"de_DE","og_type":"article","og_title":"[:de]Stellenb\u00f6rse[:ru]\u0420\u0430\u0431\u043e\u0442\u0430[:] - JKGD","og_url":"https:\/\/jg-dortmund.de\/stellenboerse","og_site_name":"JKGD","article_modified_time":"2022-03-22T14:16:46+00:00","twitter_card":"summary_large_image","schema":{"@context":"https:\/\/schema.org","@graph":[{"@type":"WebPage","@id":"https:\/\/jg-dortmund.de\/stellenboerse","url":"https:\/\/jg-dortmund.de\/stellenboerse","name":"[:de]Stellenb\u00f6rse[:ru]\u0420\u0430\u0431\u043e\u0442\u0430[:] - JKGD","isPartOf":{"@id":"https:\/\/jg-dortmund.de\/de\/#website"},"datePublished":"2022-03-22T13:57:20+00:00","dateModified":"2022-03-22T14:16:46+00:00","breadcrumb":{"@id":"https:\/\/jg-dortmund.de\/stellenboerse#breadcrumb"},"inLanguage":"de","potentialAction":[{"@type":"ReadAction","target":["https:\/\/jg-dortmund.de\/stellenboerse"]}]},{"@type":"BreadcrumbList","@id":"https:\/\/jg-dortmund.de\/stellenboerse#breadcrumb","itemListElement":[{"@type":"ListItem","position":1,"name":"Startseite","item":"https:\/\/jg-dortmund.de\/"},{"@type":"ListItem","position":2,"name":"Stellenb\u00f6rse"}]},{"@type":"WebSite","@id":"https:\/\/jg-dortmund.de\/de\/#website","url":"https:\/\/jg-dortmund.de\/de\/","name":"JKGD","description":"J\u00fcdische Kultusgemeinde Gro\u00df-Dortmund K.d.\u00f6.R","publisher":{"@id":"https:\/\/jg-dortmund.de\/de\/#organization"},"potentialAction":[{"@type":"SearchAction","target":{"@type":"EntryPoint","urlTemplate":"https:\/\/jg-dortmund.de\/de\/?s={search_term_string}"},"query-input":{"@type":"PropertyValueSpecification","valueRequired":true,"valueName":"search_term_string"}}],"inLanguage":"de"},{"@type":"Organization","@id":"https:\/\/jg-dortmund.de\/de\/#organization","name":"JKGD","url":"https:\/\/jg-dortmund.de\/de\/","logo":{"@type":"ImageObject","inLanguage":"de","@id":"https:\/\/jg-dortmund.de\/de\/#\/schema\/logo\/image\/","url":"","contentUrl":"","caption":"JKGD"},"image":{"@id":"https:\/\/jg-dortmund.de\/de\/#\/schema\/logo\/image\/"}}]}},"_links":{"self":[{"href":"https:\/\/jg-dortmund.de\/de\/wp-json\/wp\/v2\/pages\/2888","targetHints":{"allow":["GET"]}}],"collection":[{"href":"https:\/\/jg-dortmund.de\/de\/wp-json\/wp\/v2\/pages"}],"about":[{"href":"https:\/\/jg-dortmund.de\/de\/wp-json\/wp\/v2\/types\/page"}],"author":[{"embeddable":true,"href":"https:\/\/jg-dortmund.de\/de\/wp-json\/wp\/v2\/users\/1"}],"replies":[{"embeddable":true,"href":"https:\/\/jg-dortmund.de\/de\/wp-json\/wp\/v2\/comments?post=2888"}],"version-history":[{"count":0,"href":"https:\/\/jg-dortmund.de\/de\/wp-json\/wp\/v2\/pages\/2888\/revisions"}],"wp:attachment":[{"href":"https:\/\/jg-dortmund.de\/de\/wp-json\/wp\/v2\/media?parent=2888"}],"curies":[{"name":"wp","href":"https:\/\/api.w.org\/{rel}","templated":true}]}}