{"id":2022,"date":"2019-12-11T02:40:31","date_gmt":"2019-12-11T01:40:31","guid":{"rendered":"https:\/\/jg-dortmund.de\/?page_id=2022"},"modified":"2019-12-11T03:36:29","modified_gmt":"2019-12-11T02:36:29","slug":"aktuelles","status":"publish","type":"page","link":"https:\/\/jg-dortmund.de\/de\/aktuelles","title":{"rendered":"Aktuelles"},"content":{"rendered":"<ul class=\"lcp_catlist\"><li><h3 class=\"lcp_post\"><a href=\"https:\/\/jg-dortmund.de\/de\/appell-zur-aufnahme-von-kriegsfluechtlingen-aus-der-ukraine-in-nordrhein-westfalen\">Appell zur Aufnahme von Kriegsfl\u00fcchtlingen aus der Ukraine in Nordrhein-Westfalen<\/a><\/h3>  <div class=\"lcp_excerpt\">\n\n<\/div><a href=\"https:\/\/jg-dortmund.de\/de\/appell-zur-aufnahme-von-kriegsfluechtlingen-aus-der-ukraine-in-nordrhein-westfalen\">weiterlesen &gt;&gt;<\/a><\/li><li><h3 class=\"lcp_post\"><a href=\"https:\/\/jg-dortmund.de\/de\/stellungnahme-der-juedischen-gemeinde-dortmund-zum-vorfall-am-eingangstor-der-ditib-selimiye-moschee-in-dortmund\">Stellungnahme der J\u00fcdischen Gemeinde Dortmund zum Vorfall am Eingangstor der DiTiB Selimiye Moschee in Dortmund<\/a><\/h3>  <div class=\"lcp_excerpt\">\n<\/div><a href=\"https:\/\/jg-dortmund.de\/de\/stellungnahme-der-juedischen-gemeinde-dortmund-zum-vorfall-am-eingangstor-der-ditib-selimiye-moschee-in-dortmund\">weiterlesen &gt;&gt;<\/a><\/li><li><h3 class=\"lcp_post\"><a href=\"https:\/\/jg-dortmund.de\/de\/2124-2\">Liebe Gemeindemitglieder, nach sieben Jahren m\u00f6chte  Rabbiner Babaev mit seiner Familie nach Israel zur\u00fcckkehren.<\/a><\/h3>  <div class=\"lcp_excerpt\">\n<\/div><a href=\"https:\/\/jg-dortmund.de\/de\/2124-2\">weiterlesen &gt;&gt;<\/a><\/li><li><h3 class=\"lcp_post\"><a href=\"https:\/\/jg-dortmund.de\/de\/stellungnahme-der-juedischen-gemeinde-dortmund-zur-dgb-veranstaltung-israel-palaestina-und-die-grenzen-des-sagbaren\">Stellungnahme der J\u00fcdischen Gemeinde Dortmund zur DGB Veranstaltung \u201eIsrael, Pal\u00e4stina und die Grenzen des Sagbaren\u201c<\/a><\/h3>  <div class=\"lcp_excerpt\">Populistische Spr\u00fcche wie \u201edas wird man ja wohl noch sagen d\u00fcrfen&#8220; kannten wir bisher nur von den Rechten (\u201eIsrael ist unser Ungl\u00fcck&#8220;).\nNun hat also auch der DGB Dortmund das dringende Bed\u00fcrfnis, die angebliche Tabuisierung von Kritik an der Politik Israels zu thematisieren.\nDabei sind \u201edie Grenzen des Sagbaren&#8220; l\u00e4ngst \u00fcberschritten.\nDies hat &#8211; ausgerechnet &#8211; ein &nbsp;Gewerkschaftler ...<\/div><a href=\"https:\/\/jg-dortmund.de\/de\/stellungnahme-der-juedischen-gemeinde-dortmund-zur-dgb-veranstaltung-israel-palaestina-und-die-grenzen-des-sagbaren\">weiterlesen &gt;&gt;<\/a><\/li><li><h3 class=\"lcp_post\"><a href=\"https:\/\/jg-dortmund.de\/de\/der-dgb-referent-andreas-zumach-versucht-die-juedische-gemeinde-dortmund-einzuschuechtern\">Der DGB-Referent Andreas Zumach versucht die J\u00fcdische Gemeinde Dortmund einzusch\u00fcchtern.<\/a><\/h3>  <div class=\"lcp_excerpt\">Der Referent der vom DGB und Attac organisierten Veranstaltung \u201eIsrael, Pal\u00e4stina und die Grenzen des Sagbaren\u201c droht der J\u00fcdischen Gemeinde in einer Mail mit juristischen Schritten bis zur Strafanzeige. Die Gemeinde hat in ihrer Stellungnahme zur Veranstaltung die Meinung vertreten, dem Referenten gehe es allein darum, die Boykott-Bewegung gegen Israel \u201eBDS\u201c vom Vorwurf des Antisemitismus ...<\/div><a href=\"https:\/\/jg-dortmund.de\/de\/der-dgb-referent-andreas-zumach-versucht-die-juedische-gemeinde-dortmund-einzuschuechtern\">weiterlesen &gt;&gt;<\/a><\/li><\/ul>","protected":false},"excerpt":{"rendered":"","protected":false},"author":1,"featured_media":0,"parent":0,"menu_order":0,"comment_status":"closed","ping_status":"closed","template":"","meta":{"ngg_post_thumbnail":0,"footnotes":""},"class_list":["post-2022","page","type-page","status-publish","hentry"],"yoast_head":"<!-- This site is optimized with the Yoast SEO plugin v27.2 - https:\/\/yoast.com\/product\/yoast-seo-wordpress\/ -->\n<title>Aktuelles - JKGD<\/title>\n<meta name=\"robots\" content=\"index, follow, max-snippet:-1, max-image-preview:large, max-video-preview:-1\" \/>\n<link rel=\"canonical\" href=\"https:\/\/jg-dortmund.de\/aktuelles\" \/>\n<meta property=\"og:locale\" content=\"de_DE\" \/>\n<meta property=\"og:type\" content=\"article\" \/>\n<meta property=\"og:title\" content=\"[:de]Aktuelles[:ru]\u0410\u043a\u0442\u0443\u0430\u043b\u044c\u043d\u044b\u0435 \u043d\u043e\u0432\u043e\u0441\u0442\u0438[:] - JKGD\" \/>\n<meta property=\"og:url\" content=\"https:\/\/jg-dortmund.de\/aktuelles\" \/>\n<meta property=\"og:site_name\" content=\"JKGD\" \/>\n<meta property=\"article:modified_time\" content=\"2019-12-11T02:36:29+00:00\" \/>\n<meta name=\"twitter:card\" content=\"summary_large_image\" \/>\n<script type=\"application\/ld+json\" class=\"yoast-schema-graph\">{\"@context\":\"https:\/\/schema.org\",\"@graph\":[{\"@type\":\"WebPage\",\"@id\":\"https:\/\/jg-dortmund.de\/aktuelles\",\"url\":\"https:\/\/jg-dortmund.de\/aktuelles\",\"name\":\"[:de]Aktuelles[:ru]\u0410\u043a\u0442\u0443\u0430\u043b\u044c\u043d\u044b\u0435 \u043d\u043e\u0432\u043e\u0441\u0442\u0438[:] - JKGD\",\"isPartOf\":{\"@id\":\"https:\/\/jg-dortmund.de\/de\/#website\"},\"datePublished\":\"2019-12-11T01:40:31+00:00\",\"dateModified\":\"2019-12-11T02:36:29+00:00\",\"breadcrumb\":{\"@id\":\"https:\/\/jg-dortmund.de\/aktuelles#breadcrumb\"},\"inLanguage\":\"de\",\"potentialAction\":[{\"@type\":\"ReadAction\",\"target\":[\"https:\/\/jg-dortmund.de\/aktuelles\"]}]},{\"@type\":\"BreadcrumbList\",\"@id\":\"https:\/\/jg-dortmund.de\/aktuelles#breadcrumb\",\"itemListElement\":[{\"@type\":\"ListItem\",\"position\":1,\"name\":\"Startseite\",\"item\":\"https:\/\/jg-dortmund.de\/\"},{\"@type\":\"ListItem\",\"position\":2,\"name\":\"Aktuelles\"}]},{\"@type\":\"WebSite\",\"@id\":\"https:\/\/jg-dortmund.de\/de\/#website\",\"url\":\"https:\/\/jg-dortmund.de\/de\/\",\"name\":\"JKGD\",\"description\":\"J\u00fcdische Kultusgemeinde Gro\u00df-Dortmund K.d.\u00f6.R\",\"publisher\":{\"@id\":\"https:\/\/jg-dortmund.de\/de\/#organization\"},\"potentialAction\":[{\"@type\":\"SearchAction\",\"target\":{\"@type\":\"EntryPoint\",\"urlTemplate\":\"https:\/\/jg-dortmund.de\/de\/?s={search_term_string}\"},\"query-input\":{\"@type\":\"PropertyValueSpecification\",\"valueRequired\":true,\"valueName\":\"search_term_string\"}}],\"inLanguage\":\"de\"},{\"@type\":\"Organization\",\"@id\":\"https:\/\/jg-dortmund.de\/de\/#organization\",\"name\":\"JKGD\",\"url\":\"https:\/\/jg-dortmund.de\/de\/\",\"logo\":{\"@type\":\"ImageObject\",\"inLanguage\":\"de\",\"@id\":\"https:\/\/jg-dortmund.de\/de\/#\/schema\/logo\/image\/\",\"url\":\"\",\"contentUrl\":\"\",\"caption\":\"JKGD\"},\"image\":{\"@id\":\"https:\/\/jg-dortmund.de\/de\/#\/schema\/logo\/image\/\"}}]}<\/script>\n<!-- \/ Yoast SEO plugin. -->","yoast_head_json":{"title":"[:de]Aktuelles[:ru]\u0410\u043a\u0442\u0443\u0430\u043b\u044c\u043d\u044b\u0435 \u043d\u043e\u0432\u043e\u0441\u0442\u0438[:] - JKGD","robots":{"index":"index","follow":"follow","max-snippet":"max-snippet:-1","max-image-preview":"max-image-preview:large","max-video-preview":"max-video-preview:-1"},"canonical":"https:\/\/jg-dortmund.de\/aktuelles","og_locale":"de_DE","og_type":"article","og_title":"[:de]Aktuelles[:ru]\u0410\u043a\u0442\u0443\u0430\u043b\u044c\u043d\u044b\u0435 \u043d\u043e\u0432\u043e\u0441\u0442\u0438[:] - JKGD","og_url":"https:\/\/jg-dortmund.de\/aktuelles","og_site_name":"JKGD","article_modified_time":"2019-12-11T02:36:29+00:00","twitter_card":"summary_large_image","schema":{"@context":"https:\/\/schema.org","@graph":[{"@type":"WebPage","@id":"https:\/\/jg-dortmund.de\/aktuelles","url":"https:\/\/jg-dortmund.de\/aktuelles","name":"[:de]Aktuelles[:ru]\u0410\u043a\u0442\u0443\u0430\u043b\u044c\u043d\u044b\u0435 \u043d\u043e\u0432\u043e\u0441\u0442\u0438[:] - JKGD","isPartOf":{"@id":"https:\/\/jg-dortmund.de\/de\/#website"},"datePublished":"2019-12-11T01:40:31+00:00","dateModified":"2019-12-11T02:36:29+00:00","breadcrumb":{"@id":"https:\/\/jg-dortmund.de\/aktuelles#breadcrumb"},"inLanguage":"de","potentialAction":[{"@type":"ReadAction","target":["https:\/\/jg-dortmund.de\/aktuelles"]}]},{"@type":"BreadcrumbList","@id":"https:\/\/jg-dortmund.de\/aktuelles#breadcrumb","itemListElement":[{"@type":"ListItem","position":1,"name":"Startseite","item":"https:\/\/jg-dortmund.de\/"},{"@type":"ListItem","position":2,"name":"Aktuelles"}]},{"@type":"WebSite","@id":"https:\/\/jg-dortmund.de\/de\/#website","url":"https:\/\/jg-dortmund.de\/de\/","name":"JKGD","description":"J\u00fcdische Kultusgemeinde Gro\u00df-Dortmund K.d.\u00f6.R","publisher":{"@id":"https:\/\/jg-dortmund.de\/de\/#organization"},"potentialAction":[{"@type":"SearchAction","target":{"@type":"EntryPoint","urlTemplate":"https:\/\/jg-dortmund.de\/de\/?s={search_term_string}"},"query-input":{"@type":"PropertyValueSpecification","valueRequired":true,"valueName":"search_term_string"}}],"inLanguage":"de"},{"@type":"Organization","@id":"https:\/\/jg-dortmund.de\/de\/#organization","name":"JKGD","url":"https:\/\/jg-dortmund.de\/de\/","logo":{"@type":"ImageObject","inLanguage":"de","@id":"https:\/\/jg-dortmund.de\/de\/#\/schema\/logo\/image\/","url":"","contentUrl":"","caption":"JKGD"},"image":{"@id":"https:\/\/jg-dortmund.de\/de\/#\/schema\/logo\/image\/"}}]}},"_links":{"self":[{"href":"https:\/\/jg-dortmund.de\/de\/wp-json\/wp\/v2\/pages\/2022","targetHints":{"allow":["GET"]}}],"collection":[{"href":"https:\/\/jg-dortmund.de\/de\/wp-json\/wp\/v2\/pages"}],"about":[{"href":"https:\/\/jg-dortmund.de\/de\/wp-json\/wp\/v2\/types\/page"}],"author":[{"embeddable":true,"href":"https:\/\/jg-dortmund.de\/de\/wp-json\/wp\/v2\/users\/1"}],"replies":[{"embeddable":true,"href":"https:\/\/jg-dortmund.de\/de\/wp-json\/wp\/v2\/comments?post=2022"}],"version-history":[{"count":0,"href":"https:\/\/jg-dortmund.de\/de\/wp-json\/wp\/v2\/pages\/2022\/revisions"}],"wp:attachment":[{"href":"https:\/\/jg-dortmund.de\/de\/wp-json\/wp\/v2\/media?parent=2022"}],"curies":[{"name":"wp","href":"https:\/\/api.w.org\/{rel}","templated":true}]}}