{"id":1432,"date":"2017-09-03T13:19:08","date_gmt":"2017-09-03T13:19:08","guid":{"rendered":"http:\/\/jg-dortmund.de\/?page_id=1432"},"modified":"2017-09-03T13:21:17","modified_gmt":"2017-09-03T13:21:17","slug":"kinder-jugend","status":"publish","type":"page","link":"https:\/\/jg-dortmund.de\/de\/kinder-jugend","title":{"rendered":"Kinder &#038; Jugend"},"content":{"rendered":"    <div data-options='{&quot;id&quot;:&quot;1431&quot;,&quot;lazy_load&quot;:&quot;no&quot;,&quot;masonry_enable&quot;:&quot;no&quot;,&quot;view_type&quot;:&quot;grid&quot;,&quot;no_posts_text&quot;:&quot;&quot;}' id=\"post-grid-1431\" class=\"post-grid grid\">\n    \n\n\n    <div class=\"grid-items\">\n      <div class=\"item item-1261 skin flat even 0 \">\n        <div class=\"layer-wrapper layout-\">\n        <div class=\"layer-media\"><a href=\"https:\/\/jg-dortmund.de\/de\/kindergarten\"><img decoding=\"async\" alt=\"\" src=\"https:\/\/jg-dortmund.de\/wp-content\/uploads\/2017\/09\/KiGaBB.jpg\" \/><\/a><\/div>\n  <div class=\"layer-content\">\n        <div class=\"element element_1  title_link \">\r\n                    <a target=\"_blank\"\r\n                href=\"https:\/\/jg-dortmund.de\/de\/kindergarten\">Kindergarten<\/a>\r\n            <\/div>\r\n  <\/div>\n    <\/div>\n  <\/div><div class=\"item item-1263 skin flat odd 1 \">\n        <div class=\"layer-wrapper layout-\">\n        <div class=\"layer-media\"><a href=\"https:\/\/jg-dortmund.de\/de\/tagesschule\"><img decoding=\"async\" alt=\"\" src=\"https:\/\/jg-dortmund.de\/wp-content\/uploads\/2017\/09\/ahavatBB-620x489.jpg\" \/><\/a><\/div>\n  <div class=\"layer-content\">\n        <div class=\"element element_1  title_link \">\r\n                    <a target=\"_blank\"\r\n                href=\"https:\/\/jg-dortmund.de\/de\/tagesschule\">Tagesschule<\/a>\r\n            <\/div>\r\n  <\/div>\n    <\/div>\n  <\/div><div class=\"item item-1265 skin flat even 2 \">\n        <div class=\"layer-wrapper layout-\">\n        <div class=\"layer-media\"><a href=\"https:\/\/jg-dortmund.de\/de\/sonntagsschule\"><img decoding=\"async\" alt=\"\" src=\"https:\/\/jg-dortmund.de\/wp-content\/uploads\/2017\/09\/SonntagsschuleBB-620x489.jpg\" \/><\/a><\/div>\n  <div class=\"layer-content\">\n        <div class=\"element element_1  title_link \">\r\n                    <a target=\"_blank\"\r\n                href=\"https:\/\/jg-dortmund.de\/de\/sonntagsschule\">Sonntagsschule<\/a>\r\n            <\/div>\r\n  <\/div>\n    <\/div>\n  <\/div><div class=\"item item-1267 skin flat odd 3 \">\n        <div class=\"layer-wrapper layout-\">\n        <div class=\"layer-media\"><a href=\"https:\/\/jg-dortmund.de\/de\/religionsschule\"><img decoding=\"async\" alt=\"\" src=\"https:\/\/jg-dortmund.de\/wp-content\/uploads\/2017\/09\/JuedischeReligionslehreBB-620x489.jpg\" \/><\/a><\/div>\n  <div class=\"layer-content\">\n        <div class=\"element element_1  title_link \">\r\n                    <a target=\"_blank\"\r\n                href=\"https:\/\/jg-dortmund.de\/de\/religionsschule\">J\u00fcdische Religionslehre<\/a>\r\n            <\/div>\r\n  <\/div>\n    <\/div>\n  <\/div><div class=\"item item-1269 skin flat even 4 \">\n        <div class=\"layer-wrapper layout-\">\n        <div class=\"layer-media\"><a href=\"https:\/\/jg-dortmund.de\/de\/jugendzentrum\"><img decoding=\"async\" alt=\"\" src=\"https:\/\/jg-dortmund.de\/wp-content\/uploads\/2017\/09\/EmunaBB-620x489.jpg\" \/><\/a><\/div>\n  <div class=\"layer-content\">\n        <div class=\"element element_1  title_link \">\r\n                    <a target=\"_blank\"\r\n                href=\"https:\/\/jg-dortmund.de\/de\/jugendzentrum\">Jugendzentrum<\/a>\r\n            <\/div>\r\n  <\/div>\n    <\/div>\n  <\/div><div class=\"item item-1271 skin flat odd 5 \">\n        <div class=\"layer-wrapper layout-\">\n        <div class=\"layer-media\"><a href=\"https:\/\/jg-dortmund.de\/de\/studentenverband\"><img decoding=\"async\" alt=\"\" src=\"https:\/\/jg-dortmund.de\/wp-content\/uploads\/2017\/09\/Studentenverband-620x489.jpg\" \/><\/a><\/div>\n  <div class=\"layer-content\">\n        <div class=\"element element_1  title_link \">\r\n                    <a target=\"_blank\"\r\n                href=\"https:\/\/jg-dortmund.de\/de\/studentenverband\">Studentenverband<\/a>\r\n            <\/div>\r\n  <\/div>\n    <\/div>\n  <\/div><div class=\"item item-1273 skin flat even 6 \">\n        <div class=\"layer-wrapper layout-\">\n        <div class=\"layer-media\"><a href=\"https:\/\/jg-dortmund.de\/de\/young-leadership\"><img decoding=\"async\" alt=\"\" src=\"https:\/\/jg-dortmund.de\/wp-content\/uploads\/2017\/09\/YoungLeadershipBB-620x489.jpg\" \/><\/a><\/div>\n  <div class=\"layer-content\">\n        <div class=\"element element_1  title_link \">\r\n                    <a target=\"_blank\"\r\n                href=\"https:\/\/jg-dortmund.de\/de\/young-leadership\">Young Leadership<\/a>\r\n            <\/div>\r\n  <\/div>\n    <\/div>\n  <\/div><div class=\"item item-1275 skin flat odd 7 \">\n        <div class=\"layer-wrapper layout-\">\n        <div class=\"layer-media\"><a href=\"https:\/\/jg-dortmund.de\/de\/krav-maga\"><img decoding=\"async\" alt=\"\" src=\"https:\/\/jg-dortmund.de\/wp-content\/uploads\/2017\/09\/KravMagaBB-620x489.jpg\" \/><\/a><\/div>\n  <div class=\"layer-content\">\n        <div class=\"element element_1  title_link \">\r\n                    <a target=\"_blank\"\r\n                href=\"https:\/\/jg-dortmund.de\/de\/krav-maga\">Krav Maga<\/a>\r\n            <\/div>\r\n  <\/div>\n    <\/div>\n  <\/div><div class=\"item item-1277 skin flat even 8 \">\n        <div class=\"layer-wrapper layout-\">\n        <div class=\"layer-media\"><a href=\"https:\/\/jg-dortmund.de\/de\/lech-lecha-projekt\"><img decoding=\"async\" alt=\"\" src=\"https:\/\/jg-dortmund.de\/wp-content\/uploads\/2017\/09\/LechLecha-620x489.jpg\" \/><\/a><\/div>\n  <div class=\"layer-content\">\n        <div class=\"element element_1  title_link \">\r\n                    <a target=\"_blank\"\r\n                href=\"https:\/\/jg-dortmund.de\/de\/lech-lecha-projekt\">Lech Lecha - Projekt<\/a>\r\n            <\/div>\r\n  <\/div>\n    <\/div>\n  <\/div>    <\/div>\n    <div class=\"pagination\">\n      <div class=\"paginate\">\n      <\/div>\n  <style type=\"text\/css\">\n    #post-grid-1431 .pagination .page-numbers {\n      font-size: 17px;\n      color: #646464;\n      background: #646464;\n    }\n\n    #post-grid-1431 .pagination .page-numbers:hover,\n    #post-grid-1431 .pagination .page-numbers.current {\n      background: #4b4b4b;\n    }\n  <\/style>\n  <\/div>\n      <style type=\"text\/css\">\n      \/*Write your CSS code here*\/    <\/style>\n      <script>\n          \/*Write your js code here*\/          <\/script>\n    <style type=\"text\/css\">\n    #post-grid-1431 .element_1 {\n          }\n\n    #post-grid-1431 .element_1:hover{}  <\/style>\n  <style type=\"text\/css\">\n    #post-grid-1431 {\n      padding: 10px;\n      background-color: #fff;\n          }\n\n    #post-grid-1431 .item {\n      background: #fff;\n          }\n\n    #post-grid-1431 .item .layer-media {\n      height:auto;    }\n\n    @media only screen and (min-width: 0px) and (max-width: 767px) {\n      #post-grid-1431 .grid-items {\n        text-align: center;\n              }\n\n      #post-grid-1431 .item {\n        width: 90%;\n        margin: 6px;\n        display: inline-block;\n        vertical-align: top;\n        height:auto;      }\n    }\n\n    @media only screen and (min-width: 768px) and (max-width: 1023px) {\n      #post-grid-1431 .grid-items {\n        text-align: center;\n              }\n\n      #post-grid-1431 .item {\n        width: 230px;\n        margin: 6px;\n        display: inline-block;\n        vertical-align: top;\n        max-height:auto;      }\n    }\n\n    @media only screen and (min-width: 1024px) {\n      #post-grid-1431 .grid-items {\n        text-align: center;\n              }\n\n      #post-grid-1431 .item {\n        width: 230px;\n        display: inline-block;\n        margin: 6px;\n        vertical-align: top;\n        height:auto;      }\n    }\n\n      <\/style>\n  <\/div>\n\n","protected":false},"excerpt":{"rendered":"","protected":false},"author":1,"featured_media":0,"parent":0,"menu_order":0,"comment_status":"closed","ping_status":"closed","template":"","meta":{"ngg_post_thumbnail":0,"footnotes":""},"class_list":["post-1432","page","type-page","status-publish","hentry"],"yoast_head":"<!-- This site is optimized with the Yoast SEO plugin v27.5 - https:\/\/yoast.com\/product\/yoast-seo-wordpress\/ -->\n<title>Kinder &amp; Jugend - JKGD<\/title>\n<meta name=\"robots\" content=\"index, follow, max-snippet:-1, max-image-preview:large, max-video-preview:-1\" \/>\n<link rel=\"canonical\" href=\"https:\/\/jg-dortmund.de\/kinder-jugend\" \/>\n<meta property=\"og:locale\" content=\"de_DE\" \/>\n<meta property=\"og:type\" content=\"article\" \/>\n<meta property=\"og:title\" content=\"[:de]Kinder &amp; Jugend[:ru]\u0414\u0435\u0442\u0438 \u0438 \u043c\u043e\u043b\u043e\u0434\u0451\u0436\u044c[:] - JKGD\" \/>\n<meta property=\"og:url\" content=\"https:\/\/jg-dortmund.de\/kinder-jugend\" \/>\n<meta property=\"og:site_name\" content=\"JKGD\" \/>\n<meta property=\"article:modified_time\" content=\"2017-09-03T13:21:17+00:00\" \/>\n<meta name=\"twitter:card\" content=\"summary_large_image\" \/>\n<script type=\"application\/ld+json\" class=\"yoast-schema-graph\">{\"@context\":\"https:\\\/\\\/schema.org\",\"@graph\":[{\"@type\":\"WebPage\",\"@id\":\"https:\\\/\\\/jg-dortmund.de\\\/kinder-jugend\",\"url\":\"https:\\\/\\\/jg-dortmund.de\\\/kinder-jugend\",\"name\":\"[:de]Kinder & Jugend[:ru]\u0414\u0435\u0442\u0438 \u0438 \u043c\u043e\u043b\u043e\u0434\u0451\u0436\u044c[:] - JKGD\",\"isPartOf\":{\"@id\":\"https:\\\/\\\/jg-dortmund.de\\\/de\\\/#website\"},\"datePublished\":\"2017-09-03T13:19:08+00:00\",\"dateModified\":\"2017-09-03T13:21:17+00:00\",\"breadcrumb\":{\"@id\":\"https:\\\/\\\/jg-dortmund.de\\\/kinder-jugend#breadcrumb\"},\"inLanguage\":\"de\",\"potentialAction\":[{\"@type\":\"ReadAction\",\"target\":[\"https:\\\/\\\/jg-dortmund.de\\\/kinder-jugend\"]}]},{\"@type\":\"BreadcrumbList\",\"@id\":\"https:\\\/\\\/jg-dortmund.de\\\/kinder-jugend#breadcrumb\",\"itemListElement\":[{\"@type\":\"ListItem\",\"position\":1,\"name\":\"Startseite\",\"item\":\"https:\\\/\\\/jg-dortmund.de\\\/\"},{\"@type\":\"ListItem\",\"position\":2,\"name\":\"Kinder &#038; Jugend\"}]},{\"@type\":\"WebSite\",\"@id\":\"https:\\\/\\\/jg-dortmund.de\\\/de\\\/#website\",\"url\":\"https:\\\/\\\/jg-dortmund.de\\\/de\\\/\",\"name\":\"JKGD\",\"description\":\"J\u00fcdische Kultusgemeinde Gro\u00df-Dortmund K.d.\u00f6.R\",\"publisher\":{\"@id\":\"https:\\\/\\\/jg-dortmund.de\\\/de\\\/#organization\"},\"potentialAction\":[{\"@type\":\"SearchAction\",\"target\":{\"@type\":\"EntryPoint\",\"urlTemplate\":\"https:\\\/\\\/jg-dortmund.de\\\/de\\\/?s={search_term_string}\"},\"query-input\":{\"@type\":\"PropertyValueSpecification\",\"valueRequired\":true,\"valueName\":\"search_term_string\"}}],\"inLanguage\":\"de\"},{\"@type\":\"Organization\",\"@id\":\"https:\\\/\\\/jg-dortmund.de\\\/de\\\/#organization\",\"name\":\"JKGD\",\"url\":\"https:\\\/\\\/jg-dortmund.de\\\/de\\\/\",\"logo\":{\"@type\":\"ImageObject\",\"inLanguage\":\"de\",\"@id\":\"https:\\\/\\\/jg-dortmund.de\\\/de\\\/#\\\/schema\\\/logo\\\/image\\\/\",\"url\":\"\",\"contentUrl\":\"\",\"caption\":\"JKGD\"},\"image\":{\"@id\":\"https:\\\/\\\/jg-dortmund.de\\\/de\\\/#\\\/schema\\\/logo\\\/image\\\/\"}}]}<\/script>\n<!-- \/ Yoast SEO plugin. -->","yoast_head_json":{"title":"[:de]Kinder & Jugend[:ru]\u0414\u0435\u0442\u0438 \u0438 \u043c\u043e\u043b\u043e\u0434\u0451\u0436\u044c[:] - JKGD","robots":{"index":"index","follow":"follow","max-snippet":"max-snippet:-1","max-image-preview":"max-image-preview:large","max-video-preview":"max-video-preview:-1"},"canonical":"https:\/\/jg-dortmund.de\/kinder-jugend","og_locale":"de_DE","og_type":"article","og_title":"[:de]Kinder & Jugend[:ru]\u0414\u0435\u0442\u0438 \u0438 \u043c\u043e\u043b\u043e\u0434\u0451\u0436\u044c[:] - JKGD","og_url":"https:\/\/jg-dortmund.de\/kinder-jugend","og_site_name":"JKGD","article_modified_time":"2017-09-03T13:21:17+00:00","twitter_card":"summary_large_image","schema":{"@context":"https:\/\/schema.org","@graph":[{"@type":"WebPage","@id":"https:\/\/jg-dortmund.de\/kinder-jugend","url":"https:\/\/jg-dortmund.de\/kinder-jugend","name":"[:de]Kinder & Jugend[:ru]\u0414\u0435\u0442\u0438 \u0438 \u043c\u043e\u043b\u043e\u0434\u0451\u0436\u044c[:] - JKGD","isPartOf":{"@id":"https:\/\/jg-dortmund.de\/de\/#website"},"datePublished":"2017-09-03T13:19:08+00:00","dateModified":"2017-09-03T13:21:17+00:00","breadcrumb":{"@id":"https:\/\/jg-dortmund.de\/kinder-jugend#breadcrumb"},"inLanguage":"de","potentialAction":[{"@type":"ReadAction","target":["https:\/\/jg-dortmund.de\/kinder-jugend"]}]},{"@type":"BreadcrumbList","@id":"https:\/\/jg-dortmund.de\/kinder-jugend#breadcrumb","itemListElement":[{"@type":"ListItem","position":1,"name":"Startseite","item":"https:\/\/jg-dortmund.de\/"},{"@type":"ListItem","position":2,"name":"Kinder &#038; Jugend"}]},{"@type":"WebSite","@id":"https:\/\/jg-dortmund.de\/de\/#website","url":"https:\/\/jg-dortmund.de\/de\/","name":"JKGD","description":"J\u00fcdische Kultusgemeinde Gro\u00df-Dortmund K.d.\u00f6.R","publisher":{"@id":"https:\/\/jg-dortmund.de\/de\/#organization"},"potentialAction":[{"@type":"SearchAction","target":{"@type":"EntryPoint","urlTemplate":"https:\/\/jg-dortmund.de\/de\/?s={search_term_string}"},"query-input":{"@type":"PropertyValueSpecification","valueRequired":true,"valueName":"search_term_string"}}],"inLanguage":"de"},{"@type":"Organization","@id":"https:\/\/jg-dortmund.de\/de\/#organization","name":"JKGD","url":"https:\/\/jg-dortmund.de\/de\/","logo":{"@type":"ImageObject","inLanguage":"de","@id":"https:\/\/jg-dortmund.de\/de\/#\/schema\/logo\/image\/","url":"","contentUrl":"","caption":"JKGD"},"image":{"@id":"https:\/\/jg-dortmund.de\/de\/#\/schema\/logo\/image\/"}}]}},"_links":{"self":[{"href":"https:\/\/jg-dortmund.de\/de\/wp-json\/wp\/v2\/pages\/1432","targetHints":{"allow":["GET"]}}],"collection":[{"href":"https:\/\/jg-dortmund.de\/de\/wp-json\/wp\/v2\/pages"}],"about":[{"href":"https:\/\/jg-dortmund.de\/de\/wp-json\/wp\/v2\/types\/page"}],"author":[{"embeddable":true,"href":"https:\/\/jg-dortmund.de\/de\/wp-json\/wp\/v2\/users\/1"}],"replies":[{"embeddable":true,"href":"https:\/\/jg-dortmund.de\/de\/wp-json\/wp\/v2\/comments?post=1432"}],"version-history":[{"count":0,"href":"https:\/\/jg-dortmund.de\/de\/wp-json\/wp\/v2\/pages\/1432\/revisions"}],"wp:attachment":[{"href":"https:\/\/jg-dortmund.de\/de\/wp-json\/wp\/v2\/media?parent=1432"}],"curies":[{"name":"wp","href":"https:\/\/api.w.org\/{rel}","templated":true}]}}