{"id":1418,"date":"2017-09-03T11:15:48","date_gmt":"2017-09-03T11:15:48","guid":{"rendered":"http:\/\/jg-dortmund.de\/?page_id=1418"},"modified":"2017-09-03T12:03:45","modified_gmt":"2017-09-03T12:03:45","slug":"rabbinat","status":"publish","type":"page","link":"https:\/\/jg-dortmund.de\/de\/rabbinat","title":{"rendered":"Rabbinat"},"content":{"rendered":"Die J\u00fcdische Gemeinde Dortmund ist eine Einheitsgemeinde, die j\u00fcdische Mitglieder jeglicher religi\u00f6ser Ausrichtung respektiert. Bei Gottesdiensten sowie bei allen Fragen in Bezug auf Anerkennung der J\u00fcdischkeit, Kaschrut, Schabbat usw. werden die orthodoxen Gesetze befolgt. Innerhalb der Gemeinde sowie in der Tagesschule und im Kindergarten werden Kaschrutgesetze eingehalten und vom Rabbiner \u00fcberwacht.<u><\/u><u><\/u><\/p>\n<p>Der Gemeinderabbiner unterst\u00fctzt die Gemeinde in ihrem Alltag und ihre Mitglieder in allen religi\u00f6sen Fragen, von Geburt und Beschneidung \u00fcber die Bar-\/Bat-Mitzwa, religi\u00f6se Bildung und Trauung bis hin zu allen Fragen in Bezug auf einen m\u00f6glichen Trauerfall in der Familie. Der Rabbiner steht ebenso f\u00fcr die seelsorgerische&nbsp;Betreuung im Krankheitsfall sowie in jeglicher schwieriger Lebenssituation zur Verf\u00fcgung.<u><\/u><u><\/u><\/p>\n<p><b>Kontakt:<\/b><br \/>\nTelefon:&nbsp;<a href=\"tel:0231%2055747231\" target=\"_blank\" rel=\"noopener\">(0231) 55 74 72 31<\/a><br \/>\nTelefax:&nbsp;<a href=\"tel:0231%2055747233\" target=\"_blank\" rel=\"noopener\">(0231) 55 74 72 33<\/a><br \/>\nE-Mail:&nbsp;<a href=\"mailto:rabbinat@jkgd.de\" target=\"_blank\" rel=\"noopener\"><span class=\"il\">rabbinat<\/span>@jkgd.de<\/a><\/p>\n    <div data-options='{&quot;id&quot;:&quot;1424&quot;,&quot;lazy_load&quot;:&quot;no&quot;,&quot;masonry_enable&quot;:&quot;no&quot;,&quot;view_type&quot;:&quot;grid&quot;,&quot;no_posts_text&quot;:&quot;&quot;}' id=\"post-grid-1424\" class=\"post-grid grid\">\n    \n\n\n    <div class=\"grid-items\">\n      <div class=\"item item-3866 skin flat even 0 \">\n        <div class=\"layer-wrapper layout-2118\">\n          <div class=\"layer-media element_1587187627902\"\r\n        id=\"\">\r\n        <div\r\n        class=\"element element_1587190790308  element-media \">\r\n            <\/div>\r\n    <\/div>\r\n    <div class=\"layer-content element_1587187714568\"\r\n        id=\"\">\r\n        <div class=\"element element_1587187895341  title \">\r\n                    <a target=\"_blank\"\r\n                href=\"https:\/\/jg-dortmund.de\/de\/jiskor\">Jiskor und Zdaka zu Jom Kippur<\/a>\r\n            <\/div>\r\n    <\/div>\r\n    <\/div>\n  <\/div><div class=\"item item-2913 skin flat odd 1 \">\n        <div class=\"layer-wrapper layout-2118\">\n          <div class=\"layer-media element_1587187627902\"\r\n        id=\"\">\r\n        <div\r\n        class=\"element element_1587190790308  element-media \">\r\n        <a target=\"_self\" href=\"https:\/\/jg-dortmund.de\/de\/verkauf-von-chamez\"><img loading=\"lazy\" decoding=\"async\" width=\"940\" height=\"742\" src=\"https:\/\/jg-dortmund.de\/wp-content\/uploads\/2022\/04\/chamez-940x742.png\" class=\"attachment-large size-large wp-post-image\" alt=\"\" \/><\/a>    <\/div>\r\n    <\/div>\r\n    <div class=\"layer-content element_1587187714568\"\r\n        id=\"\">\r\n        <div class=\"element element_1587187895341  title \">\r\n                    <a target=\"_blank\"\r\n                href=\"https:\/\/jg-dortmund.de\/de\/verkauf-von-chamez\">Verkauf von Chamez<\/a>\r\n            <\/div>\r\n    <\/div>\r\n    <\/div>\n  <\/div><div class=\"item item-1250 skin flat even 2 \">\n        <div class=\"layer-wrapper layout-2118\">\n          <div class=\"layer-media element_1587187627902\"\r\n        id=\"\">\r\n        <div\r\n        class=\"element element_1587190790308  element-media \">\r\n        <a target=\"_self\" href=\"https:\/\/jg-dortmund.de\/de\/shiurim-mit-rabbiner\"><img loading=\"lazy\" decoding=\"async\" width=\"940\" height=\"742\" src=\"https:\/\/jg-dortmund.de\/wp-content\/uploads\/2017\/09\/ShiurimMitRabbinerBB-940x742.jpg\" class=\"attachment-large size-large wp-post-image\" alt=\"\" \/><\/a>    <\/div>\r\n    <\/div>\r\n    <div class=\"layer-content element_1587187714568\"\r\n        id=\"\">\r\n        <div class=\"element element_1587187895341  title \">\r\n                    <a target=\"_blank\"\r\n                href=\"https:\/\/jg-dortmund.de\/de\/shiurim-mit-rabbiner\">Shiurim mit Rabbiner<\/a>\r\n            <\/div>\r\n    <\/div>\r\n    <\/div>\n  <\/div><div class=\"item item-1246 skin flat odd 3 \">\n        <div class=\"layer-wrapper layout-2118\">\n          <div class=\"layer-media element_1587187627902\"\r\n        id=\"\">\r\n        <div\r\n        class=\"element element_1587190790308  element-media \">\r\n        <a target=\"_self\" href=\"https:\/\/jg-dortmund.de\/de\/kaschrut\"><img loading=\"lazy\" decoding=\"async\" width=\"620\" height=\"489\" src=\"https:\/\/jg-dortmund.de\/wp-content\/uploads\/2017\/09\/KaschrutBB.png\" class=\"attachment-large size-large wp-post-image\" alt=\"\" \/><\/a>    <\/div>\r\n    <\/div>\r\n    <div class=\"layer-content element_1587187714568\"\r\n        id=\"\">\r\n        <div class=\"element element_1587187895341  title \">\r\n                    <a target=\"_blank\"\r\n                href=\"https:\/\/jg-dortmund.de\/de\/kaschrut\">Kaschrut<\/a>\r\n            <\/div>\r\n    <\/div>\r\n    <\/div>\n  <\/div><div class=\"item item-1244 skin flat even 4 \">\n        <div class=\"layer-wrapper layout-2118\">\n          <div class=\"layer-media element_1587187627902\"\r\n        id=\"\">\r\n        <div\r\n        class=\"element element_1587190790308  element-media \">\r\n        <a target=\"_self\" href=\"https:\/\/jg-dortmund.de\/de\/mikwe\"><img loading=\"lazy\" decoding=\"async\" width=\"940\" height=\"742\" src=\"https:\/\/jg-dortmund.de\/wp-content\/uploads\/2017\/09\/MikweBB-940x742.jpg\" class=\"attachment-large size-large wp-post-image\" alt=\"\" \/><\/a>    <\/div>\r\n    <\/div>\r\n    <div class=\"layer-content element_1587187714568\"\r\n        id=\"\">\r\n        <div class=\"element element_1587187895341  title \">\r\n                    <a target=\"_blank\"\r\n                href=\"https:\/\/jg-dortmund.de\/de\/mikwe\">Mikwe<\/a>\r\n            <\/div>\r\n    <\/div>\r\n    <\/div>\n  <\/div><div class=\"item item-2723 skin flat odd 5 \">\n        <div class=\"layer-wrapper layout-2118\">\n          <div class=\"layer-media element_1587187627902\"\r\n        id=\"\">\r\n        <div\r\n        class=\"element element_1587190790308  element-media \">\r\n        <a target=\"_self\" href=\"https:\/\/jg-dortmund.de\/de\/rabbiner-nosikov\"><img loading=\"lazy\" decoding=\"async\" width=\"620\" height=\"489\" src=\"https:\/\/jg-dortmund.de\/wp-content\/uploads\/2017\/09\/amn.jpg\" class=\"attachment-large size-large wp-post-image\" alt=\"\" \/><\/a>    <\/div>\r\n    <\/div>\r\n    <div class=\"layer-content element_1587187714568\"\r\n        id=\"\">\r\n        <div class=\"element element_1587187895341  title \">\r\n                    <a target=\"_blank\"\r\n                href=\"https:\/\/jg-dortmund.de\/de\/rabbiner-nosikov\">Rabbiner<\/a>\r\n            <\/div>\r\n    <\/div>\r\n    <\/div>\n  <\/div>    <\/div>\n    <div class=\"pagination\">\n      <div class=\"paginate\">\n      <\/div>\n  <style type=\"text\/css\">\n    #post-grid-1424 .pagination .page-numbers {\n      font-size: 16px;\n      color: #fff;\n      background: #646464;\n    }\n\n    #post-grid-1424 .pagination .page-numbers:hover,\n    #post-grid-1424 .pagination .page-numbers.current {\n      background: #4b4b4b;\n    }\n  <\/style>\n  <\/div>\n        <style type=\"text\/css\">\r\n            .layout-2118 .element_1587187627902 {\r\n                            }\r\n\r\n                    <\/style>\r\n        <style type=\"text\/css\">\r\n        .layout-2118 .element_1587190790308 {\r\n            overflow: hidden;\r\n                    }\r\n\r\n        .layout-2118 .element_1587190790308 img {\r\n            max-width: 100%;\r\n            height: auto;\r\n        }\r\n\r\n        @media only screen and (min-width: 1024px) {\r\n            .layout-2118 .element_1587190790308 {\r\n                height: auto;\r\n                            }\r\n        }\r\n\r\n        @media only screen and (min-width: 768px) and (max-width: 1023px) {\r\n            .layout-2118 .element_1587190790308 {\r\n                height: auto;\r\n                            }\r\n        }\r\n\r\n        @media only screen and (min-width: 0px) and (max-width: 767px) {\r\n            .layout-2118 .element_1587190790308 {\r\n                height: auto;\r\n                            }\r\n        }\r\n    <\/style>\r\n        <style type=\"text\/css\">\r\n            .layout-2118 .element_1587187714568 {\r\n                            }\r\n\r\n                    <\/style>\r\n        <style type=\"text\/css\">\r\n        .layout-2118 .element_1587187895341 {\r\n            font-size: 18px;\r\n            margin: 5px 0;\r\n            text-align: center;\r\n                    }\r\n\r\n        .layout-2118 .element_1587187895341 a {\r\n            font-size: 18px;\r\n            margin: 5px 0;\r\n            text-align: center;\r\n                    }\r\n    <\/style>\r\n      <style type=\"text\/css\">\n      \/*Write your CSS code here*\/    <\/style>\n        <style type=\"text\/css\">\n      .layout-2118 a{text-decoration:none}.layout-2118{vertical-align:top}.layout-2118 .layer-content{padding:10px}    <\/style>\n    <script>\n          \/*Write your js code here*\/          <\/script>\n    <style type=\"text\/css\">\n    #post-grid-1424 {\n      padding: 6px;\n      background-color: #fff;\n          }\n\n    #post-grid-1424 .item {\n      padding: 0px;\n      background: #fff;\n          }\n\n    #post-grid-1424 .item .layer-media {\n      height:auto;    }\n\n    @media only screen and (min-width: 0px) and (max-width: 767px) {\n      #post-grid-1424 .grid-items {\n        text-align: center;\n              }\n\n      #post-grid-1424 .item {\n        width: 90%;\n        margin: 6px;\n        display: inline-block;\n        vertical-align: top;\n        height:auto;      }\n    }\n\n    @media only screen and (min-width: 768px) and (max-width: 1023px) {\n      #post-grid-1424 .grid-items {\n        text-align: center;\n              }\n\n      #post-grid-1424 .item {\n        width: 230px;\n        margin: 6px;\n        display: inline-block;\n        vertical-align: top;\n        max-height:auto;      }\n    }\n\n    @media only screen and (min-width: 1024px) {\n      #post-grid-1424 .grid-items {\n        text-align: center;\n              }\n\n      #post-grid-1424 .item {\n        width: 230px;\n        display: inline-block;\n        margin: 6px;\n        vertical-align: top;\n        height:auto;      }\n    }\n\n      <\/style>\n  <\/div>","protected":false},"excerpt":{"rendered":"<p>Die J\u00fcdische Gemeinde Dortmund ist eine Einheitsgemeinde, die j\u00fcdische Mitglieder jeglicher religi\u00f6ser Ausrichtung respektiert. Bei Gottesdiensten sowie bei allen Fragen in Bezug auf Anerkennung der J\u00fcdischkeit, Kaschrut, Schabbat usw. werden die orthodoxen Gesetze befolgt.&#46;&#46;&#46;<\/p>\n","protected":false},"author":1,"featured_media":0,"parent":0,"menu_order":0,"comment_status":"closed","ping_status":"closed","template":"","meta":{"ngg_post_thumbnail":0,"footnotes":""},"class_list":["post-1418","page","type-page","status-publish","hentry"],"yoast_head":"<!-- This site is optimized with the Yoast SEO plugin v27.5 - https:\/\/yoast.com\/product\/yoast-seo-wordpress\/ -->\n<title>Rabbinat - JKGD<\/title>\n<meta name=\"robots\" content=\"index, follow, max-snippet:-1, max-image-preview:large, max-video-preview:-1\" \/>\n<link rel=\"canonical\" href=\"https:\/\/jg-dortmund.de\/rabbinat\" \/>\n<meta property=\"og:locale\" content=\"de_DE\" \/>\n<meta property=\"og:type\" content=\"article\" \/>\n<meta property=\"og:title\" content=\"[:de]Rabbinat[:ru]\u0420\u0430\u0432\u0432\u0438\u043d\u0430\u0442[:] - JKGD\" \/>\n<meta property=\"og:description\" content=\"Die J\u00fcdische Gemeinde Dortmund ist eine Einheitsgemeinde, die j\u00fcdische Mitglieder jeglicher religi\u00f6ser Ausrichtung respektiert. Bei Gottesdiensten sowie bei allen Fragen in Bezug auf Anerkennung der J\u00fcdischkeit, Kaschrut, Schabbat usw. werden die orthodoxen Gesetze befolgt.&#046;&#046;&#046;\" \/>\n<meta property=\"og:url\" content=\"https:\/\/jg-dortmund.de\/rabbinat\" \/>\n<meta property=\"og:site_name\" content=\"JKGD\" \/>\n<meta property=\"article:modified_time\" content=\"2017-09-03T12:03:45+00:00\" \/>\n<meta name=\"twitter:card\" content=\"summary_large_image\" \/>\n<meta name=\"twitter:label1\" content=\"Gesch\u00e4tzte Lesezeit\" \/>\n\t<meta name=\"twitter:data1\" content=\"1\u00a0Minute\" \/>\n<script type=\"application\/ld+json\" class=\"yoast-schema-graph\">{\"@context\":\"https:\\\/\\\/schema.org\",\"@graph\":[{\"@type\":\"WebPage\",\"@id\":\"https:\\\/\\\/jg-dortmund.de\\\/rabbinat\",\"url\":\"https:\\\/\\\/jg-dortmund.de\\\/rabbinat\",\"name\":\"[:de]Rabbinat[:ru]\u0420\u0430\u0432\u0432\u0438\u043d\u0430\u0442[:] - JKGD\",\"isPartOf\":{\"@id\":\"https:\\\/\\\/jg-dortmund.de\\\/de\\\/#website\"},\"datePublished\":\"2017-09-03T11:15:48+00:00\",\"dateModified\":\"2017-09-03T12:03:45+00:00\",\"breadcrumb\":{\"@id\":\"https:\\\/\\\/jg-dortmund.de\\\/rabbinat#breadcrumb\"},\"inLanguage\":\"de\",\"potentialAction\":[{\"@type\":\"ReadAction\",\"target\":[\"https:\\\/\\\/jg-dortmund.de\\\/rabbinat\"]}]},{\"@type\":\"BreadcrumbList\",\"@id\":\"https:\\\/\\\/jg-dortmund.de\\\/rabbinat#breadcrumb\",\"itemListElement\":[{\"@type\":\"ListItem\",\"position\":1,\"name\":\"Startseite\",\"item\":\"https:\\\/\\\/jg-dortmund.de\\\/\"},{\"@type\":\"ListItem\",\"position\":2,\"name\":\"Rabbinat\"}]},{\"@type\":\"WebSite\",\"@id\":\"https:\\\/\\\/jg-dortmund.de\\\/de\\\/#website\",\"url\":\"https:\\\/\\\/jg-dortmund.de\\\/de\\\/\",\"name\":\"JKGD\",\"description\":\"J\u00fcdische Kultusgemeinde Gro\u00df-Dortmund K.d.\u00f6.R\",\"publisher\":{\"@id\":\"https:\\\/\\\/jg-dortmund.de\\\/de\\\/#organization\"},\"potentialAction\":[{\"@type\":\"SearchAction\",\"target\":{\"@type\":\"EntryPoint\",\"urlTemplate\":\"https:\\\/\\\/jg-dortmund.de\\\/de\\\/?s={search_term_string}\"},\"query-input\":{\"@type\":\"PropertyValueSpecification\",\"valueRequired\":true,\"valueName\":\"search_term_string\"}}],\"inLanguage\":\"de\"},{\"@type\":\"Organization\",\"@id\":\"https:\\\/\\\/jg-dortmund.de\\\/de\\\/#organization\",\"name\":\"JKGD\",\"url\":\"https:\\\/\\\/jg-dortmund.de\\\/de\\\/\",\"logo\":{\"@type\":\"ImageObject\",\"inLanguage\":\"de\",\"@id\":\"https:\\\/\\\/jg-dortmund.de\\\/de\\\/#\\\/schema\\\/logo\\\/image\\\/\",\"url\":\"\",\"contentUrl\":\"\",\"caption\":\"JKGD\"},\"image\":{\"@id\":\"https:\\\/\\\/jg-dortmund.de\\\/de\\\/#\\\/schema\\\/logo\\\/image\\\/\"}}]}<\/script>\n<!-- \/ Yoast SEO plugin. -->","yoast_head_json":{"title":"[:de]Rabbinat[:ru]\u0420\u0430\u0432\u0432\u0438\u043d\u0430\u0442[:] - JKGD","robots":{"index":"index","follow":"follow","max-snippet":"max-snippet:-1","max-image-preview":"max-image-preview:large","max-video-preview":"max-video-preview:-1"},"canonical":"https:\/\/jg-dortmund.de\/rabbinat","og_locale":"de_DE","og_type":"article","og_title":"[:de]Rabbinat[:ru]\u0420\u0430\u0432\u0432\u0438\u043d\u0430\u0442[:] - JKGD","og_description":"Die J\u00fcdische Gemeinde Dortmund ist eine Einheitsgemeinde, die j\u00fcdische Mitglieder jeglicher religi\u00f6ser Ausrichtung respektiert. Bei Gottesdiensten sowie bei allen Fragen in Bezug auf Anerkennung der J\u00fcdischkeit, Kaschrut, Schabbat usw. werden die orthodoxen Gesetze befolgt.&#46;&#46;&#46;","og_url":"https:\/\/jg-dortmund.de\/rabbinat","og_site_name":"JKGD","article_modified_time":"2017-09-03T12:03:45+00:00","twitter_card":"summary_large_image","twitter_misc":{"Gesch\u00e4tzte Lesezeit":"1\u00a0Minute"},"schema":{"@context":"https:\/\/schema.org","@graph":[{"@type":"WebPage","@id":"https:\/\/jg-dortmund.de\/rabbinat","url":"https:\/\/jg-dortmund.de\/rabbinat","name":"[:de]Rabbinat[:ru]\u0420\u0430\u0432\u0432\u0438\u043d\u0430\u0442[:] - JKGD","isPartOf":{"@id":"https:\/\/jg-dortmund.de\/de\/#website"},"datePublished":"2017-09-03T11:15:48+00:00","dateModified":"2017-09-03T12:03:45+00:00","breadcrumb":{"@id":"https:\/\/jg-dortmund.de\/rabbinat#breadcrumb"},"inLanguage":"de","potentialAction":[{"@type":"ReadAction","target":["https:\/\/jg-dortmund.de\/rabbinat"]}]},{"@type":"BreadcrumbList","@id":"https:\/\/jg-dortmund.de\/rabbinat#breadcrumb","itemListElement":[{"@type":"ListItem","position":1,"name":"Startseite","item":"https:\/\/jg-dortmund.de\/"},{"@type":"ListItem","position":2,"name":"Rabbinat"}]},{"@type":"WebSite","@id":"https:\/\/jg-dortmund.de\/de\/#website","url":"https:\/\/jg-dortmund.de\/de\/","name":"JKGD","description":"J\u00fcdische Kultusgemeinde Gro\u00df-Dortmund K.d.\u00f6.R","publisher":{"@id":"https:\/\/jg-dortmund.de\/de\/#organization"},"potentialAction":[{"@type":"SearchAction","target":{"@type":"EntryPoint","urlTemplate":"https:\/\/jg-dortmund.de\/de\/?s={search_term_string}"},"query-input":{"@type":"PropertyValueSpecification","valueRequired":true,"valueName":"search_term_string"}}],"inLanguage":"de"},{"@type":"Organization","@id":"https:\/\/jg-dortmund.de\/de\/#organization","name":"JKGD","url":"https:\/\/jg-dortmund.de\/de\/","logo":{"@type":"ImageObject","inLanguage":"de","@id":"https:\/\/jg-dortmund.de\/de\/#\/schema\/logo\/image\/","url":"","contentUrl":"","caption":"JKGD"},"image":{"@id":"https:\/\/jg-dortmund.de\/de\/#\/schema\/logo\/image\/"}}]}},"_links":{"self":[{"href":"https:\/\/jg-dortmund.de\/de\/wp-json\/wp\/v2\/pages\/1418","targetHints":{"allow":["GET"]}}],"collection":[{"href":"https:\/\/jg-dortmund.de\/de\/wp-json\/wp\/v2\/pages"}],"about":[{"href":"https:\/\/jg-dortmund.de\/de\/wp-json\/wp\/v2\/types\/page"}],"author":[{"embeddable":true,"href":"https:\/\/jg-dortmund.de\/de\/wp-json\/wp\/v2\/users\/1"}],"replies":[{"embeddable":true,"href":"https:\/\/jg-dortmund.de\/de\/wp-json\/wp\/v2\/comments?post=1418"}],"version-history":[{"count":0,"href":"https:\/\/jg-dortmund.de\/de\/wp-json\/wp\/v2\/pages\/1418\/revisions"}],"wp:attachment":[{"href":"https:\/\/jg-dortmund.de\/de\/wp-json\/wp\/v2\/media?parent=1418"}],"curies":[{"name":"wp","href":"https:\/\/api.w.org\/{rel}","templated":true}]}}