{"id":1098,"date":"2016-11-14T00:25:07","date_gmt":"2016-11-14T00:25:07","guid":{"rendered":"http:\/\/jg-dortmund.de\/?page_id=1098"},"modified":"2025-05-27T13:47:26","modified_gmt":"2025-05-27T11:47:26","slug":"startseite","status":"publish","type":"page","link":"https:\/\/jg-dortmund.de\/de\/","title":{"rendered":"Startseite"},"content":{"rendered":"<style type=\"text\/css\">\n\t\t#wptu-ticker-style-1 {border-color: #2096CD;}\n\t\t#wptu-ticker-style-1 .wptu-style-label {background-color: #2096CD;}\n\t\t#wptu-ticker-style-1 .wptu-style-label-title {color: #fff;}\n\t\t#wptu-ticker-style-1 .wptu-style-label > span {border-color: transparent transparent transparent #2096CD;}\n\t\t#wptu-ticker-style-1.wpos-direction-rtl .wptu-style-label > span {border-color: transparent #2096CD transparent transparent;}\n\t\t#wptu-ticker-style-1 .wptu-style-news a:hover {color: #2096CD;}\n\t\t#wptu-ticker-style-1 .wptu-style-news a {color: #3b8dbd;}\n\t<\/style>\n\n\t<div class=\"wptu-ticker-wrp wptu-news-ticker wpos-news-ticker wptu-clearfix wpos-bordernone \" id=\"wptu-ticker-style-1\" data-conf=\"{&quot;effect&quot;:&quot;fade&quot;,&quot;fontstyle&quot;:&quot;bold&quot;,&quot;autoplay&quot;:&quot;true&quot;,&quot;timer&quot;:4000,&quot;border&quot;:0}\">\n\n\t\t\t\t\t<div class=\"wpos-label wptu-style-label\">\n\t\t\t\t<div class=\"wptu-style-label-title\"> &gt;&gt; <\/div>\n\t\t\t\t<span><\/span>\n\t\t\t<\/div>\n\t\t\n\t\t<div class=\"wpos-controls wptu-style-controls\">\n\t\t\t<div class=\"wpos-icons wptu-arrows\">\n\t\t\t\t<span class=\"wpos-arrow wpos-prev\"><\/span>\n\t\t\t<\/div>\n\t\t\t<div class=\"wpos-icons wptu-arrows\">\n\t\t\t\t<span class=\"wpos-arrow wpos-next\"><\/span>\n\t\t\t<\/div>\n\t\t<\/div>\n\n\t\t<div class=\"wpos-news wptu-style-news\">\n\t\t\t<ul>\n\t\t\t\t\t\t\t\t\t<li>\n\t\t\t\t\t\t\t\t\t\t\t\t\t<a class=\"wptu-ticker-news wpos-ticker-news\" href=\"\/aufruf-an-die-dortmunder-jugend\" target=\"_self\">AUFRUF AN DIE DORTMUNDER JUGEND<\/a>\n\t\t\t\t\t\t\t\t\t\t\t<\/li>\n\t\t\t\t\t\t\t<\/ul>\n\t\t<\/div>\n\t<\/div>\n\n\t\n<style>.wpos-controls {display:none;}<\/style>\n<p>&nbsp;<\/p>\n<p>Herzlich Willkommen auf der Webseite der J\u00fcdischen Kultusgemeinde Gro\u00df-Dortmund!<\/p>\n<p>Unsere Gemeinde verf\u00fcgt \u00fcber ein sehr breites Angebotsspektrum \u2013 alle wichtigen Informationen \u00fcber das j\u00fcdische Leben in Dortmund und Hinweise dazu finden Sie hier.<\/p>\n<p>Erfahren Sie mehr \u00fcber die Dortmunder Gemeinde im Allgemeinen \u2013 von der Vergangenheit bis zur Gegenwart. \u00dcber die zahlreichen Angebote f\u00fcr alle Altersstufen, d. h. f\u00fcr Kinder und Jugendliche bis hin zu den Senioren. Wir informieren Sie \u00fcber kulturelle Angebote und allt\u00e4gliche Aktivit\u00e4ten.<\/p>\n<p>Erfahren Sie etwas \u00fcber den Aufbau, die sozialen Einrichtungen und nat\u00fcrlich \u00fcber das religi\u00f6se Leben unserer Gemeinde.<\/p>\n<p>&nbsp;<\/p>\n<p>&nbsp;<\/p>\n<p>&nbsp;<\/p>\n<p>&nbsp;<\/p>\n<p>&nbsp;","protected":false},"excerpt":{"rendered":"<p>&nbsp; Herzlich Willkommen auf der Webseite der J\u00fcdischen Kultusgemeinde Gro\u00df-Dortmund! Unsere Gemeinde verf\u00fcgt \u00fcber ein sehr breites Angebotsspektrum \u2013 alle wichtigen Informationen \u00fcber das j\u00fcdische Leben in Dortmund und Hinweise dazu finden Sie hier.&#46;&#46;&#46;<\/p>\n","protected":false},"author":1,"featured_media":0,"parent":0,"menu_order":0,"comment_status":"closed","ping_status":"closed","template":"","meta":{"ngg_post_thumbnail":0,"footnotes":""},"class_list":["post-1098","page","type-page","status-publish","hentry"],"yoast_head":"<!-- This site is optimized with the Yoast SEO plugin v27.4 - https:\/\/yoast.com\/product\/yoast-seo-wordpress\/ -->\n<title>Startseite - JKGD<\/title>\n<meta name=\"robots\" content=\"index, follow, max-snippet:-1, max-image-preview:large, max-video-preview:-1\" \/>\n<link rel=\"canonical\" href=\"https:\/\/jg-dortmund.de\/\" \/>\n<meta property=\"og:locale\" content=\"de_DE\" \/>\n<meta property=\"og:type\" content=\"article\" \/>\n<meta property=\"og:title\" content=\"[:de]Startseite[:ru]\u0413\u043b\u0430\u0432\u043d\u0430\u044f \u0441\u0442\u0440\u0430\u043d\u0438\u0446\u0430[:en]Homepage[:he]\u05e2\u05de\u05d5\u05d3 \u05e8\u05d0\u05e9\u05d9[:] - JKGD\" \/>\n<meta property=\"og:description\" content=\"&nbsp; Herzlich Willkommen auf der Webseite der J\u00fcdischen Kultusgemeinde Gro\u00df-Dortmund! Unsere Gemeinde verf\u00fcgt \u00fcber ein sehr breites Angebotsspektrum \u2013 alle wichtigen Informationen \u00fcber das j\u00fcdische Leben in Dortmund und Hinweise dazu finden Sie hier.&#046;&#046;&#046;\" \/>\n<meta property=\"og:url\" content=\"https:\/\/jg-dortmund.de\/\" \/>\n<meta property=\"og:site_name\" content=\"JKGD\" \/>\n<meta property=\"article:modified_time\" content=\"2025-05-27T11:47:26+00:00\" \/>\n<meta property=\"og:image\" content=\"https:\/\/jg-dortmund.de\/wp-content\/uploads\/2017\/09\/lechaim.png\" \/>\n<meta name=\"twitter:card\" content=\"summary_large_image\" \/>\n<meta name=\"twitter:label1\" content=\"Gesch\u00e4tzte Lesezeit\" \/>\n\t<meta name=\"twitter:data1\" content=\"2\u00a0Minuten\" \/>\n<script type=\"application\/ld+json\" class=\"yoast-schema-graph\">{\"@context\":\"https:\\\/\\\/schema.org\",\"@graph\":[{\"@type\":\"WebPage\",\"@id\":\"https:\\\/\\\/jg-dortmund.de\\\/\",\"url\":\"https:\\\/\\\/jg-dortmund.de\\\/\",\"name\":\"[:de]Startseite[:ru]\u0413\u043b\u0430\u0432\u043d\u0430\u044f \u0441\u0442\u0440\u0430\u043d\u0438\u0446\u0430[:en]Homepage[:he]\u05e2\u05de\u05d5\u05d3 \u05e8\u05d0\u05e9\u05d9[:] - JKGD\",\"isPartOf\":{\"@id\":\"https:\\\/\\\/jg-dortmund.de\\\/de\\\/#website\"},\"primaryImageOfPage\":{\"@id\":\"https:\\\/\\\/jg-dortmund.de\\\/#primaryimage\"},\"image\":{\"@id\":\"https:\\\/\\\/jg-dortmund.de\\\/#primaryimage\"},\"thumbnailUrl\":\"https:\\\/\\\/jg-dortmund.de\\\/wp-content\\\/uploads\\\/2017\\\/09\\\/lechaim.png\",\"datePublished\":\"2016-11-14T00:25:07+00:00\",\"dateModified\":\"2025-05-27T11:47:26+00:00\",\"breadcrumb\":{\"@id\":\"https:\\\/\\\/jg-dortmund.de\\\/#breadcrumb\"},\"inLanguage\":\"de\",\"potentialAction\":[{\"@type\":\"ReadAction\",\"target\":[\"https:\\\/\\\/jg-dortmund.de\\\/\"]}]},{\"@type\":\"ImageObject\",\"inLanguage\":\"de\",\"@id\":\"https:\\\/\\\/jg-dortmund.de\\\/#primaryimage\",\"url\":\"https:\\\/\\\/jg-dortmund.de\\\/wp-content\\\/uploads\\\/2017\\\/09\\\/lechaim.png\",\"contentUrl\":\"https:\\\/\\\/jg-dortmund.de\\\/wp-content\\\/uploads\\\/2017\\\/09\\\/lechaim.png\"},{\"@type\":\"BreadcrumbList\",\"@id\":\"https:\\\/\\\/jg-dortmund.de\\\/#breadcrumb\",\"itemListElement\":[{\"@type\":\"ListItem\",\"position\":1,\"name\":\"Startseite\",\"item\":\"https:\\\/\\\/jg-dortmund.de\\\/\"},{\"@type\":\"ListItem\",\"position\":2,\"name\":\"Startseite\"}]},{\"@type\":\"WebSite\",\"@id\":\"https:\\\/\\\/jg-dortmund.de\\\/de\\\/#website\",\"url\":\"https:\\\/\\\/jg-dortmund.de\\\/de\\\/\",\"name\":\"JKGD\",\"description\":\"J\u00fcdische Kultusgemeinde Gro\u00df-Dortmund K.d.\u00f6.R\",\"publisher\":{\"@id\":\"https:\\\/\\\/jg-dortmund.de\\\/de\\\/#organization\"},\"potentialAction\":[{\"@type\":\"SearchAction\",\"target\":{\"@type\":\"EntryPoint\",\"urlTemplate\":\"https:\\\/\\\/jg-dortmund.de\\\/de\\\/?s={search_term_string}\"},\"query-input\":{\"@type\":\"PropertyValueSpecification\",\"valueRequired\":true,\"valueName\":\"search_term_string\"}}],\"inLanguage\":\"de\"},{\"@type\":\"Organization\",\"@id\":\"https:\\\/\\\/jg-dortmund.de\\\/de\\\/#organization\",\"name\":\"JKGD\",\"url\":\"https:\\\/\\\/jg-dortmund.de\\\/de\\\/\",\"logo\":{\"@type\":\"ImageObject\",\"inLanguage\":\"de\",\"@id\":\"https:\\\/\\\/jg-dortmund.de\\\/de\\\/#\\\/schema\\\/logo\\\/image\\\/\",\"url\":\"\",\"contentUrl\":\"\",\"caption\":\"JKGD\"},\"image\":{\"@id\":\"https:\\\/\\\/jg-dortmund.de\\\/de\\\/#\\\/schema\\\/logo\\\/image\\\/\"}}]}<\/script>\n<!-- \/ Yoast SEO plugin. -->","yoast_head_json":{"title":"[:de]Startseite[:ru]\u0413\u043b\u0430\u0432\u043d\u0430\u044f \u0441\u0442\u0440\u0430\u043d\u0438\u0446\u0430[:en]Homepage[:he]\u05e2\u05de\u05d5\u05d3 \u05e8\u05d0\u05e9\u05d9[:] - JKGD","robots":{"index":"index","follow":"follow","max-snippet":"max-snippet:-1","max-image-preview":"max-image-preview:large","max-video-preview":"max-video-preview:-1"},"canonical":"https:\/\/jg-dortmund.de\/","og_locale":"de_DE","og_type":"article","og_title":"[:de]Startseite[:ru]\u0413\u043b\u0430\u0432\u043d\u0430\u044f \u0441\u0442\u0440\u0430\u043d\u0438\u0446\u0430[:en]Homepage[:he]\u05e2\u05de\u05d5\u05d3 \u05e8\u05d0\u05e9\u05d9[:] - JKGD","og_description":"&nbsp; Herzlich Willkommen auf der Webseite der J\u00fcdischen Kultusgemeinde Gro\u00df-Dortmund! Unsere Gemeinde verf\u00fcgt \u00fcber ein sehr breites Angebotsspektrum \u2013 alle wichtigen Informationen \u00fcber das j\u00fcdische Leben in Dortmund und Hinweise dazu finden Sie hier.&#46;&#46;&#46;","og_url":"https:\/\/jg-dortmund.de\/","og_site_name":"JKGD","article_modified_time":"2025-05-27T11:47:26+00:00","og_image":[{"url":"https:\/\/jg-dortmund.de\/wp-content\/uploads\/2017\/09\/lechaim.png","type":"","width":"","height":""}],"twitter_card":"summary_large_image","twitter_misc":{"Gesch\u00e4tzte Lesezeit":"2\u00a0Minuten"},"schema":{"@context":"https:\/\/schema.org","@graph":[{"@type":"WebPage","@id":"https:\/\/jg-dortmund.de\/","url":"https:\/\/jg-dortmund.de\/","name":"[:de]Startseite[:ru]\u0413\u043b\u0430\u0432\u043d\u0430\u044f \u0441\u0442\u0440\u0430\u043d\u0438\u0446\u0430[:en]Homepage[:he]\u05e2\u05de\u05d5\u05d3 \u05e8\u05d0\u05e9\u05d9[:] - JKGD","isPartOf":{"@id":"https:\/\/jg-dortmund.de\/de\/#website"},"primaryImageOfPage":{"@id":"https:\/\/jg-dortmund.de\/#primaryimage"},"image":{"@id":"https:\/\/jg-dortmund.de\/#primaryimage"},"thumbnailUrl":"https:\/\/jg-dortmund.de\/wp-content\/uploads\/2017\/09\/lechaim.png","datePublished":"2016-11-14T00:25:07+00:00","dateModified":"2025-05-27T11:47:26+00:00","breadcrumb":{"@id":"https:\/\/jg-dortmund.de\/#breadcrumb"},"inLanguage":"de","potentialAction":[{"@type":"ReadAction","target":["https:\/\/jg-dortmund.de\/"]}]},{"@type":"ImageObject","inLanguage":"de","@id":"https:\/\/jg-dortmund.de\/#primaryimage","url":"https:\/\/jg-dortmund.de\/wp-content\/uploads\/2017\/09\/lechaim.png","contentUrl":"https:\/\/jg-dortmund.de\/wp-content\/uploads\/2017\/09\/lechaim.png"},{"@type":"BreadcrumbList","@id":"https:\/\/jg-dortmund.de\/#breadcrumb","itemListElement":[{"@type":"ListItem","position":1,"name":"Startseite","item":"https:\/\/jg-dortmund.de\/"},{"@type":"ListItem","position":2,"name":"Startseite"}]},{"@type":"WebSite","@id":"https:\/\/jg-dortmund.de\/de\/#website","url":"https:\/\/jg-dortmund.de\/de\/","name":"JKGD","description":"J\u00fcdische Kultusgemeinde Gro\u00df-Dortmund K.d.\u00f6.R","publisher":{"@id":"https:\/\/jg-dortmund.de\/de\/#organization"},"potentialAction":[{"@type":"SearchAction","target":{"@type":"EntryPoint","urlTemplate":"https:\/\/jg-dortmund.de\/de\/?s={search_term_string}"},"query-input":{"@type":"PropertyValueSpecification","valueRequired":true,"valueName":"search_term_string"}}],"inLanguage":"de"},{"@type":"Organization","@id":"https:\/\/jg-dortmund.de\/de\/#organization","name":"JKGD","url":"https:\/\/jg-dortmund.de\/de\/","logo":{"@type":"ImageObject","inLanguage":"de","@id":"https:\/\/jg-dortmund.de\/de\/#\/schema\/logo\/image\/","url":"","contentUrl":"","caption":"JKGD"},"image":{"@id":"https:\/\/jg-dortmund.de\/de\/#\/schema\/logo\/image\/"}}]}},"_links":{"self":[{"href":"https:\/\/jg-dortmund.de\/de\/wp-json\/wp\/v2\/pages\/1098","targetHints":{"allow":["GET"]}}],"collection":[{"href":"https:\/\/jg-dortmund.de\/de\/wp-json\/wp\/v2\/pages"}],"about":[{"href":"https:\/\/jg-dortmund.de\/de\/wp-json\/wp\/v2\/types\/page"}],"author":[{"embeddable":true,"href":"https:\/\/jg-dortmund.de\/de\/wp-json\/wp\/v2\/users\/1"}],"replies":[{"embeddable":true,"href":"https:\/\/jg-dortmund.de\/de\/wp-json\/wp\/v2\/comments?post=1098"}],"version-history":[{"count":12,"href":"https:\/\/jg-dortmund.de\/de\/wp-json\/wp\/v2\/pages\/1098\/revisions"}],"predecessor-version":[{"id":3769,"href":"https:\/\/jg-dortmund.de\/de\/wp-json\/wp\/v2\/pages\/1098\/revisions\/3769"}],"wp:attachment":[{"href":"https:\/\/jg-dortmund.de\/de\/wp-json\/wp\/v2\/media?parent=1098"}],"curies":[{"name":"wp","href":"https:\/\/api.w.org\/{rel}","templated":true}]}}